{"id":689291,"date":"2025-08-27T13:10:54","date_gmt":"2025-08-27T10:10:54","guid":{"rendered":"https:\/\/roveyayinevi.com.tr\/index.php\/urun\/eski-mezopotamya-tarihi-baslangictan-perslere-kadar\/"},"modified":"2026-04-16T01:59:13","modified_gmt":"2026-04-15T22:59:13","slug":"eski-mezopotamya-tarihi-baslangictan-perslere-kadar","status":"publish","type":"product","link":"https:\/\/roveyayinevi.com.tr\/index.php\/urun\/eski-mezopotamya-tarihi-baslangictan-perslere-kadar\/","title":{"rendered":"Eski Mezopotamya Tarihi: Ba\u015flang\u0131\u00e7tan Perslere Kadar"},"content":{"rendered":"<p>Irmaklar aras\u0131ndaki \u00fclke anlam\u0131na gelen Mezopotamya\u2019da yarat\u0131lan k\u00fclt\u00fcr, do\u011fdu\u011fu topraklar\u0131n d\u0131\u015f\u0131nda \u00f6zellikle Do\u011fu Akdeniz, Suriye, Filistin, Arabistan Yar\u0131madas\u0131, \u0130ran ve Anadolu\u2019yu etkilemi\u015f ve b\u00f6lge hakl\u0131 olarak uygarl\u0131\u011f\u0131n be\u015fi\u011fi olarak nitelendirilmi\u015ftir. Mezopotamya uygarl\u0131\u011f\u0131, ilk kent devletleri, ilk krall\u0131klar ve ilk imparatorluklar\u0131n yan\u0131 s\u0131ra yerle\u015fim merkezleriyle belirginle\u015fen an\u0131tsal mimarisi (kral mezarlar\u0131, tap\u0131naklar, zigguratlar), boyal\u0131 seramik \u00fcr\u00fcnleri, yaz\u0131 sistemleri, yasalar\u0131 ve heykelcili\u011fiyle de ayr\u0131cala\u015farak \u00f6zg\u00fcn bir kimlik ve \u00fcslup yaratm\u0131\u015ft\u0131r. B\u00f6lgenin co\u011frafyas\u0131 temelinde ger\u00e7ekle\u015ftirilen arkeolojik \u00e7al\u0131\u015fmalar ve elde edilen buluntular \u00e7a\u011fda\u015f uygarl\u0131\u011f\u0131n Eski Mezopotamya\u2019ya ne denli bor\u00e7lu oldu\u011funu \u00e7ok a\u00e7\u0131k bi\u00e7imde sergiler. Arkeolog ve eski\u00e7a\u011f tarih\u00e7isi Do\u00e7ent Kemalettin K\u00f6ro\u011flu, bu ba\u011flamda bilgi edinmek isteyen okuyucu ve \u00f6\u011frencilerin beklentilerini dikkate alarak; S\u00fcmer, Akkad, Babil, Hurri-Mitani ve Assur gibi parlak uygarl\u0131klar\u0131n tarihini kronolojik bir s\u0131rayla ele al\u0131yor ve \u00e7al\u0131\u015fmas\u0131n\u0131 harita, \u00e7izim, desen ve foto\u011fraflarla destekleyerek derinle\u015ftiriyor.<\/p>\n","protected":false},"excerpt":{"rendered":"<p>Irmaklar aras\u0131ndaki \u00fclke anlam\u0131na gelen Mezopotamya\u2019da yarat\u0131lan k\u00fclt\u00fcr, do\u011fdu\u011fu topraklar\u0131n d\u0131\u015f\u0131nda \u00f6zellikle Do\u011fu Akdeniz, Suriye, Filistin, Arabistan Yar\u0131madas\u0131, \u0130ran ve Anadolu\u2019yu etkilemi\u015f ve b\u00f6lge hakl\u0131 olarak<span class=\"excerpt-hellip\"> [\u2026]<\/span><\/p>\n","protected":false},"featured_media":0,"template":"","meta":{"_monsterinsights_skip_tracking":false,"_monsterinsights_sitenote_active":false,"_monsterinsights_sitenote_note":"","_monsterinsights_sitenote_category":0},"product_brand":[],"product_cat":[12573,12566],"product_tag":[],"class_list":{"0":"post-689291","1":"product","2":"type-product","3":"status-publish","5":"product_cat-akademik-kitaplar","6":"product_cat-egitim","7":"pa_cilt-ciltsiz","8":"pa_tur-kitap","9":"pa_yayinevi-iletisim-yayinlari","10":"pa_yazar-kemalettin-koroglu","12":"first","13":"instock","14":"sale","15":"shipping-taxable","16":"purchasable","17":"product-type-simple"},"_links":{"self":[{"href":"https:\/\/roveyayinevi.com.tr\/index.php\/wp-json\/wp\/v2\/product\/689291","targetHints":{"allow":["GET"]}}],"collection":[{"href":"https:\/\/roveyayinevi.com.tr\/index.php\/wp-json\/wp\/v2\/product"}],"about":[{"href":"https:\/\/roveyayinevi.com.tr\/index.php\/wp-json\/wp\/v2\/types\/product"}],"wp:attachment":[{"href":"https:\/\/roveyayinevi.com.tr\/index.php\/wp-json\/wp\/v2\/media?parent=689291"}],"wp:term":[{"taxonomy":"product_brand","embeddable":true,"href":"https:\/\/roveyayinevi.com.tr\/index.php\/wp-json\/wp\/v2\/product_brand?post=689291"},{"taxonomy":"product_cat","embeddable":true,"href":"https:\/\/roveyayinevi.com.tr\/index.php\/wp-json\/wp\/v2\/product_cat?post=689291"},{"taxonomy":"product_tag","embeddable":true,"href":"https:\/\/roveyayinevi.com.tr\/index.php\/wp-json\/wp\/v2\/product_tag?post=689291"}],"curies":[{"name":"wp","href":"https:\/\/api.w.org\/{rel}","templated":true}]}}