{"id":689290,"date":"2025-08-27T13:10:54","date_gmt":"2025-08-27T10:10:54","guid":{"rendered":"https:\/\/roveyayinevi.com.tr\/index.php\/urun\/turkiyede-etnik-catisma-imparatorluktan-cumhuriyete\/"},"modified":"2026-04-16T01:59:13","modified_gmt":"2026-04-15T22:59:13","slug":"turkiyede-etnik-catisma-imparatorluktan-cumhuriyete","status":"publish","type":"product","link":"https:\/\/roveyayinevi.com.tr\/index.php\/urun\/turkiyede-etnik-catisma-imparatorluktan-cumhuriyete\/","title":{"rendered":"T\u00fcrkiye&#8217;de Etnik \u00c7at\u0131\u015fma: \u0130mparatorluktan Cumhuriyete"},"content":{"rendered":"<p>Osmanl\u0131 \u0130mparatorlu\u011fu\u2019nun son d\u00f6nemlerinde ve T\u00fcrkiye Cumhuriyeti\u2019nin ilk y\u0131llar\u0131nda n\u00fcfus kompozisyonunda de\u011fi\u015fikliklere yol a\u00e7an geli\u015fmeler, 1850-1950 aras\u0131nda Avrupa\u2019da g\u00f6r\u00fclen genel tabloya uygun d\u00fc\u015fmektedir. Milliyet\u00e7ilik bu d\u00f6nem boyunca demografi m\u00fchendisli\u011fini bi\u00e7imlendiren temel fakt\u00f6r olmu\u015ftur. Erik Jan Z\u00fcrcher\u2019in haz\u0131rlad\u0131\u011f\u0131 bu derleme, ulus in\u015fas\u0131 s\u00fcrecinde etnik politikalar\u0131n mant\u0131\u011f\u0131n\u0131 ve i\u015fleyi\u015fini g\u00f6steren makalelerden olu\u015fuyor. \u0130mparatorluktan Cumhuriyete T\u00fcrkiye\u2019de Etnik \u00c7at\u0131\u015fma, hem Osmanl\u0131 \u0130mparatorlu\u011fu\u2019nun son y\u0131llar\u0131na hem de T\u00fcrkiye Cumhuriyeti\u2019nin kurulu\u015funa etnik politikalar\u0131n ve etnik \u00e7at\u0131\u015fmalar\u0131n damgas\u0131n\u0131 vurdu\u011funu g\u00f6steriyor. Fikret Adan\u0131r\u2019\u0131n, Touraj Atabaki\u2019nin, Taner Ak\u00e7am\u2019\u0131n, Hilmar Kaiser\u2019in, Hamit Bozarslan\u2019\u0131n ve Nesim \u015eeker\u2019in makaleleri konuyu farkl\u0131 boyutlar\u0131yla ele al\u0131p inceliyor: Bulgaristan, Yunanistan ve T\u00fcrkiye aras\u0131ndaki n\u00fcfus m\u00fcbadeleleri; Kafkasya ve \u0130ran\u2019da Pant\u00fcrkist giri\u015fimlerin ve milliyet\u00e7i hareketlerin etkisi; Ermeni tehciri; K\u00fcrt sorunu; devlet politikalar\u0131n\u0131n rol\u00fc&#8230; Bak\u0131\u015f a\u00e7\u0131lar\u0131nda \u00f6nemli farkl\u0131l\u0131klar ta\u015f\u0131yan makaleler, T\u00fcrkiye\u2019nin deneyiminin benzersiz olmad\u0131\u011f\u0131n\u0131 g\u00f6stererek kar\u015f\u0131la\u015ft\u0131rmal\u0131 de\u011ferlendirmeler i\u00e7in zemin haz\u0131rl\u0131yor. G\u00fcn\u00fcm\u00fcz\u00fc de etkileyen bir tarihsel s\u00fcrece de\u011fi\u015fik perspektifler getiren bu kitab\u0131n ufuk a\u00e7\u0131c\u0131 tart\u0131\u015fmalar yarataca\u011f\u0131n\u0131 umuyoruz. <\/p>\n","protected":false},"excerpt":{"rendered":"<p>Osmanl\u0131 \u0130mparatorlu\u011fu\u2019nun son d\u00f6nemlerinde ve T\u00fcrkiye Cumhuriyeti\u2019nin ilk y\u0131llar\u0131nda n\u00fcfus kompozisyonunda de\u011fi\u015fikliklere yol a\u00e7an geli\u015fmeler, 1850-1950 aras\u0131nda Avrupa\u2019da g\u00f6r\u00fclen genel tabloya uygun d\u00fc\u015fmektedir. Milliyet\u00e7ilik bu d\u00f6nem<span class=\"excerpt-hellip\"> [\u2026]<\/span><\/p>\n","protected":false},"featured_media":0,"template":"","meta":{"_monsterinsights_skip_tracking":false,"_monsterinsights_sitenote_active":false,"_monsterinsights_sitenote_note":"","_monsterinsights_sitenote_category":0},"product_brand":[],"product_cat":[13656,12337],"product_tag":[],"class_list":{"0":"post-689290","1":"product","2":"type-product","3":"status-publish","5":"product_cat-azinliklar-etnik-sorunlar","6":"product_cat-politika-siyaset","7":"pa_cilt-ciltsiz","8":"pa_tur-kitap","9":"pa_yayinevi-iletisim-yayinlari","10":"pa_yazar-erik-jan-zurcher-der","12":"first","13":"instock","14":"sale","15":"shipping-taxable","16":"purchasable","17":"product-type-simple"},"_links":{"self":[{"href":"https:\/\/roveyayinevi.com.tr\/index.php\/wp-json\/wp\/v2\/product\/689290","targetHints":{"allow":["GET"]}}],"collection":[{"href":"https:\/\/roveyayinevi.com.tr\/index.php\/wp-json\/wp\/v2\/product"}],"about":[{"href":"https:\/\/roveyayinevi.com.tr\/index.php\/wp-json\/wp\/v2\/types\/product"}],"wp:attachment":[{"href":"https:\/\/roveyayinevi.com.tr\/index.php\/wp-json\/wp\/v2\/media?parent=689290"}],"wp:term":[{"taxonomy":"product_brand","embeddable":true,"href":"https:\/\/roveyayinevi.com.tr\/index.php\/wp-json\/wp\/v2\/product_brand?post=689290"},{"taxonomy":"product_cat","embeddable":true,"href":"https:\/\/roveyayinevi.com.tr\/index.php\/wp-json\/wp\/v2\/product_cat?post=689290"},{"taxonomy":"product_tag","embeddable":true,"href":"https:\/\/roveyayinevi.com.tr\/index.php\/wp-json\/wp\/v2\/product_tag?post=689290"}],"curies":[{"name":"wp","href":"https:\/\/api.w.org\/{rel}","templated":true}]}}