{"id":689288,"date":"2025-08-27T13:10:53","date_gmt":"2025-08-27T10:10:53","guid":{"rendered":"https:\/\/roveyayinevi.com.tr\/index.php\/urun\/ekonominin-turklestirilmesi-erken-cumhuriyet-doneminde\/"},"modified":"2026-04-16T01:59:13","modified_gmt":"2026-04-15T22:59:13","slug":"ekonominin-turklestirilmesi-erken-cumhuriyet-doneminde","status":"publish","type":"product","link":"https:\/\/roveyayinevi.com.tr\/index.php\/urun\/ekonominin-turklestirilmesi-erken-cumhuriyet-doneminde\/","title":{"rendered":"Ekonominin T\u00fcrkle\u015ftirilmesi: Erken Cumhuriyet D\u00f6neminde"},"content":{"rendered":"<p>Erken Cumhuriyet d\u00f6neminde iktisadi alan\u0131n milli olana a\u00e7\u0131lmas\u0131, yerli sermaye birikiminin sa\u011flanmas\u0131 ve i\u015f ya\u015fam\u0131n\u0131n homojenle\u015ftirilmesi gibi uygulamalar bug\u00fcne kadar birbirinden ayr\u0131 s\u00fcre\u00e7ler olarak ele al\u0131nd\u0131. Murat Koralt\u00fcrk, Ekonominin T\u00fcrkle\u015ftirilmesi\u2019nde milli iktisat ba\u015fl\u0131\u011f\u0131 alt\u0131nda ve yaln\u0131zca yeni ulus-devletin iktisaden g\u00fc\u00e7lenmesine y\u00f6nelik politikalar \u015feklinde tart\u0131\u015f\u0131lan bu s\u00fcre\u00e7leri bir b\u00fct\u00fcn olarak inceliyor. Sermayenin, i\u015fg\u00fcc\u00fcn\u00fcn ve mesleklerin T\u00fcrkle\u015ftirilmesine y\u00f6nelik giri\u015fim ve uygulamalar\u0131 \u00f6rneklerle ortaya koyarken, ekonominin T\u00fcrkle\u015ftirilmesine giden yolun nas\u0131l haz\u0131rlad\u0131\u011f\u0131n\u0131 kapsaml\u0131 bir bi\u00e7imde tart\u0131\u015f\u0131yor. Koralt\u00fcrk\u2019\u00fcn \u00e7al\u0131\u015fmas\u0131, bir yandan bug\u00fcne kadar Milli \u0130ktisat ba\u015fl\u0131\u011f\u0131 alt\u0131nda sanki yans\u0131z ve sadece yabanc\u0131lara kar\u015f\u0131 olarak uygulanm\u0131\u015f politikalar b\u00fct\u00fcn\u00fc olarak sunulan ekonomik ve politik tedbirlerin asl\u0131nda ne kadar y\u0131k\u0131c\u0131 ve \u015fiddet y\u00fckl\u00fc oldu\u011funu g\u00f6zler \u00f6n\u00fcne sermektedir. Yazar ilk bak\u0131\u015fta farkl\u0131 d\u00f6nemlerde uygulanan politikalar gibi sunulan T\u00fcrkle\u015ftirme politikalar\u0131n\u0131 bir b\u00fct\u00fcn olarak anlaml\u0131 k\u0131lacak i\u00e7 ba\u011flant\u0131lar\u0131 g\u00fcn y\u00fcz\u00fcne \u00e7\u0131karm\u0131\u015ft\u0131r. Ayr\u0131ca, yerel bas\u0131n\u0131n taranmas\u0131 sonucunda \u0130stanbul, \u0130zmir gibi b\u00fcy\u00fck kentlerin d\u0131\u015f\u0131nda, g\u00f6zden uzak baz\u0131 Anadolu kentlerinde ekonominin T\u00fcrkle\u015ftirilmesinin nas\u0131l hayata ge\u00e7ti\u011fini \u00f6\u011freniyoruz. Bu derlemenin akademik hayat\u0131m\u0131za en ciddi katk\u0131s\u0131 budur ve bu nedenle kal\u0131c\u0131 olaca\u011f\u0131n\u0131 tahmin ediyorum. -Ayhan Aktar- <\/p>\n","protected":false},"excerpt":{"rendered":"<p>Erken Cumhuriyet d\u00f6neminde iktisadi alan\u0131n milli olana a\u00e7\u0131lmas\u0131, yerli sermaye birikiminin sa\u011flanmas\u0131 ve i\u015f ya\u015fam\u0131n\u0131n homojenle\u015ftirilmesi gibi uygulamalar bug\u00fcne kadar birbirinden ayr\u0131 s\u00fcre\u00e7ler olarak ele al\u0131nd\u0131.<span class=\"excerpt-hellip\"> [\u2026]<\/span><\/p>\n","protected":false},"featured_media":0,"template":"","meta":{"_monsterinsights_skip_tracking":false,"_monsterinsights_sitenote_active":false,"_monsterinsights_sitenote_note":"","_monsterinsights_sitenote_category":0},"product_brand":[],"product_cat":[13656,12337],"product_tag":[],"class_list":{"0":"post-689288","1":"product","2":"type-product","3":"status-publish","5":"product_cat-azinliklar-etnik-sorunlar","6":"product_cat-politika-siyaset","7":"pa_cilt-ciltsiz","8":"pa_tur-kitap","9":"pa_yayinevi-iletisim-yayinlari","10":"pa_yazar-murat-koralturk","12":"first","13":"instock","14":"sale","15":"shipping-taxable","16":"purchasable","17":"product-type-simple"},"_links":{"self":[{"href":"https:\/\/roveyayinevi.com.tr\/index.php\/wp-json\/wp\/v2\/product\/689288","targetHints":{"allow":["GET"]}}],"collection":[{"href":"https:\/\/roveyayinevi.com.tr\/index.php\/wp-json\/wp\/v2\/product"}],"about":[{"href":"https:\/\/roveyayinevi.com.tr\/index.php\/wp-json\/wp\/v2\/types\/product"}],"wp:attachment":[{"href":"https:\/\/roveyayinevi.com.tr\/index.php\/wp-json\/wp\/v2\/media?parent=689288"}],"wp:term":[{"taxonomy":"product_brand","embeddable":true,"href":"https:\/\/roveyayinevi.com.tr\/index.php\/wp-json\/wp\/v2\/product_brand?post=689288"},{"taxonomy":"product_cat","embeddable":true,"href":"https:\/\/roveyayinevi.com.tr\/index.php\/wp-json\/wp\/v2\/product_cat?post=689288"},{"taxonomy":"product_tag","embeddable":true,"href":"https:\/\/roveyayinevi.com.tr\/index.php\/wp-json\/wp\/v2\/product_tag?post=689288"}],"curies":[{"name":"wp","href":"https:\/\/api.w.org\/{rel}","templated":true}]}}