{"id":689287,"date":"2025-08-27T13:10:53","date_gmt":"2025-08-27T10:10:53","guid":{"rendered":"https:\/\/roveyayinevi.com.tr\/index.php\/urun\/emegin-tevekkulu-konyada-isci-isveren-iliskileri-ve-dindarlik\/"},"modified":"2026-04-16T01:59:13","modified_gmt":"2026-04-15T22:59:13","slug":"emegin-tevekkulu-konyada-isci-isveren-iliskileri-ve-dindarlik","status":"publish","type":"product","link":"https:\/\/roveyayinevi.com.tr\/index.php\/urun\/emegin-tevekkulu-konyada-isci-isveren-iliskileri-ve-dindarlik\/","title":{"rendered":"Eme\u011fin Tevekk\u00fcl\u00fc: Konya&#8217;da \u0130\u015f\u00e7i-\u0130\u015fveren \u0130li\u015fkileri ve Dindarl\u0131k"},"content":{"rendered":"<p>Hepsi Allah\u2019tand\u0131r&#8230; i\u015fvereni zenginlikle s\u0131n\u0131yor i\u015fte. Onun s\u0131nav\u0131 o, benim s\u0131nav\u0131m bu, fakirlik&#8230; <\/p>\n","protected":false},"excerpt":{"rendered":"<p>Hepsi Allah\u2019tand\u0131r&#8230; i\u015fvereni zenginlikle s\u0131n\u0131yor i\u015fte. Onun s\u0131nav\u0131 o, benim s\u0131nav\u0131m bu, fakirlik&#8230;<\/p>\n","protected":false},"featured_media":0,"template":"","meta":{"_monsterinsights_skip_tracking":false,"_monsterinsights_sitenote_active":false,"_monsterinsights_sitenote_note":"","_monsterinsights_sitenote_category":0},"product_brand":[],"product_cat":[13278,12324],"product_tag":[],"class_list":{"0":"post-689287","1":"product","2":"type-product","3":"status-publish","5":"product_cat-sivil-toplum-kuruluslari","6":"product_cat-sosyoloji","7":"pa_cilt-ciltsiz","8":"pa_tur-kitap","9":"pa_yayinevi-iletisim-yayinlari","10":"pa_yazar-yasin-durak","12":"first","13":"instock","14":"sale","15":"shipping-taxable","16":"purchasable","17":"product-type-simple"},"_links":{"self":[{"href":"https:\/\/roveyayinevi.com.tr\/index.php\/wp-json\/wp\/v2\/product\/689287","targetHints":{"allow":["GET"]}}],"collection":[{"href":"https:\/\/roveyayinevi.com.tr\/index.php\/wp-json\/wp\/v2\/product"}],"about":[{"href":"https:\/\/roveyayinevi.com.tr\/index.php\/wp-json\/wp\/v2\/types\/product"}],"wp:attachment":[{"href":"https:\/\/roveyayinevi.com.tr\/index.php\/wp-json\/wp\/v2\/media?parent=689287"}],"wp:term":[{"taxonomy":"product_brand","embeddable":true,"href":"https:\/\/roveyayinevi.com.tr\/index.php\/wp-json\/wp\/v2\/product_brand?post=689287"},{"taxonomy":"product_cat","embeddable":true,"href":"https:\/\/roveyayinevi.com.tr\/index.php\/wp-json\/wp\/v2\/product_cat?post=689287"},{"taxonomy":"product_tag","embeddable":true,"href":"https:\/\/roveyayinevi.com.tr\/index.php\/wp-json\/wp\/v2\/product_tag?post=689287"}],"curies":[{"name":"wp","href":"https:\/\/api.w.org\/{rel}","templated":true}]}}