{"id":689286,"date":"2025-08-27T13:10:53","date_gmt":"2025-08-27T10:10:53","guid":{"rendered":"https:\/\/roveyayinevi.com.tr\/index.php\/urun\/sehir-orta-sinif-ve-kurtler-inkardan-taniyarak-dislamaya\/"},"modified":"2026-04-16T01:59:13","modified_gmt":"2026-04-15T22:59:13","slug":"sehir-orta-sinif-ve-kurtler-inkardan-taniyarak-dislamaya","status":"publish","type":"product","link":"https:\/\/roveyayinevi.com.tr\/index.php\/urun\/sehir-orta-sinif-ve-kurtler-inkardan-taniyarak-dislamaya\/","title":{"rendered":"\u015eehir, Orta S\u0131n\u0131f ve K\u00fcrtler: \u0130nkar&#8217;dan Tan\u0131yarak D\u0131\u015flamaya"},"content":{"rendered":"<p>2011 T\u00fcrk Sosyal Bilimler Derne\u011fi Behice Boran Sosyal Bilimler \u00d6d\u00fcl\u00fc \u201cG\u00f6\u00e7 y\u00fcz\u00fcnden soka\u011fa \u00e7\u0131kamaz olduk. Bizim gen\u00e7li\u011fimizde Do\u011fulu hissederdim ben kendimi, Orta Anadolulu olmama ra\u011fmen. O zaman Do\u011fu insan\u0131 mertti, d\u00fcr\u00fcstt\u00fc. \u0130\u015fte i\u015f\u00e7i olmaya gelirlerdi buralarda fabrikalarda. Ekmeklerini ta\u015ftan \u00e7\u0131kar\u0131yorlard\u0131. Onlar sap\u0131na kadar adamd\u0131 ger\u00e7ekten de. \u015eimdi kalmad\u0131 onlar. Hepsi bozuldu. \u015eimdi \u0130zmir\u2019e bir bak: Nerede mafya varsa K\u00fcrt, yankesici K\u00fcrt, pezevengi K\u00fcrt, kapka\u00e7\u00e7\u0131 K\u00fcrt.\u201d Cenk Sara\u00e7o\u011flu\u2019nun elinizdeki \u00e7al\u0131\u015fmas\u0131 i\u00e7in yapt\u0131\u011f\u0131 bir m\u00fclakattan, bu s\u00f6zler. Benzer yak\u0131nmalara, g\u00fcndelik hayatta, kentli orta s\u0131n\u0131flar aras\u0131nda s\u0131k\u00e7a rastlan\u0131yor. G\u00f6\u00e7menlerin, \u00f6zellikle K\u00fcrtlerin, sosyal hayat\u0131 bozdu\u011funa ve ge\u00e7im olanaklar\u0131n\u0131 daraltt\u0131\u011f\u0131na dair alg\u0131, T\u00fcrkiye\u2019nin kentlerinde hayli yayg\u0131nd\u0131r. Sara\u00e7o\u011flu, K\u00fcrtlere y\u00f6nelik bu alg\u0131n\u0131n temelinde, sadece do\u011frudan do\u011fruya milliyet\u00e7i ideolojinin etkilerinin de\u011fil, orta s\u0131n\u0131flar\u0131n yoksulla\u015fmas\u0131n\u0131n ve tutunum kayb\u0131n\u0131n yatt\u0131\u011f\u0131n\u0131 g\u00f6steriyor. As\u0131l \u00f6nemlisi, g\u00fcndelik\/pop\u00fcler milliyet\u00e7ili\u011fin K\u00fcrt alg\u0131s\u0131nda \u00f6nemli bir d\u00f6n\u00fc\u015f\u00fcm\u00fcn vuku bulmas\u0131d\u0131r. \u0130nk\u00e2r\u0131n yerini, \u201ctan\u0131yarak d\u0131\u015flama\u201d al\u0131yor: K\u00fcrt kimli\u011fini tan\u0131yan, fakat onu kli\u015fele\u015ftirerek karalayan bir ayr\u0131mc\u0131l\u0131k s\u00f6ylemi&#8230; Cenk Sara\u00e7o\u011flu, \u201ctan\u0131yarak d\u0131\u015flama\u201dy\u0131, resm\u00ee T\u00fcrk milliyet\u00e7ili\u011finin K\u00fcrt sorunundaki ink\u00e2r politikas\u0131n\u0131n ge\u00e7ersizle\u015fmesiyle ortaya \u00e7\u0131kan bir reaksiyon olarak ele al\u0131yor&#8230; Ve \u0130zmir \u00f6rne\u011finde, \u201ctan\u0131yarak d\u0131\u015flama\u201d s\u00f6yleminin \u00f6zg\u00fcl bir kentsel d\u00f6n\u00fc\u015f\u00fcm dinami\u011fi ve s\u0131n\u0131fsal-toplumsal ba\u011flam i\u00e7indeki olu\u015fumunu inceliyor. <\/p>\n","protected":false},"excerpt":{"rendered":"<p>2011 T\u00fcrk Sosyal Bilimler Derne\u011fi Behice Boran Sosyal Bilimler \u00d6d\u00fcl\u00fc \u201cG\u00f6\u00e7 y\u00fcz\u00fcnden soka\u011fa \u00e7\u0131kamaz olduk. Bizim gen\u00e7li\u011fimizde Do\u011fulu hissederdim ben kendimi, Orta Anadolulu olmama ra\u011fmen. O<span class=\"excerpt-hellip\"> [\u2026]<\/span><\/p>\n","protected":false},"featured_media":0,"template":"","meta":{"_monsterinsights_skip_tracking":false,"_monsterinsights_sitenote_active":false,"_monsterinsights_sitenote_note":"","_monsterinsights_sitenote_category":0},"product_brand":[],"product_cat":[12312,12304],"product_tag":[],"class_list":{"0":"post-689286","1":"product","2":"type-product","3":"status-publish","5":"product_cat-diger","6":"product_cat-tarih","7":"pa_cilt-ciltsiz","8":"pa_tur-kitap","9":"pa_yayinevi-iletisim-yayinlari","10":"pa_yazar-cenk-saracoglu","12":"first","13":"instock","14":"sale","15":"shipping-taxable","16":"purchasable","17":"product-type-simple"},"_links":{"self":[{"href":"https:\/\/roveyayinevi.com.tr\/index.php\/wp-json\/wp\/v2\/product\/689286","targetHints":{"allow":["GET"]}}],"collection":[{"href":"https:\/\/roveyayinevi.com.tr\/index.php\/wp-json\/wp\/v2\/product"}],"about":[{"href":"https:\/\/roveyayinevi.com.tr\/index.php\/wp-json\/wp\/v2\/types\/product"}],"wp:attachment":[{"href":"https:\/\/roveyayinevi.com.tr\/index.php\/wp-json\/wp\/v2\/media?parent=689286"}],"wp:term":[{"taxonomy":"product_brand","embeddable":true,"href":"https:\/\/roveyayinevi.com.tr\/index.php\/wp-json\/wp\/v2\/product_brand?post=689286"},{"taxonomy":"product_cat","embeddable":true,"href":"https:\/\/roveyayinevi.com.tr\/index.php\/wp-json\/wp\/v2\/product_cat?post=689286"},{"taxonomy":"product_tag","embeddable":true,"href":"https:\/\/roveyayinevi.com.tr\/index.php\/wp-json\/wp\/v2\/product_tag?post=689286"}],"curies":[{"name":"wp","href":"https:\/\/api.w.org\/{rel}","templated":true}]}}