{"id":689284,"date":"2025-08-27T13:10:53","date_gmt":"2025-08-27T10:10:53","guid":{"rendered":"https:\/\/roveyayinevi.com.tr\/index.php\/urun\/suc-ve-ceza\/"},"modified":"2026-04-16T01:59:13","modified_gmt":"2026-04-15T22:59:13","slug":"suc-ve-ceza","status":"publish","type":"product","link":"https:\/\/roveyayinevi.com.tr\/index.php\/urun\/suc-ve-ceza\/","title":{"rendered":"Su\u00e7 ve Ceza"},"content":{"rendered":"<p>Ergin Altay \u00e7evirisi, Murat Belge&#8217;nin \u00f6ns\u00f6z\u00fc, Philip Rahv&#8217;\u0131n sons\u00f6z\u00fc, Yazar ve d\u00f6nem kronolojisi, Kitaba dair g\u00f6rsellerle. D\u00fc\u015ft\u00fc\u011f\u00fc yoksulluk \u00e7\u0131kmaz\u0131nda toplum kurallar\u0131n\u0131n ba\u011f\u0131ndan kurtuldu\u011funa inanan bir gencin hik\u00e2yesini anlatan Su\u00e7 ve Ceza ahl\u00e2k\u0131n anlam\u0131n\u0131 sorgular. Dostoyevski\u2019nin yaz\u0131n hayat\u0131n\u0131n olgunluk d\u00f6neminde kaleme ald\u0131\u011f\u0131 Su\u00e7 ve Ceza, Raskolnikov adl\u0131 gencin ahl\u00e2ki hesapla\u015fmas\u0131 \u00fczerinde y\u00fckselir: Raskolnikov \u00f6ld\u00fcrmeyi planlad\u0131\u011f\u0131 tefeciden ald\u0131\u011f\u0131 paray\u0131 hay\u0131rl\u0131 bir ama\u00e7 i\u00e7in kullan\u0131rsa, i\u015fledi\u011fi su\u00e7un do\u011fas\u0131n\u0131 kal\u0131c\u0131 bi\u00e7imde de\u011fi\u015ftirebilir mi? H\u0131rs\u0131zl\u0131k ve cinayet gibi su\u00e7lar, \u201cy\u00fcce ama\u00e7\u201dlarla i\u015flenmesi durumunda cezas\u0131z kalabilir ve vicdan\u0131n y\u00fck\u00fcnden kurtulabilir mi? Dostoyevski\u2019nin en \u00e7ok okunan roman\u0131 olan Su\u00e7 ve Ceza, yay\u0131mland\u0131\u011f\u0131 g\u00fcnden bu yana insan ideallerini ahl\u00e2ki ve felsefi sorularla s\u0131namaya devam ediyor. \u201cA\u015fk\u0131 ilk defa ya\u015famak gibi, denizi ilk defa g\u00f6rmek gibi, Dostoyevski\u2019yi ke\u015ffetmek de insan\u0131n hayat\u0131nda \u00f6nemli bir tarihtir.\u201d JORGE LUIS BORGES \u201c\u0130nsano\u011flunun kurtar\u0131c\u0131s\u0131 olabilirdi. O, gardiyan\u0131 olmay\u0131 se\u00e7ti.\u201d SIGMUND FREUD<\/p>\n","protected":false},"excerpt":{"rendered":"<p>Ergin Altay \u00e7evirisi, Murat Belge&#8217;nin \u00f6ns\u00f6z\u00fc, Philip Rahv&#8217;\u0131n sons\u00f6z\u00fc, Yazar ve d\u00f6nem kronolojisi, Kitaba dair g\u00f6rsellerle. D\u00fc\u015ft\u00fc\u011f\u00fc yoksulluk \u00e7\u0131kmaz\u0131nda toplum kurallar\u0131n\u0131n ba\u011f\u0131ndan kurtuldu\u011funa inanan bir gencin<span class=\"excerpt-hellip\"> [\u2026]<\/span><\/p>\n","protected":false},"featured_media":0,"template":"","meta":{"_monsterinsights_skip_tracking":false,"_monsterinsights_sitenote_active":false,"_monsterinsights_sitenote_note":"","_monsterinsights_sitenote_category":0},"product_brand":[],"product_cat":[12291,13570],"product_tag":[],"class_list":{"0":"post-689284","1":"product","2":"type-product","3":"status-publish","5":"product_cat-edebiyat","6":"product_cat-rus-edebiyati","7":"pa_cilt-ciltsiz","8":"pa_tur-kitap","9":"pa_yayinevi-iletisim-yayinlari","10":"pa_yazar-fyodor-mihaylovic-dostoyevski","12":"first","13":"instock","14":"sale","15":"shipping-taxable","16":"purchasable","17":"product-type-simple"},"_links":{"self":[{"href":"https:\/\/roveyayinevi.com.tr\/index.php\/wp-json\/wp\/v2\/product\/689284","targetHints":{"allow":["GET"]}}],"collection":[{"href":"https:\/\/roveyayinevi.com.tr\/index.php\/wp-json\/wp\/v2\/product"}],"about":[{"href":"https:\/\/roveyayinevi.com.tr\/index.php\/wp-json\/wp\/v2\/types\/product"}],"wp:attachment":[{"href":"https:\/\/roveyayinevi.com.tr\/index.php\/wp-json\/wp\/v2\/media?parent=689284"}],"wp:term":[{"taxonomy":"product_brand","embeddable":true,"href":"https:\/\/roveyayinevi.com.tr\/index.php\/wp-json\/wp\/v2\/product_brand?post=689284"},{"taxonomy":"product_cat","embeddable":true,"href":"https:\/\/roveyayinevi.com.tr\/index.php\/wp-json\/wp\/v2\/product_cat?post=689284"},{"taxonomy":"product_tag","embeddable":true,"href":"https:\/\/roveyayinevi.com.tr\/index.php\/wp-json\/wp\/v2\/product_tag?post=689284"}],"curies":[{"name":"wp","href":"https:\/\/api.w.org\/{rel}","templated":true}]}}