{"id":689283,"date":"2025-08-27T13:10:53","date_gmt":"2025-08-27T10:10:53","guid":{"rendered":"https:\/\/roveyayinevi.com.tr\/index.php\/urun\/micheal-bakunin\/"},"modified":"2026-04-16T01:59:13","modified_gmt":"2026-04-15T22:59:13","slug":"micheal-bakunin","status":"publish","type":"product","link":"https:\/\/roveyayinevi.com.tr\/index.php\/urun\/micheal-bakunin\/","title":{"rendered":"Micheal Bakunin"},"content":{"rendered":"<p>Bakunin, \u00f6mr\u00fc boyunca bor\u00e7 i\u00e7inde ya\u015fad\u0131. Devrimin ve de\u011fi\u015fimin yan\u0131 ba\u015f\u0131nda olmak istedi. Daima heyecanl\u0131yd\u0131; iyi bir hatip ve ikna edici bir eylem adam\u0131yd\u0131. Pek \u00e7ok \u00fclkede istenmeyen adam ilan edilmi\u015fti. Bir \u00e7ocuk kadar hayalperestti; her tan\u0131\u015ft\u0131\u011f\u0131 insan\u0131, \u00e7o\u011fu asla var olmam\u0131\u015f gizli \u00f6rg\u00fctlerine dahil etmek i\u00e7in dil d\u00f6k\u00fcyordu. S\u00fcrg\u00fcnd\u00fc, s\u00fcrekli takip edildi. Bifte\u011fe bay\u0131l\u0131yordu, t\u00fct\u00fcn tiryakisiydi, ne\u015feli kahkahalar atarak otoriteye k\u00fcfrediyordu. T\u00fcrl\u00fc hayal k\u0131r\u0131kl\u0131klar\u0131na ra\u011fmen y\u0131lm\u0131yor, devrimin ve hayat\u0131n ba\u015f akt\u00f6r\u00fc olmay\u0131 arzuluyordu. Say\u0131s\u0131z yalan s\u00f6yledi, \u00e7o\u011funa inand\u0131. Binlerce mektup yazd\u0131, t\u00fcm Avrupa\u2019y\u0131 dola\u015ft\u0131. Yazmaya ba\u015flad\u0131\u011f\u0131 kitap ve bro\u015f\u00fcrlerinin pek \u00e7o\u011funu \u00f6fkelenip yar\u0131da b\u0131rakt\u0131. Bakunin, insanl\u0131k tarihinin en ilgin\u00e7 eylemcilerinden ve anar\u015fizmin sembollerinden biri olarak \u00f6ld\u00fc. Rus ve Sovyet tarihi uzman\u0131, \u00fcnl\u00fc ara\u015ft\u0131rmac\u0131 Edward Hallett Carr\u2019\u0131n kaleminden benzersiz bir Bakunin portresi&#8230; Devlete d\u00fc\u015fmanl\u0131\u011f\u0131 bireysel insan do\u011fas\u0131na inanc\u0131ndan geliyordu. Otorite uygulamak yozla\u015ft\u0131r\u0131r, otoriteye boyun e\u011fmek al\u00e7alt\u0131r, diyordu. Her devlet, t\u0131pk\u0131 her teoloji gibi insan\u0131 temelde k\u00f6t\u00fc ve g\u00fcnahk\u00e2r sayar d\u00fc\u015f\u00fcncesine dayanarak devleti insanl\u0131\u011f\u0131n en a\u00e7\u0131k, en sinik, en eksiksiz ink\u00e2r\u0131 olarak g\u00f6r\u00fcyordu. Edward Hallett Carr \ufffcTan\u0131t\u0131m Metni<\/p>\n","protected":false},"excerpt":{"rendered":"<p>Bakunin, \u00f6mr\u00fc boyunca bor\u00e7 i\u00e7inde ya\u015fad\u0131. Devrimin ve de\u011fi\u015fimin yan\u0131 ba\u015f\u0131nda olmak istedi. Daima heyecanl\u0131yd\u0131; iyi bir hatip ve ikna edici bir eylem adam\u0131yd\u0131. Pek \u00e7ok<span class=\"excerpt-hellip\"> [\u2026]<\/span><\/p>\n","protected":false},"featured_media":0,"template":"","meta":{"_monsterinsights_skip_tracking":false,"_monsterinsights_sitenote_active":false,"_monsterinsights_sitenote_note":"","_monsterinsights_sitenote_category":0},"product_brand":[],"product_cat":[13946,12304],"product_tag":[],"class_list":{"0":"post-689283","1":"product","2":"type-product","3":"status-publish","5":"product_cat-biyografi-otobiyografi","6":"product_cat-tarih","7":"pa_cilt-ciltsiz","8":"pa_tur-kitap","9":"pa_yayinevi-iletisim-yayinlari","10":"pa_yazar-edward-hallett-carr","12":"first","13":"instock","14":"sale","15":"shipping-taxable","16":"purchasable","17":"product-type-simple"},"_links":{"self":[{"href":"https:\/\/roveyayinevi.com.tr\/index.php\/wp-json\/wp\/v2\/product\/689283","targetHints":{"allow":["GET"]}}],"collection":[{"href":"https:\/\/roveyayinevi.com.tr\/index.php\/wp-json\/wp\/v2\/product"}],"about":[{"href":"https:\/\/roveyayinevi.com.tr\/index.php\/wp-json\/wp\/v2\/types\/product"}],"wp:attachment":[{"href":"https:\/\/roveyayinevi.com.tr\/index.php\/wp-json\/wp\/v2\/media?parent=689283"}],"wp:term":[{"taxonomy":"product_brand","embeddable":true,"href":"https:\/\/roveyayinevi.com.tr\/index.php\/wp-json\/wp\/v2\/product_brand?post=689283"},{"taxonomy":"product_cat","embeddable":true,"href":"https:\/\/roveyayinevi.com.tr\/index.php\/wp-json\/wp\/v2\/product_cat?post=689283"},{"taxonomy":"product_tag","embeddable":true,"href":"https:\/\/roveyayinevi.com.tr\/index.php\/wp-json\/wp\/v2\/product_tag?post=689283"}],"curies":[{"name":"wp","href":"https:\/\/api.w.org\/{rel}","templated":true}]}}