{"id":689282,"date":"2025-08-27T13:10:52","date_gmt":"2025-08-27T10:10:52","guid":{"rendered":"https:\/\/roveyayinevi.com.tr\/index.php\/urun\/saint-simon-ilk-sosyolog-ilk-sosyalist\/"},"modified":"2026-04-16T01:59:13","modified_gmt":"2026-04-15T22:59:13","slug":"saint-simon-ilk-sosyolog-ilk-sosyalist","status":"publish","type":"product","link":"https:\/\/roveyayinevi.com.tr\/index.php\/urun\/saint-simon-ilk-sosyolog-ilk-sosyalist\/","title":{"rendered":"Saint Simon: \u0130lk Sosyolog, \u0130lk Sosyalist"},"content":{"rendered":"<p>\u201c\u0130stikbal hakk\u0131nda derin d\u00fc\u015f\u00fcnceleri olan, cemiyeti inceleyen ve incelemelerine r\u00fcyalar\u0131n\u0131 da katan insanlar\u201d: 19. y\u00fczy\u0131l\u0131n ilk yar\u0131s\u0131n\u0131n \u00fctopik sosyalizmini savunanlar&#8230; \u201cGen\u00e7\u201d Cemil Meri\u00e7\u2019in sosyalist penceresinden Marx\u2019a ilham veren sosyolog Saint-Simon: Yaln\u0131zca sosyalizm \u00e7\u0131\u011fr\u0131n\u0131 a\u00e7anlardan biri de\u011fil, ayn\u0131 zamanda \u201cbilgi sosyolojisine ayd\u0131nl\u0131k getiren adam&#8230;\u201d<\/p>\n","protected":false},"excerpt":{"rendered":"<p>\u201c\u0130stikbal hakk\u0131nda derin d\u00fc\u015f\u00fcnceleri olan, cemiyeti inceleyen ve incelemelerine r\u00fcyalar\u0131n\u0131 da katan insanlar\u201d: 19. y\u00fczy\u0131l\u0131n ilk yar\u0131s\u0131n\u0131n \u00fctopik sosyalizmini savunanlar&#8230; \u201cGen\u00e7\u201d Cemil Meri\u00e7\u2019in sosyalist penceresinden Marx\u2019a<span class=\"excerpt-hellip\"> [\u2026]<\/span><\/p>\n","protected":false},"featured_media":0,"template":"","meta":{"_monsterinsights_skip_tracking":false,"_monsterinsights_sitenote_active":false,"_monsterinsights_sitenote_note":"","_monsterinsights_sitenote_category":0},"product_brand":[],"product_cat":[13633,12324],"product_tag":[],"class_list":{"0":"post-689282","1":"product","2":"type-product","3":"status-publish","5":"product_cat-kultur-ve-bilim","6":"product_cat-sosyoloji","7":"pa_cilt-ciltsiz","8":"pa_tur-kitap","9":"pa_yayinevi-iletisim-yayinlari","10":"pa_yazar-cemil-meric","12":"first","13":"instock","14":"sale","15":"shipping-taxable","16":"purchasable","17":"product-type-simple"},"_links":{"self":[{"href":"https:\/\/roveyayinevi.com.tr\/index.php\/wp-json\/wp\/v2\/product\/689282","targetHints":{"allow":["GET"]}}],"collection":[{"href":"https:\/\/roveyayinevi.com.tr\/index.php\/wp-json\/wp\/v2\/product"}],"about":[{"href":"https:\/\/roveyayinevi.com.tr\/index.php\/wp-json\/wp\/v2\/types\/product"}],"wp:attachment":[{"href":"https:\/\/roveyayinevi.com.tr\/index.php\/wp-json\/wp\/v2\/media?parent=689282"}],"wp:term":[{"taxonomy":"product_brand","embeddable":true,"href":"https:\/\/roveyayinevi.com.tr\/index.php\/wp-json\/wp\/v2\/product_brand?post=689282"},{"taxonomy":"product_cat","embeddable":true,"href":"https:\/\/roveyayinevi.com.tr\/index.php\/wp-json\/wp\/v2\/product_cat?post=689282"},{"taxonomy":"product_tag","embeddable":true,"href":"https:\/\/roveyayinevi.com.tr\/index.php\/wp-json\/wp\/v2\/product_tag?post=689282"}],"curies":[{"name":"wp","href":"https:\/\/api.w.org\/{rel}","templated":true}]}}