{"id":689280,"date":"2025-08-27T13:10:52","date_gmt":"2025-08-27T10:10:52","guid":{"rendered":"https:\/\/roveyayinevi.com.tr\/index.php\/urun\/turkiye-sen-kimsin-ucmakdere-yazilari-1\/"},"modified":"2025-12-30T09:35:32","modified_gmt":"2025-12-30T06:35:32","slug":"turkiye-sen-kimsin-ucmakdere-yazilari-1","status":"publish","type":"product","link":"https:\/\/roveyayinevi.com.tr\/index.php\/urun\/turkiye-sen-kimsin-ucmakdere-yazilari-1\/","title":{"rendered":"T\u00fcrkiye Sen Kimsin?: U\u00e7makdere Yaz\u0131lar\u0131 1"},"content":{"rendered":"<p>T\u00fcrkiye, Bat\u0131\u2019ya ba\u011f\u0131ml\u0131l\u0131\u011f\u0131nda, edilgenli\u011finde, a\u015fa\u011f\u0131l\u0131k kompleksinde, ba\u015fka bir\u00e7ok \u00fclkeden farkl\u0131 de\u011fil. Fark\u0131, i\u00e7 \u00e7eki\u015fmelerinden kurtulup evrensel de\u011ferlerin benimsenmesinde d\u00fcnyaya \u00f6nc\u00fcl\u00fck etmesi olabilir. Yeni olu\u015fan dengeler a\u00e7\u0131s\u0131ndan kritik ve belirsiz bir noktaday\u0131z. T\u00fcrkiye\u2019yi Rusya, \u00c7in ya da \u0130sl\u00e2m cephesinde g\u00f6rmek isteyenler de var, Vatikan\u2019\u0131n yolda\u015fl\u0131k yapt\u0131\u011f\u0131 Avrupa-ABD cephesinde g\u00f6rmek isteyen de. Ben ne T\u00fcrkiye\u2019yi ne de kendimi, bu cephele\u015fmenin taraflar\u0131ndan biri olarak g\u00f6rmek istiyorum; ne de iki ipte oynayan cambaz olmas\u0131n\u0131&#8230; Kurulmakta olan ittifaklar, bizi d\u00fcnyal\u0131 olmaktan, d\u00fcnyan\u0131n kar\u015f\u0131 kar\u015f\u0131ya oldu\u011fu sorunlarla u\u011fra\u015fmaktan al\u0131koyuyor. Hele yeni ku\u015faklar, tarihten hortlat\u0131lan din\u00ee \u00e7at\u0131\u015fmalar\u0131n ne taraf\u0131 ne de kurban\u0131 olmay\u0131 istiyorlar. Ne var ki, me\u015fruiyeti \u00e7\u00f6km\u00fc\u015f bir d\u00fcnya d\u00fczeninin getirdi\u011fi a\u00e7l\u0131k, sefalet ve adaletsizlik, \u00e7at\u0131\u015fmalarda saf tutsunlar diye nice genci provoke edenlerin i\u015fini kolayla\u015ft\u0131r\u0131yor. Ge\u00e7mi\u015fin tecr\u00fcbesi ad\u0131na, ge\u00e7mi\u015fin hatalar\u0131n\u0131 \u00e7ok tekrarlad\u0131k. Av\u0131, tar\u0131m\u0131, teknolojiyi hep ya\u015fl\u0131lar aktard\u0131 gen\u00e7lere. Oysa bug\u00fcn, t\u00fcr\u00fcm\u00fcz\u00fcn tarihinde ilk kez, ya\u015fl\u0131lar gen\u00e7lerden \u00f6\u011frenmenin arifesinde. \u201cG\u00fcnd\u00fcz Vassaf d\u00fc\u015f g\u00fcc\u00fcn\u00fcn avukat\u0131, d\u00fcz yaz\u0131m\u0131z\u0131n en \u00f6zg\u00fcr ruhlu kalemi&#8230;\u201d ORHAN PAMUK<\/p>\n","protected":false},"excerpt":{"rendered":"<p>T\u00fcrkiye, Bat\u0131\u2019ya ba\u011f\u0131ml\u0131l\u0131\u011f\u0131nda, edilgenli\u011finde, a\u015fa\u011f\u0131l\u0131k kompleksinde, ba\u015fka bir\u00e7ok \u00fclkeden farkl\u0131 de\u011fil. Fark\u0131, i\u00e7 \u00e7eki\u015fmelerinden kurtulup evrensel de\u011ferlerin benimsenmesinde d\u00fcnyaya \u00f6nc\u00fcl\u00fck etmesi olabilir. Yeni olu\u015fan dengeler a\u00e7\u0131s\u0131ndan<span class=\"excerpt-hellip\"> [\u2026]<\/span><\/p>\n","protected":false},"featured_media":0,"template":"","meta":{"_monsterinsights_skip_tracking":false,"_monsterinsights_sitenote_active":false,"_monsterinsights_sitenote_note":"","_monsterinsights_sitenote_category":0},"product_brand":[],"product_cat":[12777,12291],"product_tag":[],"class_list":{"0":"post-689280","1":"product","2":"type-product","3":"status-publish","5":"product_cat-deneme","6":"product_cat-edebiyat","7":"pa_cilt-ciltsiz","8":"pa_tur-kitap","9":"pa_yayinevi-iletisim-yayinlari","10":"pa_yazar-gunduz-vassaf","12":"first","13":"instock","14":"sale","15":"shipping-taxable","16":"purchasable","17":"product-type-simple"},"_links":{"self":[{"href":"https:\/\/roveyayinevi.com.tr\/index.php\/wp-json\/wp\/v2\/product\/689280","targetHints":{"allow":["GET"]}}],"collection":[{"href":"https:\/\/roveyayinevi.com.tr\/index.php\/wp-json\/wp\/v2\/product"}],"about":[{"href":"https:\/\/roveyayinevi.com.tr\/index.php\/wp-json\/wp\/v2\/types\/product"}],"wp:attachment":[{"href":"https:\/\/roveyayinevi.com.tr\/index.php\/wp-json\/wp\/v2\/media?parent=689280"}],"wp:term":[{"taxonomy":"product_brand","embeddable":true,"href":"https:\/\/roveyayinevi.com.tr\/index.php\/wp-json\/wp\/v2\/product_brand?post=689280"},{"taxonomy":"product_cat","embeddable":true,"href":"https:\/\/roveyayinevi.com.tr\/index.php\/wp-json\/wp\/v2\/product_cat?post=689280"},{"taxonomy":"product_tag","embeddable":true,"href":"https:\/\/roveyayinevi.com.tr\/index.php\/wp-json\/wp\/v2\/product_tag?post=689280"}],"curies":[{"name":"wp","href":"https:\/\/api.w.org\/{rel}","templated":true}]}}