{"id":689279,"date":"2025-08-27T13:10:52","date_gmt":"2025-08-27T10:10:52","guid":{"rendered":"https:\/\/roveyayinevi.com.tr\/index.php\/urun\/turk-dusunce-dunyasinda-yol-izleri\/"},"modified":"2026-04-16T01:59:13","modified_gmt":"2026-04-15T22:59:13","slug":"turk-dusunce-dunyasinda-yol-izleri","status":"publish","type":"product","link":"https:\/\/roveyayinevi.com.tr\/index.php\/urun\/turk-dusunce-dunyasinda-yol-izleri\/","title":{"rendered":"T\u00fcrk D\u00fc\u015f\u00fcnce D\u00fcnyas\u0131nda Yol \u0130zleri"},"content":{"rendered":"<p>Elinizdeki kitap, sosyal bilimsel d\u00fc\u015f\u00fcn\u00fc\u015f ve \u00f6zellikle sosyoloji d\u00fc\u015f\u00fcncesine yo\u011funla\u015f\u0131yor. Bir derdi ve davas\u0131 olan, yol a\u00e7\u0131c\u0131 d\u00fc\u015f\u00fcnce insanlar\u0131n\u0131n, Hilmi Ziya \u00dclken, M\u00fcmtaz Turhan, M\u00fcbeccel K\u0131ray, Cemil Meri\u00e7, Niyazi Berkes, Muzaffer \u015eerif, Behice Boran, Pertev Naili Boratav\u2019\u0131n eserlerinin \u00f6z\u00fcnde sakl\u0131 olana ili\u015fkin tespitlerde bulunuyor. Cumhuriyetin kurulu\u015f evresi ile  g\u00fcncellik  (yani arefesi ve sonras\u0131yla 1980!) aras\u0131nda kalan d\u00f6nemlerin, \u00f6zellikle de 1940\u2019lar\u0131n k\u00fclt\u00fcr ve d\u00fc\u015f\u00fcnce ortam\u0131yla ilgili \u00f6nemli yorumlar\u0131 var Kayal\u0131\u2019n\u0131n. \u00dcnl\u00fc  Dil-Tarihli hocalar\u0131  ve onlar\u0131n tasfiyesini,  zaman\u0131n ruhu  hakk\u0131nda fikir verici bir vaka olarak ele al\u0131yor. 1940\u2019lar ve 1960\u2019lar\u0131n d\u00fc\u015f\u00fcnsel ortam\u0131yla ilgili bu belirlemelerin fonunda, Tanzimat ve Me\u015frutiyet fikriyat\u0131n\u0131 da g\u00f6r\u00fcyoruz.  \u00dclkenin d\u00fc\u015f\u00fcnsel topo\u011frafyas\u0131 \u00e7\u0131kar\u0131lmadan ge\u00e7mi\u015fin k\u00fclt\u00fcr miras\u0131 nesnel bir bi\u00e7imde d\u00fc\u015f\u00fcn\u00fclmeyip hamaset \u00fcslubuyla benimsenir ya da ink\u0131lap\u00e7\u0131 bir z\u00fcppelikle reddedilirse hi\u00e7bir yere var\u0131lmaz&#8230;  Bu d\u00fcsturun ince i\u015f\u00e7isi Kurtulu\u015f Kayal\u0131, unutulan tart\u0131\u015fmalar\u0131n, kadri bilinmeyen ya da  do\u011fru anla\u015f\u0131lmayan  d\u00fc\u015f\u00fcn\u00fcrlerin izini s\u00fcr\u00fcyor. T\u00fcrk d\u00fc\u015f\u00fcnce hayat\u0131ndaki s\u00fcreklilikleri kavramak, d\u00f6nemsel zihniyet farkl\u0131l\u0131klar\u0131n\u0131 yerli yerine koymak, problemleri ba\u011flam\u0131na oturtmak i\u00e7in vazge\u00e7ilmez bir yol, bu.  T\u00fcrk d\u00fc\u015f\u00fcnce tarihinin yak\u0131n ge\u00e7mi\u015fine, yak\u0131n ge\u00e7mi\u015finin de basit kavgas\u0131n\u0131n taraflar\u0131na de\u011fil, sorunun vazedili\u015f bi\u00e7imini ele\u015ftiren d\u00fc\u015f\u00fcn adamlar\u0131na y\u00f6nelmek&#8230;  Kurtulu\u015f Kayal\u0131, bu y\u00f6neli\u015fin verimli \u00f6rneklerini veriyor. <\/p>\n","protected":false},"excerpt":{"rendered":"<p>Elinizdeki kitap, sosyal bilimsel d\u00fc\u015f\u00fcn\u00fc\u015f ve \u00f6zellikle sosyoloji d\u00fc\u015f\u00fcncesine yo\u011funla\u015f\u0131yor. Bir derdi ve davas\u0131 olan, yol a\u00e7\u0131c\u0131 d\u00fc\u015f\u00fcnce insanlar\u0131n\u0131n, Hilmi Ziya \u00dclken, M\u00fcmtaz Turhan, M\u00fcbeccel K\u0131ray,<span class=\"excerpt-hellip\"> [\u2026]<\/span><\/p>\n","protected":false},"featured_media":0,"template":"","meta":{"_monsterinsights_skip_tracking":false,"_monsterinsights_sitenote_active":false,"_monsterinsights_sitenote_note":"","_monsterinsights_sitenote_category":0},"product_brand":[],"product_cat":[12304,13493],"product_tag":[],"class_list":{"0":"post-689279","1":"product","2":"type-product","3":"status-publish","5":"product_cat-tarih","6":"product_cat-turkiye-ve-cumhuriyet-tarihi","7":"pa_cilt-ciltsiz","8":"pa_tur-kitap","9":"pa_yayinevi-iletisim-yayinlari","10":"pa_yazar-kurtulus-kayali","12":"first","13":"instock","14":"sale","15":"shipping-taxable","16":"purchasable","17":"product-type-simple"},"_links":{"self":[{"href":"https:\/\/roveyayinevi.com.tr\/index.php\/wp-json\/wp\/v2\/product\/689279","targetHints":{"allow":["GET"]}}],"collection":[{"href":"https:\/\/roveyayinevi.com.tr\/index.php\/wp-json\/wp\/v2\/product"}],"about":[{"href":"https:\/\/roveyayinevi.com.tr\/index.php\/wp-json\/wp\/v2\/types\/product"}],"wp:attachment":[{"href":"https:\/\/roveyayinevi.com.tr\/index.php\/wp-json\/wp\/v2\/media?parent=689279"}],"wp:term":[{"taxonomy":"product_brand","embeddable":true,"href":"https:\/\/roveyayinevi.com.tr\/index.php\/wp-json\/wp\/v2\/product_brand?post=689279"},{"taxonomy":"product_cat","embeddable":true,"href":"https:\/\/roveyayinevi.com.tr\/index.php\/wp-json\/wp\/v2\/product_cat?post=689279"},{"taxonomy":"product_tag","embeddable":true,"href":"https:\/\/roveyayinevi.com.tr\/index.php\/wp-json\/wp\/v2\/product_tag?post=689279"}],"curies":[{"name":"wp","href":"https:\/\/api.w.org\/{rel}","templated":true}]}}