{"id":689278,"date":"2025-08-27T13:10:52","date_gmt":"2025-08-27T10:10:52","guid":{"rendered":"https:\/\/roveyayinevi.com.tr\/index.php\/urun\/turk-dis-politikasi-3-cilt-2001-2012-kurtulus-savasindan-bugune-olgular-belgeler-yorumlar\/"},"modified":"2026-04-16T01:58:48","modified_gmt":"2026-04-15T22:58:48","slug":"turk-dis-politikasi-3-cilt-2001-2012-kurtulus-savasindan-bugune-olgular-belgeler-yorumlar","status":"publish","type":"product","link":"https:\/\/roveyayinevi.com.tr\/index.php\/urun\/turk-dis-politikasi-3-cilt-2001-2012-kurtulus-savasindan-bugune-olgular-belgeler-yorumlar\/","title":{"rendered":"T\u00fcrk D\u0131\u015f Politikas\u0131 3. Cilt : 2001-2012 Kurtulu\u015f Sava\u015f\u0131ndan Bug\u00fcne Olgular, Belgeler, Yorumlar"},"content":{"rendered":"<p>Uzman bir akademisyen grubu taraf\u0131ndan haz\u0131rlanan bu yap\u0131t, \ufffcTan\u0131t\u0131m Metni<\/p>\n","protected":false},"excerpt":{"rendered":"<p>Uzman bir akademisyen grubu taraf\u0131ndan haz\u0131rlanan bu yap\u0131t, \ufffcTan\u0131t\u0131m Metni<\/p>\n","protected":false},"featured_media":0,"template":"","meta":{"_monsterinsights_skip_tracking":false,"_monsterinsights_sitenote_active":false,"_monsterinsights_sitenote_note":"","_monsterinsights_sitenote_category":0},"product_brand":[],"product_cat":[13059,12337],"product_tag":[],"class_list":{"0":"post-689278","1":"product","2":"type-product","3":"status-publish","5":"product_cat-diger-politika-siyaset","6":"product_cat-politika-siyaset","7":"pa_cilt-ciltli","8":"pa_tur-kitap","9":"pa_yayinevi-iletisim-yayinlari","10":"pa_yazar-baskin-oran-ed","12":"first","13":"instock","14":"sale","15":"shipping-taxable","16":"purchasable","17":"product-type-simple"},"_links":{"self":[{"href":"https:\/\/roveyayinevi.com.tr\/index.php\/wp-json\/wp\/v2\/product\/689278","targetHints":{"allow":["GET"]}}],"collection":[{"href":"https:\/\/roveyayinevi.com.tr\/index.php\/wp-json\/wp\/v2\/product"}],"about":[{"href":"https:\/\/roveyayinevi.com.tr\/index.php\/wp-json\/wp\/v2\/types\/product"}],"wp:attachment":[{"href":"https:\/\/roveyayinevi.com.tr\/index.php\/wp-json\/wp\/v2\/media?parent=689278"}],"wp:term":[{"taxonomy":"product_brand","embeddable":true,"href":"https:\/\/roveyayinevi.com.tr\/index.php\/wp-json\/wp\/v2\/product_brand?post=689278"},{"taxonomy":"product_cat","embeddable":true,"href":"https:\/\/roveyayinevi.com.tr\/index.php\/wp-json\/wp\/v2\/product_cat?post=689278"},{"taxonomy":"product_tag","embeddable":true,"href":"https:\/\/roveyayinevi.com.tr\/index.php\/wp-json\/wp\/v2\/product_tag?post=689278"}],"curies":[{"name":"wp","href":"https:\/\/api.w.org\/{rel}","templated":true}]}}