{"id":689277,"date":"2025-08-27T13:10:52","date_gmt":"2025-08-27T10:10:52","guid":{"rendered":"https:\/\/roveyayinevi.com.tr\/index.php\/urun\/serif-mardine-armagan\/"},"modified":"2026-04-16T01:58:48","modified_gmt":"2026-04-15T22:58:48","slug":"serif-mardine-armagan","status":"publish","type":"product","link":"https:\/\/roveyayinevi.com.tr\/index.php\/urun\/serif-mardine-armagan\/","title":{"rendered":"\u015eerif Mardin&#8217;e Arma\u011fan"},"content":{"rendered":"<p>\u015eerif Mardin T\u00fcrk siyasi d\u00fc\u015f\u00fcncesini (kendi deyimiyle, \u00e7o\u011funlukla \u2018ke\u00e7iboynuzu\u2019 olsa bile) \u00f6nemseyerek ve Avrupa\/d\u00fcnya siyasi d\u00fc\u015f\u00fcncesinin kavramlar\u0131yla incelemi\u015f, \u2018biz bize benzeriz\u2019 yollu milliyet\u00e7i deveku\u015flu\u011funa itibar etmemi\u015ftir. (&#8230;) \u015eerif Mardin\u2019in eserinin \u00e7ok y\u00f6nl\u00fcl\u00fc\u011f\u00fc dikkat \u00e7ekicidir. Eseri tematik olarak tasnif edilecek olursa \u00e7ok uzun bir liste \u00e7\u0131kar. Disiplinler ve alt-disiplinler itibariyle bile \u00e7arp\u0131c\u0131 bir tayf olu\u015fturur: Siyaset teorisi ve felsefesi, d\u00fc\u015f\u00fcnce tarihi, ideoloji incelemesi, k\u00fclt\u00fcr, siyasi k\u00fclt\u00fcr, kimlik incelemesi (hem de \u00e7ok erken), siyaset sosyolojisi, ekonomi politik ve iktisadi d\u00fc\u015f\u00fcnce tarihi, sosyal tarih ve sosyolojinin bir\u00e7ok ba\u015fka alt dal\u0131.  -Taha Parla- T\u00fcrkiye\u2019de sosyal bilimlerin b\u00fcy\u00fck usta ve \u00f6\u011fretmenlerinden \u015eerif Mardin\u2019e arma\u011fan olarak haz\u0131rlanan bu derlemede, onun ilgi alanlar\u0131n\u0131n geni\u015fli\u011finden ilhamla, sosyal bilimlerin farkl\u0131 alanlar\u0131nda ve muhtelif konularda makaleler yer al\u0131yor; ama a\u011f\u0131rl\u0131kla, T\u00fcrkiye\u2019nin toplumsal yap\u0131s\u0131, din sosyolojisi ve d\u00fc\u015f\u00fcnce iklimi \u00fczerine&#8230; Ali Akay, Bahattin Ak\u015fit, Tan\u0131l Bora, Ahmet \u00c7i\u011fdem, E. Fuat Keyman, Hasan B\u00fclent Kahraman, Onur Fevzi M\u00fcft\u00fcgil, Ahmet \u00d6nc\u00fc-Demir Demir\u00f6z, Jale Parla, Taha Parla, Ay\u015fe Saktanber, G\u00fcrcan Ko\u00e7an\u2019\u0131n katk\u0131lar\u0131yla&#8230; <\/p>\n","protected":false},"excerpt":{"rendered":"<p>\u015eerif Mardin T\u00fcrk siyasi d\u00fc\u015f\u00fcncesini (kendi deyimiyle, \u00e7o\u011funlukla \u2018ke\u00e7iboynuzu\u2019 olsa bile) \u00f6nemseyerek ve Avrupa\/d\u00fcnya siyasi d\u00fc\u015f\u00fcncesinin kavramlar\u0131yla incelemi\u015f, \u2018biz bize benzeriz\u2019 yollu milliyet\u00e7i deveku\u015flu\u011funa itibar etmemi\u015ftir.<span class=\"excerpt-hellip\"> [\u2026]<\/span><\/p>\n","protected":false},"featured_media":0,"template":"","meta":{"_monsterinsights_skip_tracking":false,"_monsterinsights_sitenote_active":false,"_monsterinsights_sitenote_note":"","_monsterinsights_sitenote_category":0},"product_brand":[],"product_cat":[12835,12324],"product_tag":[],"class_list":{"0":"post-689277","1":"product","2":"type-product","3":"status-publish","5":"product_cat-genel-sosyoloji","6":"product_cat-sosyoloji","7":"pa_tur-kitap","8":"pa_yayinevi-iletisim-yayinlari","9":"pa_yazar-ahmet-oncu","10":"pa_yazar-orhan-tekelioglu-der","12":"first","13":"instock","14":"sale","15":"shipping-taxable","16":"purchasable","17":"product-type-simple"},"_links":{"self":[{"href":"https:\/\/roveyayinevi.com.tr\/index.php\/wp-json\/wp\/v2\/product\/689277","targetHints":{"allow":["GET"]}}],"collection":[{"href":"https:\/\/roveyayinevi.com.tr\/index.php\/wp-json\/wp\/v2\/product"}],"about":[{"href":"https:\/\/roveyayinevi.com.tr\/index.php\/wp-json\/wp\/v2\/types\/product"}],"wp:attachment":[{"href":"https:\/\/roveyayinevi.com.tr\/index.php\/wp-json\/wp\/v2\/media?parent=689277"}],"wp:term":[{"taxonomy":"product_brand","embeddable":true,"href":"https:\/\/roveyayinevi.com.tr\/index.php\/wp-json\/wp\/v2\/product_brand?post=689277"},{"taxonomy":"product_cat","embeddable":true,"href":"https:\/\/roveyayinevi.com.tr\/index.php\/wp-json\/wp\/v2\/product_cat?post=689277"},{"taxonomy":"product_tag","embeddable":true,"href":"https:\/\/roveyayinevi.com.tr\/index.php\/wp-json\/wp\/v2\/product_tag?post=689277"}],"curies":[{"name":"wp","href":"https:\/\/api.w.org\/{rel}","templated":true}]}}