{"id":689276,"date":"2025-08-27T13:10:51","date_gmt":"2025-08-27T10:10:51","guid":{"rendered":"https:\/\/roveyayinevi.com.tr\/index.php\/urun\/sehre-gocen-esek\/"},"modified":"2026-04-16T01:58:48","modified_gmt":"2026-04-15T22:58:48","slug":"sehre-gocen-esek","status":"publish","type":"product","link":"https:\/\/roveyayinevi.com.tr\/index.php\/urun\/sehre-gocen-esek\/","title":{"rendered":"\u015eehre G\u00f6\u00e7en E\u015fek"},"content":{"rendered":"<p>T\u00fcrkiye\u2019de pop\u00fcler k\u00fclt\u00fcr\u00fcn erken \u00e7a\u011f\u0131na, k\u00fclt\u00fcr end\u00fcstrisinin palazlanmas\u0131ndan \u00f6nceki zamanlar\u0131na e\u011filiyor bu kitapta Levent Cantek. Geleneksel mizah \u00f6\u011felerinin, k\u00f6kl\u00fc hiciv kli\u015felerinin modernle\u015fme s\u00fcrecini ya\u015fad\u0131\u011f\u0131 bir d\u00f6nem bu: Nasrettin Hoca\u2019n\u0131n e\u015fe\u011fiyle beraber \u015fehre g\u00f6\u00e7t\u00fc\u011f\u00fc bir d\u00f6nem&#8230; Cantek, mizah\u0131n nas\u0131l etkili bir \u2018\u00e7akt\u0131rmadan direni\u015f\u2019 yolu oldu\u011funa dikkat \u00e7ekiyor,  karanl\u0131kta kahkaha ya kulak kabart\u0131yor. Alt-k\u00fclt\u00fcr\u00fcn g\u00fcc\u00fcne dikkat \u00e7ekiyor. 1940\u2019lar-1970\u2019ler aral\u0131\u011f\u0131n\u0131n pop\u00fcler k\u00fclt\u00fcr olgular\u0131n\u0131n bir potpurisini izliyoruz kitapta: Akbaba, Nuh\u2019un Gemisi, G\u0131rg\u0131r gibi efsanev\u00ee mizah dergileri&#8230;  K\u0131l\u0131\u00e7baz  \u00e7izgi romanlar ve \u00e7izgi romanda kad\u0131n imgeleri&#8230; Siyasal k\u00fclt\u00fcr\u00fcm\u00fczde tahkir gelene\u011fi&#8230; Her h\u00fck\u00fcmete dost Yusuf Ziya Orta\u00e7, \u015feytanla\u015ft\u0131r\u0131lan Sabahattin Ali, bir fenomen olarak Aziz Nesin&#8230; Halk terbiyesi rit\u00fcelleri&#8230; K\u00f6y\/k\u00f6yl\u00fc imgelerinin in\u015fas\u0131 ve de\u011fi\u015fimi&#8230; G\u00fcn\u00fcm\u00fcze de bir bak\u0131\u015f f\u0131rlat\u0131yor Levent Cantek; televizyon dizilerinin manave ehemmiyetine dair bir \u00e7ift s\u00f6z ediyor. Kitab\u0131n s\u00fcrpriz bir il\u00e2vesi var. Ho\u015f bir s\u00fcrpriz:  Mizah Mahallesinde Aylak Aylak&#8230;  T\u00fcrkiye\u2019de mizah\u0131n \u00fcreticileri, mecralar\u0131, fig\u00fcrleri \u00fczerine k\u0131sa de\u011finmeler, vur-ka\u00e7lar, aforizmalar&#8230; On be\u015f y\u0131ld\u0131r tutkuyla mizah\u0131n, \u00e7izgi romanlar\u0131n, argonun, avam k\u00fclt\u00fcr\u00fcn\u00fcn co\u011frafyas\u0131n\u0131 ar\u015f\u0131nlayan bir pop\u00fcler k\u00fclt\u00fcr ustas\u0131ndan, reng\u00e2renk bir yaz\u0131 demeti. <\/p>\n","protected":false},"excerpt":{"rendered":"<p>T\u00fcrkiye\u2019de pop\u00fcler k\u00fclt\u00fcr\u00fcn erken \u00e7a\u011f\u0131na, k\u00fclt\u00fcr end\u00fcstrisinin palazlanmas\u0131ndan \u00f6nceki zamanlar\u0131na e\u011filiyor bu kitapta Levent Cantek. Geleneksel mizah \u00f6\u011felerinin, k\u00f6kl\u00fc hiciv kli\u015felerinin modernle\u015fme s\u00fcrecini ya\u015fad\u0131\u011f\u0131 bir d\u00f6nem<span class=\"excerpt-hellip\"> [\u2026]<\/span><\/p>\n","protected":false},"featured_media":0,"template":"","meta":{"_monsterinsights_skip_tracking":false,"_monsterinsights_sitenote_active":false,"_monsterinsights_sitenote_note":"","_monsterinsights_sitenote_category":0},"product_brand":[],"product_cat":[12364],"product_tag":[],"class_list":{"0":"post-689276","1":"product","2":"type-product","3":"status-publish","5":"product_cat-genel-konular","6":"pa_cilt-ciltsiz","7":"pa_tur-kitap","8":"pa_yayinevi-iletisim-yayinlari","9":"pa_yazar-levent-cantek","11":"first","12":"instock","13":"sale","14":"shipping-taxable","15":"purchasable","16":"product-type-simple"},"_links":{"self":[{"href":"https:\/\/roveyayinevi.com.tr\/index.php\/wp-json\/wp\/v2\/product\/689276","targetHints":{"allow":["GET"]}}],"collection":[{"href":"https:\/\/roveyayinevi.com.tr\/index.php\/wp-json\/wp\/v2\/product"}],"about":[{"href":"https:\/\/roveyayinevi.com.tr\/index.php\/wp-json\/wp\/v2\/types\/product"}],"wp:attachment":[{"href":"https:\/\/roveyayinevi.com.tr\/index.php\/wp-json\/wp\/v2\/media?parent=689276"}],"wp:term":[{"taxonomy":"product_brand","embeddable":true,"href":"https:\/\/roveyayinevi.com.tr\/index.php\/wp-json\/wp\/v2\/product_brand?post=689276"},{"taxonomy":"product_cat","embeddable":true,"href":"https:\/\/roveyayinevi.com.tr\/index.php\/wp-json\/wp\/v2\/product_cat?post=689276"},{"taxonomy":"product_tag","embeddable":true,"href":"https:\/\/roveyayinevi.com.tr\/index.php\/wp-json\/wp\/v2\/product_tag?post=689276"}],"curies":[{"name":"wp","href":"https:\/\/api.w.org\/{rel}","templated":true}]}}