{"id":689271,"date":"2025-08-27T13:10:51","date_gmt":"2025-08-27T10:10:51","guid":{"rendered":"https:\/\/roveyayinevi.com.tr\/index.php\/urun\/musluman-toplumlarda-kadin-ve-cinsellik\/"},"modified":"2026-04-16T01:58:48","modified_gmt":"2026-04-15T22:58:48","slug":"musluman-toplumlarda-kadin-ve-cinsellik","status":"publish","type":"product","link":"https:\/\/roveyayinevi.com.tr\/index.php\/urun\/musluman-toplumlarda-kadin-ve-cinsellik\/","title":{"rendered":"M\u00fcsl\u00fcman Toplumlarda Kad\u0131n ve Cinsellik"},"content":{"rendered":"<p>M\u00fcsl\u00fcman toplumlarda cinsellik konusunda son y\u0131llarda \u00f6nemli \u00e7al\u0131\u015fmalar yap\u0131ld\u0131, ama bunlar\u0131 bir araya getiren bir derleme bug\u00fcne kadar yay\u0131nlanmam\u0131\u015ft\u0131. T\u00fcrkiye, Filistin, Pakistan, Fas, Nijerya gibi farkl\u0131 \u00fclkelerden ara\u015ft\u0131rmac\u0131lar\u0131n makalelerinin yer ald\u0131\u011f\u0131 M\u00fcsl\u00fcman Toplumlarda Kad\u0131n ve Cinsellik, bu alandaki bo\u015flu\u011fu dolduruyor. Kitapta cinsellik toplumsal ba\u011flam\u0131na oturtularak olanca karma\u015f\u0131kl\u0131\u011f\u0131 i\u00e7inde farkl\u0131 cepheleriyle inceleniyor: Cinselli\u011fe ili\u015fkin k\u00fclt\u00fcrel kurgular, cinsel politika, milliyet\u00e7ilik ve k\u00f6ktendincilik gibi ak\u0131mlar\u0131n cinselli\u011fe yakla\u015f\u0131mlar\u0131, modernle\u015fmenin ve modern devletlerin oynad\u0131\u011f\u0131 rol, t\u0131p, hukuk, ataerkil d\u00fczen, bask\u0131, \u015fiddet, tecav\u00fcz, namus, bekaret, evlilik, haz&#8230; Yazarlar, \u0130slam\u2019\u0131 tek bir \u00f6ze indirgeyen kolayc\u0131 yakla\u015f\u0131mlardan titizlikle ka\u00e7\u0131narak M\u00fcsl\u00fcman toplumlarda \u00e7arp\u0131c\u0131 bir \u00e7e\u015fitlilik oldu\u011funu g\u00f6steriyor, farkl\u0131 toplumlar\u0131n ve tarihsel d\u00f6nemlerin kendine \u00f6zg\u00fc niteliklerini vurguluyorlar. Ayr\u0131ca gerek M\u00fcsl\u00fcman toplumlar\u0131n kendi aralar\u0131nda gerekse ba\u015fka toplumlarla, \u00f6zellikle Bat\u0131 d\u00fcnyas\u0131yla yap\u0131lan kar\u015f\u0131la\u015ft\u0131rmalar da analizlerin \u00f6nemli bir par\u00e7as\u0131n\u0131 olu\u015fturuyor. B\u00f6ylece, cinselli\u011fin yaln\u0131zca  ki\u015fisel ve \u00f6zel  bir mesele olmad\u0131\u011f\u0131n\u0131 g\u00f6steren bir tablo \u00e7\u0131k\u0131yor kar\u015f\u0131m\u0131za. Kendi alan\u0131nda bir ilk olan bu derleme, yaln\u0131zca konunun uzmanlar\u0131na de\u011fil, b\u00fct\u00fcn okurlara seslenen kapsaml\u0131 ve ufuk a\u00e7\u0131c\u0131 bir eser. <\/p>\n","protected":false},"excerpt":{"rendered":"<p>M\u00fcsl\u00fcman toplumlarda cinsellik konusunda son y\u0131llarda \u00f6nemli \u00e7al\u0131\u015fmalar yap\u0131ld\u0131, ama bunlar\u0131 bir araya getiren bir derleme bug\u00fcne kadar yay\u0131nlanmam\u0131\u015ft\u0131. T\u00fcrkiye, Filistin, Pakistan, Fas, Nijerya gibi farkl\u0131<span class=\"excerpt-hellip\"> [\u2026]<\/span><\/p>\n","protected":false},"featured_media":0,"template":"","meta":{"_monsterinsights_skip_tracking":false,"_monsterinsights_sitenote_active":false,"_monsterinsights_sitenote_note":"","_monsterinsights_sitenote_category":0},"product_brand":[],"product_cat":[12312,12304],"product_tag":[],"class_list":{"0":"post-689271","1":"product","2":"type-product","3":"status-publish","5":"product_cat-diger","6":"product_cat-tarih","7":"pa_cilt-ciltsiz","8":"pa_tur-kitap","9":"pa_yayinevi-iletisim-yayinlari","10":"pa_yazar-pinar-ilkkaracan-der","12":"first","13":"instock","14":"sale","15":"shipping-taxable","16":"purchasable","17":"product-type-simple"},"_links":{"self":[{"href":"https:\/\/roveyayinevi.com.tr\/index.php\/wp-json\/wp\/v2\/product\/689271","targetHints":{"allow":["GET"]}}],"collection":[{"href":"https:\/\/roveyayinevi.com.tr\/index.php\/wp-json\/wp\/v2\/product"}],"about":[{"href":"https:\/\/roveyayinevi.com.tr\/index.php\/wp-json\/wp\/v2\/types\/product"}],"wp:attachment":[{"href":"https:\/\/roveyayinevi.com.tr\/index.php\/wp-json\/wp\/v2\/media?parent=689271"}],"wp:term":[{"taxonomy":"product_brand","embeddable":true,"href":"https:\/\/roveyayinevi.com.tr\/index.php\/wp-json\/wp\/v2\/product_brand?post=689271"},{"taxonomy":"product_cat","embeddable":true,"href":"https:\/\/roveyayinevi.com.tr\/index.php\/wp-json\/wp\/v2\/product_cat?post=689271"},{"taxonomy":"product_tag","embeddable":true,"href":"https:\/\/roveyayinevi.com.tr\/index.php\/wp-json\/wp\/v2\/product_tag?post=689271"}],"curies":[{"name":"wp","href":"https:\/\/api.w.org\/{rel}","templated":true}]}}