{"id":689270,"date":"2025-08-27T13:10:50","date_gmt":"2025-08-27T10:10:50","guid":{"rendered":"https:\/\/roveyayinevi.com.tr\/index.php\/urun\/tuhaf-zamanlar-bir-20-yuzyil-hayati\/"},"modified":"2026-02-03T02:00:36","modified_gmt":"2026-02-02T23:00:36","slug":"tuhaf-zamanlar-bir-20-yuzyil-hayati","status":"publish","type":"product","link":"https:\/\/roveyayinevi.com.tr\/index.php\/urun\/tuhaf-zamanlar-bir-20-yuzyil-hayati\/","title":{"rendered":"Tuhaf Zamanlar: Bir 20. Y\u00fczy\u0131l Hayat\u0131"},"content":{"rendered":"<p>20. y\u00fczy\u0131l tarihini di\u011fer as\u0131rlar\u0131nkinden ay\u0131ran en \u00f6nemli izler; d\u00fcnya sava\u015flar\u0131, siyasal devrimler, imparatorluklardan ulus devletlere ge\u00e7i\u015fler, k\u00fclt\u00fcrel alt \u00fcst olu\u015flar, toplumsal \u00e7at\u0131\u015fmalar, iktisadi d\u00fczenler ve d\u00fczensizlikler ve t\u00fcm bunlar\u0131n etraf\u0131nda olu\u015fan modern k\u00fclt\u00fcrel bir hayat i\u00e7erisinde s\u00fcr\u00fcl\u00fcr. Eric Hobsbawm, bu y\u00fczy\u0131l boyunca say\u0131lan de\u011fi\u015fimlere adeta ilk elden tan\u0131k olan, ki\u015fisel olarak de\u011fi\u015fimlerin insanlar \u00fczerindeki etkilerini bizatihi ya\u015fam\u0131\u015f \u00f6nemli Marksist tarih\u00e7ilerinden biridir. Tuhaf Zamanlar Viyana\u2019dan Berlin\u2019e, Londra\u2019dan Sao Paulo\u2019ya, Moskova\u2019dan K\u00fcba\u2019ya, Manhattan\u2019dan Brezilya sokaklar\u0131na sadece kitaplarda yer alan b\u00fcy\u00fck olaylar\u0131n k\u00fc\u00e7\u00fck kahramanlar\u0131 olarak de\u011fil, olaylar\u0131n fiili kahramanlar\u0131 olarak yer alm\u0131\u015f insanlar\u0131n hikayelerini b\u00fcy\u00fck bir tarih\u00e7inin hayat\u0131na dahil ediyor. \u0130spanya \u0130\u00e7 Sava\u015f\u0131\u2019ndan LSE\u2019ye, caz kul\u00fcplerinen m\u00fczisyenlere, Kom\u00fcnist Partiler\u2019den \u0130ngiliz Marksist Tarih\u00e7ileri\u2019ne, fa\u015fizmden demokrasiye, sokaklardan \u00fcniversite anfilerine uzun ve dolu dolu ya\u015fanm\u0131\u015f bir hayat\u0131n mahir bir tarih\u00e7inin kaleminde nas\u0131l bir araya geldi\u011fine \u015fa\u015f\u0131racak, Hobsbawn\u2019un ya\u015fam \u00f6yk\u00fcs\u00fcn\u00fc zevkle okuyacaks\u0131n\u0131z. \ufffcTan\u0131t\u0131m Metni<\/p>\n","protected":false},"excerpt":{"rendered":"<p>20. y\u00fczy\u0131l tarihini di\u011fer as\u0131rlar\u0131nkinden ay\u0131ran en \u00f6nemli izler; d\u00fcnya sava\u015flar\u0131, siyasal devrimler, imparatorluklardan ulus devletlere ge\u00e7i\u015fler, k\u00fclt\u00fcrel alt \u00fcst olu\u015flar, toplumsal \u00e7at\u0131\u015fmalar, iktisadi d\u00fczenler ve<span class=\"excerpt-hellip\"> [\u2026]<\/span><\/p>\n","protected":false},"featured_media":0,"template":"","meta":{"_monsterinsights_skip_tracking":false,"_monsterinsights_sitenote_active":false,"_monsterinsights_sitenote_note":"","_monsterinsights_sitenote_category":0},"product_brand":[],"product_cat":[12338,12337],"product_tag":[],"class_list":{"0":"post-689270","1":"product","2":"type-product","3":"status-publish","5":"product_cat-dunya-siyaseti-ve-politikasi","6":"product_cat-politika-siyaset","7":"pa_cilt-ciltsiz","8":"pa_tur-kitap","9":"pa_yayinevi-iletisim-yayinlari","10":"pa_yazar-eric-hobsbawm","12":"first","13":"instock","14":"sale","15":"shipping-taxable","16":"purchasable","17":"product-type-simple"},"_links":{"self":[{"href":"https:\/\/roveyayinevi.com.tr\/index.php\/wp-json\/wp\/v2\/product\/689270","targetHints":{"allow":["GET"]}}],"collection":[{"href":"https:\/\/roveyayinevi.com.tr\/index.php\/wp-json\/wp\/v2\/product"}],"about":[{"href":"https:\/\/roveyayinevi.com.tr\/index.php\/wp-json\/wp\/v2\/types\/product"}],"wp:attachment":[{"href":"https:\/\/roveyayinevi.com.tr\/index.php\/wp-json\/wp\/v2\/media?parent=689270"}],"wp:term":[{"taxonomy":"product_brand","embeddable":true,"href":"https:\/\/roveyayinevi.com.tr\/index.php\/wp-json\/wp\/v2\/product_brand?post=689270"},{"taxonomy":"product_cat","embeddable":true,"href":"https:\/\/roveyayinevi.com.tr\/index.php\/wp-json\/wp\/v2\/product_cat?post=689270"},{"taxonomy":"product_tag","embeddable":true,"href":"https:\/\/roveyayinevi.com.tr\/index.php\/wp-json\/wp\/v2\/product_tag?post=689270"}],"curies":[{"name":"wp","href":"https:\/\/api.w.org\/{rel}","templated":true}]}}