{"id":689269,"date":"2025-08-27T13:10:50","date_gmt":"2025-08-27T10:10:50","guid":{"rendered":"https:\/\/roveyayinevi.com.tr\/index.php\/urun\/tarz-i-hayattan-life-stylea-yeni-seckinler-yeni-mekanlaryeni-yasamlar\/"},"modified":"2026-04-16T01:58:48","modified_gmt":"2026-04-15T22:58:48","slug":"tarz-i-hayattan-life-stylea-yeni-seckinler-yeni-mekanlaryeni-yasamlar","status":"publish","type":"product","link":"https:\/\/roveyayinevi.com.tr\/index.php\/urun\/tarz-i-hayattan-life-stylea-yeni-seckinler-yeni-mekanlaryeni-yasamlar\/","title":{"rendered":"Tarz-\u0131 Hayat&#8217;tan Life Style&#8217;a: Yeni Se\u00e7kinler, Yeni Mekanlar,Yeni Ya\u015famlar"},"content":{"rendered":"<p>T\u00fcrkiye toplumu 1980\u2019den bu yana \u00e7ok h\u0131zl\u0131 bir d\u00f6n\u00fc\u015f\u00fcm ge\u00e7irdi. Serbest piyasa ekonomisinin hakimiyetiyle birlikte t\u00fcketim, insanlar\u0131n kimliklerini belirleyen en \u00f6nemli unsur haline geldi. G\u00fcndelik ya\u015fam renklendi ve Amerikanla\u015ft\u0131. Eskiden g\u00f6r\u00fcnmez olmaya \u00e7al\u0131\u015fan i\u015fadamlar\u0131 imaj restorasyonuna giderek her g\u00fcn gazetelerde boy g\u00f6stermeye ve entelekt\u00fcel muamelesi g\u00f6rmeye ba\u015flad\u0131lar. Gazetecili\u011fin tan\u0131m\u0131 de\u011fi\u015fti ve iktidar\u0131 temsil edenlerle i\u00e7li d\u0131\u015fl\u0131 olan gazeteci tipi t\u00fcredi. Ya\u015fam tarz\u0131 yaz\u0131lar\u0131 ve Avrupai ve milliyet\u00e7i Yeni T\u00fcrk \u0130nsan\u0131 projeleri ile k\u00f6\u015fe yazarlar\u0131, bu d\u00f6nemin yeni aristokraklar\u0131 oldular. Gen\u00e7, kentli, iyi e\u011fitimli ve y\u00fcksek gelir d\u00fczeyine sahip Beyaz T\u00fcrkler, kara kalabal\u0131klar dan uzakla\u015f\u0131p korunakl\u0131 sitelere yerle\u015ftiler. \u0130yi yemek, puro ve \u015faraptan anlamak, stat\u00fc simgesine d\u00f6n\u00fc\u015ft\u00fc. Pera nostaljisi, gayrim\u00fcslimlere y\u00f6nelik ilgiyle birarada gitti. Siyaset\u00e7iler, imajlar\u0131yla g\u00fcndeme gelir oldular. Son yirmi y\u0131l\u0131n gazete ve dergileri aras\u0131nda titiz bir ar\u015fiv \u00e7al\u0131\u015fmas\u0131 yapan R\u0131fat N. Bali, bug\u00fcne kadar hep \u00fczerinde konu\u015ftu\u011fumuz bu d\u00f6n\u00fc\u015f\u00fcm\u00fcn kayd\u0131n\u0131 \u00f6n\u00fcm\u00fcze seriyor. Bizleri, medya &#8211; i\u015f d\u00fcnyas\u0131 &#8211; siyasi iktidar sayaca\u011f\u0131nda yer alan muktedirlerin dayatt\u0131\u011f\u0131 se\u00e7kinci ideolojiye kar\u015f\u0131 uyan\u0131k tutacak malzeme ile kar\u015f\u0131 kar\u015f\u0131ya getiriyor.<\/p>\n","protected":false},"excerpt":{"rendered":"<p>T\u00fcrkiye toplumu 1980\u2019den bu yana \u00e7ok h\u0131zl\u0131 bir d\u00f6n\u00fc\u015f\u00fcm ge\u00e7irdi. Serbest piyasa ekonomisinin hakimiyetiyle birlikte t\u00fcketim, insanlar\u0131n kimliklerini belirleyen en \u00f6nemli unsur haline geldi. G\u00fcndelik ya\u015fam<span class=\"excerpt-hellip\"> [\u2026]<\/span><\/p>\n","protected":false},"featured_media":0,"template":"","meta":{"_monsterinsights_skip_tracking":false,"_monsterinsights_sitenote_active":false,"_monsterinsights_sitenote_note":"","_monsterinsights_sitenote_category":0},"product_brand":[],"product_cat":[13633,12324],"product_tag":[],"class_list":{"0":"post-689269","1":"product","2":"type-product","3":"status-publish","5":"product_cat-kultur-ve-bilim","6":"product_cat-sosyoloji","7":"pa_cilt-ciltsiz","8":"pa_tur-kitap","9":"pa_yayinevi-iletisim-yayinlari","10":"pa_yazar-rifat-n-bali","12":"first","13":"instock","14":"sale","15":"shipping-taxable","16":"purchasable","17":"product-type-simple"},"_links":{"self":[{"href":"https:\/\/roveyayinevi.com.tr\/index.php\/wp-json\/wp\/v2\/product\/689269","targetHints":{"allow":["GET"]}}],"collection":[{"href":"https:\/\/roveyayinevi.com.tr\/index.php\/wp-json\/wp\/v2\/product"}],"about":[{"href":"https:\/\/roveyayinevi.com.tr\/index.php\/wp-json\/wp\/v2\/types\/product"}],"wp:attachment":[{"href":"https:\/\/roveyayinevi.com.tr\/index.php\/wp-json\/wp\/v2\/media?parent=689269"}],"wp:term":[{"taxonomy":"product_brand","embeddable":true,"href":"https:\/\/roveyayinevi.com.tr\/index.php\/wp-json\/wp\/v2\/product_brand?post=689269"},{"taxonomy":"product_cat","embeddable":true,"href":"https:\/\/roveyayinevi.com.tr\/index.php\/wp-json\/wp\/v2\/product_cat?post=689269"},{"taxonomy":"product_tag","embeddable":true,"href":"https:\/\/roveyayinevi.com.tr\/index.php\/wp-json\/wp\/v2\/product_tag?post=689269"}],"curies":[{"name":"wp","href":"https:\/\/api.w.org\/{rel}","templated":true}]}}