{"id":689267,"date":"2025-08-27T13:10:50","date_gmt":"2025-08-27T10:10:50","guid":{"rendered":"https:\/\/roveyayinevi.com.tr\/index.php\/urun\/mrs-dalloway\/"},"modified":"2026-04-16T01:58:48","modified_gmt":"2026-04-15T22:58:48","slug":"mrs-dalloway","status":"publish","type":"product","link":"https:\/\/roveyayinevi.com.tr\/index.php\/urun\/mrs-dalloway\/","title":{"rendered":"Mrs. Dalloway"},"content":{"rendered":"<p>Mrs. Dalloway, bilinc\u0327 ak\u0131s\u0327\u0131 teknig\u0306ini bu\u0308yu\u0308k bir yetkinlikle kullanarak edebiyat tarihinde c\u0327\u0131g\u0306\u0131r ac\u0327an unutulmaz bir yap\u0131t. Londra\u2019n\u0131n o\u0308nde gelen simalar\u0131ndan Clarissa Dalloway evinde bir parti vermeye haz\u0131rlan\u0131rken o s\u0131rada Septimus Warren Smith savas\u0327ta yas\u0327ad\u0131g\u0306\u0131 travmalardan kaynaklanan nevrozlarla bog\u0306us\u0327maktad\u0131r. Orta yas\u0327l\u0131, varl\u0131kl\u0131 ve o\u0308zgu\u0308venli Clarissa ile genc\u0327, meteliksiz ve kendinden nefret eden Septimus go\u0308ru\u0308nu\u0308s\u0327te birbirlerine tezat olus\u0327tururken gerc\u0327ekte her iki karakter de derin varolus\u0327sal problemler yas\u0327amaktad\u0131r. Septimus ve Clarissa\u2019n\u0131n o\u0308rtu\u0308s\u0327en yazg\u0131lar\u0131 Virginia Woolf\u2019un bilinc\u0327 ak\u0131s\u0327\u0131 teknig\u0306iyle sundug\u0306u es\u0327siz bir hika\u0302yeye ac\u0327\u0131l\u0131r. Londra\u2019da tek bir gu\u0308nde gec\u0327en Mrs. Dalloway, Virginia Woolf\u2019un en fazla ilgi go\u0308ren o\u0308zgu\u0308n yap\u0131tlar\u0131ndan biri. \u201cVirginia Woolf, gu\u0308ndelik hayatla ancak ona estetik bir bic\u0327im verebildig\u0306i zaman gerc\u0327ekten ilgilenir.\u201d TERRY EAGLETON <\/p>\n","protected":false},"excerpt":{"rendered":"<p>Mrs. Dalloway, bilinc\u0327 ak\u0131s\u0327\u0131 teknig\u0306ini bu\u0308yu\u0308k bir yetkinlikle kullanarak edebiyat tarihinde c\u0327\u0131g\u0306\u0131r ac\u0327an unutulmaz bir yap\u0131t. Londra\u2019n\u0131n o\u0308nde gelen simalar\u0131ndan Clarissa Dalloway evinde bir parti vermeye<span class=\"excerpt-hellip\"> [\u2026]<\/span><\/p>\n","protected":false},"featured_media":0,"template":"","meta":{"_monsterinsights_skip_tracking":false,"_monsterinsights_sitenote_active":false,"_monsterinsights_sitenote_note":"","_monsterinsights_sitenote_category":0},"product_brand":[],"product_cat":[12291,12866],"product_tag":[],"class_list":{"0":"post-689267","1":"product","2":"type-product","3":"status-publish","5":"product_cat-edebiyat","6":"product_cat-ingiliz-edebiyati","7":"pa_cilt-ciltsiz","8":"pa_tur-kitap","9":"pa_yayinevi-iletisim-yayinlari","10":"pa_yazar-virginia-woolf","12":"first","13":"instock","14":"sale","15":"shipping-taxable","16":"purchasable","17":"product-type-simple"},"_links":{"self":[{"href":"https:\/\/roveyayinevi.com.tr\/index.php\/wp-json\/wp\/v2\/product\/689267","targetHints":{"allow":["GET"]}}],"collection":[{"href":"https:\/\/roveyayinevi.com.tr\/index.php\/wp-json\/wp\/v2\/product"}],"about":[{"href":"https:\/\/roveyayinevi.com.tr\/index.php\/wp-json\/wp\/v2\/types\/product"}],"wp:attachment":[{"href":"https:\/\/roveyayinevi.com.tr\/index.php\/wp-json\/wp\/v2\/media?parent=689267"}],"wp:term":[{"taxonomy":"product_brand","embeddable":true,"href":"https:\/\/roveyayinevi.com.tr\/index.php\/wp-json\/wp\/v2\/product_brand?post=689267"},{"taxonomy":"product_cat","embeddable":true,"href":"https:\/\/roveyayinevi.com.tr\/index.php\/wp-json\/wp\/v2\/product_cat?post=689267"},{"taxonomy":"product_tag","embeddable":true,"href":"https:\/\/roveyayinevi.com.tr\/index.php\/wp-json\/wp\/v2\/product_tag?post=689267"}],"curies":[{"name":"wp","href":"https:\/\/api.w.org\/{rel}","templated":true}]}}