{"id":689266,"date":"2025-08-27T13:10:50","date_gmt":"2025-08-27T10:10:50","guid":{"rendered":"https:\/\/roveyayinevi.com.tr\/index.php\/urun\/modern-turkiyede-siyasi-dusunce-cilt-1-cumhuriyete-devreden-dusunce-mirasi-tanzimat-ve-mesrutiyetin-birikimi-ciltli\/"},"modified":"2026-04-16T01:58:48","modified_gmt":"2026-04-15T22:58:48","slug":"modern-turkiyede-siyasi-dusunce-cilt-1-cumhuriyete-devreden-dusunce-mirasi-tanzimat-ve-mesrutiyetin-birikimi-ciltli","status":"publish","type":"product","link":"https:\/\/roveyayinevi.com.tr\/index.php\/urun\/modern-turkiyede-siyasi-dusunce-cilt-1-cumhuriyete-devreden-dusunce-mirasi-tanzimat-ve-mesrutiyetin-birikimi-ciltli\/","title":{"rendered":"Modern T\u00fcrkiye&#8217;de Siyasi D\u00fc\u015f\u00fcnce Cilt 1 &#8211; Cumhuriyet\u2019e Devreden D\u00fc\u015f\u00fcnce Miras\u0131 Tanzimat ve Me\u015frutiyet\u2019in Birikimi (Ciltli)"},"content":{"rendered":"<p>Cumhuriyet T\u00fcrkiyesi\u2019nin siyasi fikirleri ve rejimin ideolojik\/kurumsal kanavas\u0131, Osmanl\u0131 \u0130mparatorlu\u011fu\u2019nun son d\u00f6neminde \u00f6r\u00fclm\u00fc\u015ft\u00fcr. \u201cYeni T\u00fcrkiye\u201dnin b\u00fct\u00fcn ak\u0131mlar\u0131n\u0131n izleri, Osmanl\u0131 modernle\u015fmesinin siyasal fikirlerinden, \u0130slamda reform aray\u0131\u015f\u0131ndan, Tanzimat ve 2. Me\u015frutiyet\u2019in tart\u0131\u015fmalar\u0131ndan ba\u015flayarak s\u00fcr\u00fclebilir. Yeni\/Bat\u0131l\u0131 d\u00fc\u015f\u00fcnsel paradigma etkisini g\u00fc\u00e7l\u00fc bi\u00e7imde hissettirmi\u015f, \u015fevkli bir d\u00fc\u015f\u00fcnsel ithalat ger\u00e7ekle\u015fmi\u015f; geleneksel, modern-\u00f6ncesi fikriyat\u0131 ihya etmeye d\u00f6n\u00fck \u00e7abalar da bu paradigma de\u011fi\u015fikli\u011finden etkilenmeden yapamam\u0131\u015ft\u0131r. \u00dcnl\u00fc Bat\u0131c\u0131l\u0131k-\u0130slamc\u0131l\u0131k-T\u00fcrk\u00e7\u00fcl\u00fck ayr\u0131\u015fmas\u0131&#8230; \u201cDevleti\/dini kurtarma\u201d motifi&#8230; Vatan, \u00f6zg\u00fcrl\u00fck, e\u015fitlik, demokrasi, parlamento, yurtta\u015fl\u0131k, me\u015fruiyet, anayasa, devrim gibi modern politikan\u0131n temel kavramlar\u0131yla hesapla\u015fmalar&#8230;. bu d\u00f6nemin y\u00fckl\u00fc g\u00fcndeminin ba\u015fl\u0131klar\u0131d\u0131r. \ufffcTan\u0131t\u0131m Metni<\/p>\n","protected":false},"excerpt":{"rendered":"<p>Cumhuriyet T\u00fcrkiyesi\u2019nin siyasi fikirleri ve rejimin ideolojik\/kurumsal kanavas\u0131, Osmanl\u0131 \u0130mparatorlu\u011fu\u2019nun son d\u00f6neminde \u00f6r\u00fclm\u00fc\u015ft\u00fcr. \u201cYeni T\u00fcrkiye\u201dnin b\u00fct\u00fcn ak\u0131mlar\u0131n\u0131n izleri, Osmanl\u0131 modernle\u015fmesinin siyasal fikirlerinden, \u0130slamda reform aray\u0131\u015f\u0131ndan, Tanzimat<span class=\"excerpt-hellip\"> [\u2026]<\/span><\/p>\n","protected":false},"featured_media":0,"template":"","meta":{"_monsterinsights_skip_tracking":false,"_monsterinsights_sitenote_active":false,"_monsterinsights_sitenote_note":"","_monsterinsights_sitenote_category":0},"product_brand":[],"product_cat":[13517,12304],"product_tag":[],"class_list":{"0":"post-689266","1":"product","2":"type-product","3":"status-publish","5":"product_cat-osmanli-tarihi","6":"product_cat-tarih","7":"pa_cilt-ciltli","8":"pa_tur-kitap","9":"pa_yayinevi-iletisim-yayinlari","10":"pa_yazar-kollektif","12":"first","13":"instock","14":"sale","15":"shipping-taxable","16":"purchasable","17":"product-type-simple"},"_links":{"self":[{"href":"https:\/\/roveyayinevi.com.tr\/index.php\/wp-json\/wp\/v2\/product\/689266","targetHints":{"allow":["GET"]}}],"collection":[{"href":"https:\/\/roveyayinevi.com.tr\/index.php\/wp-json\/wp\/v2\/product"}],"about":[{"href":"https:\/\/roveyayinevi.com.tr\/index.php\/wp-json\/wp\/v2\/types\/product"}],"wp:attachment":[{"href":"https:\/\/roveyayinevi.com.tr\/index.php\/wp-json\/wp\/v2\/media?parent=689266"}],"wp:term":[{"taxonomy":"product_brand","embeddable":true,"href":"https:\/\/roveyayinevi.com.tr\/index.php\/wp-json\/wp\/v2\/product_brand?post=689266"},{"taxonomy":"product_cat","embeddable":true,"href":"https:\/\/roveyayinevi.com.tr\/index.php\/wp-json\/wp\/v2\/product_cat?post=689266"},{"taxonomy":"product_tag","embeddable":true,"href":"https:\/\/roveyayinevi.com.tr\/index.php\/wp-json\/wp\/v2\/product_tag?post=689266"}],"curies":[{"name":"wp","href":"https:\/\/api.w.org\/{rel}","templated":true}]}}