{"id":689265,"date":"2025-08-27T13:10:50","date_gmt":"2025-08-27T10:10:50","guid":{"rendered":"https:\/\/roveyayinevi.com.tr\/index.php\/urun\/modern-turkiyede-siyasi-dusunce-cilt-7-liberalizm-ciltli\/"},"modified":"2026-04-16T01:58:48","modified_gmt":"2026-04-15T22:58:48","slug":"modern-turkiyede-siyasi-dusunce-cilt-7-liberalizm-ciltli","status":"publish","type":"product","link":"https:\/\/roveyayinevi.com.tr\/index.php\/urun\/modern-turkiyede-siyasi-dusunce-cilt-7-liberalizm-ciltli\/","title":{"rendered":"Modern T\u00fcrkiye&#8217;de Siyasi D\u00fc\u015f\u00fcnce Cilt 7 &#8211; Liberalizm (Ciltli)"},"content":{"rendered":"<p>\u0130leti\u015fim Yay\u0131nlar\u0131&#8217;n\u0131n sosyal bilimler alan\u0131nda b\u00fcy\u00fck ilgi g\u00f6renansiklopedik-kitap dizisi Modern T\u00fcrkiye&#8217;de Siyas\u00ee D\u00fc\u015f\u00fcnce&#8217;nin yedinci kitab\u0131olan Liberalizm, okurlar\u0131m\u0131z\u0131n ilgisine sunuldu. Edit\u00f6rl\u00fc\u011f\u00fcn\u00fc Murat Y\u0131lmaz&#8217;\u0131n yapt\u0131\u011f\u0131 bu ciltte 50&#8217;nin \u00fczerinde yaz\u0131 var ve 40&#8217;\u0131n \u00fczerinde yazar katk\u0131da bulunuyor. Bu ciltte yer alan yaz\u0131 ve yazarlar kitaptaki s\u0131ralar\u0131yla \u015f\u00f6yle: Mustafa Erdo\u011fan, Liberalim ve T\u00fcrkiye\u2019deki Ser\u00fcveni, Ahmet \u0130nsel, T\u00fcrkiye\u2019de Liberalizm Kavram\u0131n\u0131n Soy\u00e7izgisi, F. Hasan Arol, Mehmet Cavit Bey, Atilla Do\u011fan, Ulum-u \u0130ktisadiye ve \u0130\u00e7timaiye Mecmuas\u0131\u2019nda Liberal Anlay\u0131\u015f, Deniz Karaman, Ulum-u \u0130ktisadiye ve i\u00e7timaiye Mecmuas\u0131, Nilg\u00fcn Toker, T\u00fcrkiye\u2019de Liberalizm ve Birey, Hamit Bozarslan, Ali Fethi Okyar, H. Bahad\u0131r T\u00fcrk, Halide Edip Ad\u0131var\u2019\u0131n Liberalizmle \u0130mtihan\u0131, G\u00fcven Bak\u0131rezer, T\u00fcrkiye\u2019de Sosyal  Liberalizm(1908-1945), Murat Y\u0131lmaz, H\u00fcseyin S\u0131rr\u0131 Bellio\u011flu, Ahmet Demirel, Milli M\u00fccadele D\u00f6neminde Birinci Meclis\u2019teki Liberal Fikirler ve Tart\u0131\u015fmalar, Ahmet Demirel, Ali \u015e\u00fckr\u00fc Bey ve Tan Gazetesi, Murat Y\u0131lmaz, Tek Parti, CHP, Kemalizm ve Liberalizm, Murat Y\u0131lmaz, CHP \u0130lkelerinin 1937\u2019de Anayasaya giri\u015fi ve Liberalizmin Yasaklan\u0131\u015f\u0131, Murat Y\u0131lmaz, \u00c7ift\u00e7iyi Toprakland\u0131rma Kanunu G\u00f6r\u00fc\u015fmeleri, Cem Emrence, Serbest Cumhuriyet F\u0131rkas\u0131 (1930), Hakk\u0131 Uyar, SCF\u2019nin Yay\u0131n Organ\u0131: Serbest Cumhuriyet Gazetesi, Hakk\u0131 Uyar, A\u011fao\u011flu Ahmet\u2019in \u201cLiberal Muhalif\u201d Gazetesi: Ak\u0131n, Z\u00fcht\u00fc Arslan, T\u00fcrkiye\u2019de Liberal D\u00fc\u015f\u00fcncenin \u00d6n\u00fcndeki Engeller, Simten Co\u015far, Ahmet A\u011fao\u011flu, Cemil Ko\u00e7ak, H\u00fcseyin Cahit Yal\u00e7\u0131n ve Fikir Hareketleri Dergisi (1933-1940), Ferudun Y\u0131lmaz, Sabri F. \u00dclgener ve Liberalizm, Z\u00fcht\u00fc Arslan, T\u00fcrkiye\u2019de Anayasac\u0131l\u0131k Hareketleri ve Liberalizm, Aliyar Demirci, Ali Fuat Ba\u015fgil, H\u00fcseyin Sado\u011flu, H\u00fcr Fikirleri Yayma Cemiyeti, Murat Koralt\u00fcrk- Cem \u00c7etin, T\u00fcrkiye\u2019de Liberal \u0130ktisad\u00ee D\u00fc\u015f\u00fcnce, Emrah Akkurt, Feridun Ergin, Didem G\u00fcrses, Ahmet Hamdi Ba\u015far, Murat Y\u0131lmaz, Halil Mente\u015fe, Haluk Alkan, T\u00fcrk \u0130\u015fadamlar\u0131 ve Liberal D\u00fc\u015f\u00fcnce, Melih Y\u00fcr\u00fc\u015fen, Mehmet Ata Mermerci, Murat Y\u0131lmaz, Nam\u0131k Zeki Aral, Ay\u015fe Bu\u011fra, T\u00fcrk \u0130\u015fadamlar\u0131 ve Liberalizm, Hamit Emrah Beri\u015f, T\u00fcrk Sa\u011f\u0131 ve Liberalizm, Simten Co\u015far, Ayd\u0131n Yal\u00e7\u0131n, Simten Co\u015far, Yeni Forum, Ferudun Y\u0131lmaz, T\u00fcrkiye\u2019de \u00c7a\u011fda\u015f \u0130slamc\u0131 (\u0130ktisad\u00ee) D\u00fc\u015f\u00fcnce ve (\u0130ktisad\u00ee) Liberalizm, Ahmet Arslan, \u0130sl\u00e2m ve Liberal Demokrasi,  Mustafa Erdo\u011fan, Liberalizm ve \u0130sl\u00e2m, Soli \u00d6zel \u2013 Ali Sar\u0131kaya, T\u00fcrkiyede Liberalizmin Prangalar\u0131, Aliyar Demirci, Ahmet Emin Yalman, Tanel Demirel, Demokrat Parti, Tan\u0131l Bora, Adnan Menderes, Cumhur Arslan, Samet A\u011fao\u011flu, Ertu\u011frul G\u00fcnay, Fevzi L\u00fctfi Karaosmano\u011flu, Hamit Emrah Beri\u015f, Kemalist \u2013 Liberal Sentez \u00c7abas\u0131, Burhan \u00d6z\u00e7etin \u2013 Sibel Demirci, H\u00fcrriyet Partisi, Tanel Demirel, Adalet Partisi, Tan\u0131l Bora, S\u00fcleyman Demirel, Atilla Yayla, \u00d6zal, \u00d6zal Reformlar\u0131 ve Liberalizm, Tan\u0131l Bora, Turgut \u00d6zal, Alper G\u00f6rm\u00fc\u015f, 1990\u2019lar\u0131n Ba\u015f\u0131ndaki Liberal K\u0131v\u0131lc\u0131m: YDH, Bekir Berat \u00d6zipek, K\u00e2z\u0131m Berzeg, Bekir Berat \u00d6zipek, Liberal D\u00fc\u015f\u00fcnce Toplulu\u011fu, Ba\u011f\u0131\u015f Erten, Liberal (Demokrat?) Parti, Alev \u00d6zkazan\u00e7, T\u00fcrkiye\u2019nin Neo-Liberal D\u00f6n\u00fc\u015f\u00fcm\u00fc ve Liberal D\u00fc\u015f\u00fcnce, Necmi Erdo\u011fan \u2013 Fahriye \u00dcst\u00fcner, 1990\u2019larda \u201cSiyaset Sonras\u0131\u201d S\u00f6ylemler ve Denemeler. T\u00fcrkiye\u2019de liberalizmin, \u00e7ok partili d\u00f6neme ge\u00e7ildi\u011finden beri iktisad\u00ee ve siyas\u00ee \u201cmerkez\u201di olu\u015fturdu\u011fu varsay\u0131m\u0131 g\u00fc\u00e7l\u00fcd\u00fcr. Di\u011fer yandan, liberal siyasal kimli\u011fi benimseyenler, bu d\u00fc\u015f\u00fcnce ak\u0131m\u0131n\u0131n T\u00fcrkiye\u2019de hi\u00e7bir zaman -en az\u0131ndan \u00d6zal d\u00f6nemine kadar- tutarl\u0131 bir temele kavu\u015famad\u0131\u011f\u0131n\u0131 s\u00f6ylerler. MTSD serisinin yedinci cildi Liberalizm, bu tart\u0131\u015fmaya zengin malzeme sa\u011fl\u0131yor. Ciltte, ba\u015fta \u201cmerkez sa\u011f\u201d\u0131n partileri ve liderleri olmak \u00fczere, liberalizmle bir bi\u00e7imde ilintili say\u0131lagelen fig\u00fcrler, liberal ideolojiyle ba\u011flar\u0131 a\u00e7\u0131s\u0131ndan tahlil ediliyor. Liberal siyas\u00ee d\u00fc\u015f\u00fcnceyi temellendirmeye \u00e7al\u0131\u015fm\u0131\u015f -\u00e7o\u011fu unutulan- fikir insanlar\u0131, \u00e7evreler ele al\u0131n\u0131yor. Liberalizmin modernizm, milliyet\u00e7ilik, sa\u011fc\u0131l\u0131k, Kemalizm ve \u0130sl\u00e2mc\u0131l\u0131kla eklemlenme veya z\u0131tla\u015fma tarzlar\u0131 inceleniyor. Liberal y\u00f6nelimlere, d\u00f6nemsel ba\u011flamlar\u0131 i\u00e7inde de bak\u0131l\u0131yor. Bu cildin, \u00f6zelde Liberalizm d\u00fc\u015f\u00fcncesi, genelde de T\u00fcrk siyas\u00ee d\u00fc\u015f\u00fcncesi hakk\u0131nda daha derinlikli ve s\u00fcrekli bir d\u00fc\u015f\u00fcn\u00fcm i\u00e7in, b\u00fct\u00fcn eksikleriyle birlikte, g\u00fc\u00e7l\u00fc bir ad\u0131m olu\u015fturmas\u0131n\u0131 umuyoruz. <\/p>\n","protected":false},"excerpt":{"rendered":"<p>\u0130leti\u015fim Yay\u0131nlar\u0131&#8217;n\u0131n sosyal bilimler alan\u0131nda b\u00fcy\u00fck ilgi g\u00f6renansiklopedik-kitap dizisi Modern T\u00fcrkiye&#8217;de Siyas\u00ee D\u00fc\u015f\u00fcnce&#8217;nin yedinci kitab\u0131olan Liberalizm, okurlar\u0131m\u0131z\u0131n ilgisine sunuldu. Edit\u00f6rl\u00fc\u011f\u00fcn\u00fc Murat Y\u0131lmaz&#8217;\u0131n yapt\u0131\u011f\u0131 bu ciltte 50&#8217;nin<span class=\"excerpt-hellip\"> [\u2026]<\/span><\/p>\n","protected":false},"featured_media":0,"template":"","meta":{"_monsterinsights_skip_tracking":false,"_monsterinsights_sitenote_active":false,"_monsterinsights_sitenote_note":"","_monsterinsights_sitenote_category":0},"product_brand":[],"product_cat":[12304,13493],"product_tag":[],"class_list":{"0":"post-689265","1":"product","2":"type-product","3":"status-publish","5":"product_cat-tarih","6":"product_cat-turkiye-ve-cumhuriyet-tarihi","7":"pa_cilt-ciltli","8":"pa_tur-kitap","9":"pa_yayinevi-iletisim-yayinlari","10":"pa_yazar-kolektif","12":"first","13":"instock","14":"sale","15":"shipping-taxable","16":"purchasable","17":"product-type-simple"},"_links":{"self":[{"href":"https:\/\/roveyayinevi.com.tr\/index.php\/wp-json\/wp\/v2\/product\/689265","targetHints":{"allow":["GET"]}}],"collection":[{"href":"https:\/\/roveyayinevi.com.tr\/index.php\/wp-json\/wp\/v2\/product"}],"about":[{"href":"https:\/\/roveyayinevi.com.tr\/index.php\/wp-json\/wp\/v2\/types\/product"}],"wp:attachment":[{"href":"https:\/\/roveyayinevi.com.tr\/index.php\/wp-json\/wp\/v2\/media?parent=689265"}],"wp:term":[{"taxonomy":"product_brand","embeddable":true,"href":"https:\/\/roveyayinevi.com.tr\/index.php\/wp-json\/wp\/v2\/product_brand?post=689265"},{"taxonomy":"product_cat","embeddable":true,"href":"https:\/\/roveyayinevi.com.tr\/index.php\/wp-json\/wp\/v2\/product_cat?post=689265"},{"taxonomy":"product_tag","embeddable":true,"href":"https:\/\/roveyayinevi.com.tr\/index.php\/wp-json\/wp\/v2\/product_tag?post=689265"}],"curies":[{"name":"wp","href":"https:\/\/api.w.org\/{rel}","templated":true}]}}