{"id":689264,"date":"2025-08-27T13:10:49","date_gmt":"2025-08-27T10:10:49","guid":{"rendered":"https:\/\/roveyayinevi.com.tr\/index.php\/urun\/felsefe-tarihi-cilt-2-modern-dunyanin-yaratilmasi\/"},"modified":"2026-04-16T01:58:48","modified_gmt":"2026-04-15T22:58:48","slug":"felsefe-tarihi-cilt-2-modern-dunyanin-yaratilmasi","status":"publish","type":"product","link":"https:\/\/roveyayinevi.com.tr\/index.php\/urun\/felsefe-tarihi-cilt-2-modern-dunyanin-yaratilmasi\/","title":{"rendered":"Felsefe Tarihi Cilt 2: Modern D\u00fcnyan\u0131n Yarat\u0131lmas\u0131"},"content":{"rendered":"<p>Felsefe Tarihi serisi, Modern D\u00fcnyan\u0131n Yarat\u0131lmas\u0131\u2019yla devam ediyor. Orta\u00e7a\u011f\u2019\u0131n felsefi ak\u0131mlar\u0131ndan yola \u00e7\u0131kan bu cilt, R\u00f6nesans\u2019la olu\u015fan yeni d\u00fcnya imaj\u0131na, modernitenin yarat\u0131c\u0131 d\u00fc\u015f\u00fcncelerine ve bug\u00fcn genellikle Klasik \u00c7a\u011f olarak nitelenen d\u00f6neme kadar uzan\u0131yor. Jacqueline Russ y\u00f6netimindeki ekip, Bat\u0131\u2019da dinin d\u00fc\u015f\u00fcnce d\u00fcnyas\u0131 \u00fczerindeki etkisinin yerini bilimsel ve felsefi bir devrime b\u0131rakt\u0131\u011f\u0131 siyaset felsefesinin filizlendi\u011fi R\u00f6nesans\u2019la birlikte modern d\u00fc\u015f\u00fcnceye uzanan yolun en \u00f6nemli duraklar\u0131n\u0131 tan\u0131t\u0131yor. Modern d\u00fcnyan\u0131n yarat\u0131lmas\u0131 na sahne olan bu uzun d\u00f6nemde, Do\u011fu\u2019dan Bat\u0131\u2019ya t\u00fcm d\u00fc\u015f\u00fcnce sistemleri, birbirleriyle ili\u015fki i\u00e7inde ele al\u0131n\u0131yor. Plotinus, Nikolaus von Kues, Albertus Magnus, Roger Bacon, Machiavelli, Montaigne, Descartes, Spinoza, Malebranche, Leibniz, Pascal, Hobbes, Locke gibi bu d\u00f6neme damga vuran filozoflarla H\u0131ristiyan, Yahudi, \u0130slam, Hint ve \u00c7in d\u00fc\u015f\u00fcncelerinden farkl\u0131 ak\u0131mlar ve isimler bir arada inceleniyor. Farkl\u0131 alanlardan pek \u00e7ok uzman\u0131n imzas\u0131n\u0131 ta\u015f\u0131yan, yaln\u0131zca felsefe de\u011fil, edebiyat, tarih ve siyaset bilimi alanlar\u0131na da hitap eden bir kaynak eser. \ufffcTan\u0131t\u0131m Metni<\/p>\n","protected":false},"excerpt":{"rendered":"<p>Felsefe Tarihi serisi, Modern D\u00fcnyan\u0131n Yarat\u0131lmas\u0131\u2019yla devam ediyor. Orta\u00e7a\u011f\u2019\u0131n felsefi ak\u0131mlar\u0131ndan yola \u00e7\u0131kan bu cilt, R\u00f6nesans\u2019la olu\u015fan yeni d\u00fcnya imaj\u0131na, modernitenin yarat\u0131c\u0131 d\u00fc\u015f\u00fcncelerine ve bug\u00fcn genellikle<span class=\"excerpt-hellip\"> [\u2026]<\/span><\/p>\n","protected":false},"featured_media":0,"template":"","meta":{"_monsterinsights_skip_tracking":false,"_monsterinsights_sitenote_active":false,"_monsterinsights_sitenote_note":"","_monsterinsights_sitenote_category":0},"product_brand":[],"product_cat":[12389,12388],"product_tag":[],"class_list":{"0":"post-689264","1":"product","2":"type-product","3":"status-publish","5":"product_cat-diger-felsefe","6":"product_cat-felsefe","7":"pa_cilt-ciltsiz","8":"pa_tur-kitap","9":"pa_yayinevi-iletisim-yayinlari","10":"pa_yazar-a-baudart","11":"pa_yazar-f-chenet","12":"pa_yazar-f-farago","13":"pa_yazar-j-p-dumont","15":"first","16":"instock","17":"sale","18":"shipping-taxable","19":"purchasable","20":"product-type-simple"},"_links":{"self":[{"href":"https:\/\/roveyayinevi.com.tr\/index.php\/wp-json\/wp\/v2\/product\/689264","targetHints":{"allow":["GET"]}}],"collection":[{"href":"https:\/\/roveyayinevi.com.tr\/index.php\/wp-json\/wp\/v2\/product"}],"about":[{"href":"https:\/\/roveyayinevi.com.tr\/index.php\/wp-json\/wp\/v2\/types\/product"}],"wp:attachment":[{"href":"https:\/\/roveyayinevi.com.tr\/index.php\/wp-json\/wp\/v2\/media?parent=689264"}],"wp:term":[{"taxonomy":"product_brand","embeddable":true,"href":"https:\/\/roveyayinevi.com.tr\/index.php\/wp-json\/wp\/v2\/product_brand?post=689264"},{"taxonomy":"product_cat","embeddable":true,"href":"https:\/\/roveyayinevi.com.tr\/index.php\/wp-json\/wp\/v2\/product_cat?post=689264"},{"taxonomy":"product_tag","embeddable":true,"href":"https:\/\/roveyayinevi.com.tr\/index.php\/wp-json\/wp\/v2\/product_tag?post=689264"}],"curies":[{"name":"wp","href":"https:\/\/api.w.org\/{rel}","templated":true}]}}