{"id":689263,"date":"2025-08-27T13:10:49","date_gmt":"2025-08-27T10:10:49","guid":{"rendered":"https:\/\/roveyayinevi.com.tr\/index.php\/urun\/sanat-komplosu-yeni-sanat-duzeni-ve-cagdas-estetik-1\/"},"modified":"2026-04-16T01:58:48","modified_gmt":"2026-04-15T22:58:48","slug":"sanat-komplosu-yeni-sanat-duzeni-ve-cagdas-estetik-1","status":"publish","type":"product","link":"https:\/\/roveyayinevi.com.tr\/index.php\/urun\/sanat-komplosu-yeni-sanat-duzeni-ve-cagdas-estetik-1\/","title":{"rendered":"Sanat Komplosu: Yeni Sanat D\u00fczeni ve \u00c7a\u011fda\u015f Estetik 1"},"content":{"rendered":"<p>Jean Baudrillard, 1996\u2019da Sanat Komplosu\u2019nu yay\u0131nlad\u0131\u011f\u0131nda, art\u0131k \u00e7a\u011fda\u015f sanat\u0131n varl\u0131k nedeni kalmad\u0131\u011f\u0131n\u0131 ilan ederek sanat \u00e7evrelerinde b\u00fcy\u00fck bir skandala yol a\u00e7t\u0131. \u201cSanat, baya\u011f\u0131l\u0131\u011fa, at\u0131klara, vasatl\u0131\u011fa, de\u011fer ve ideoloji diye el koyuyor,\u201d diye yazm\u0131\u015f, \u00e7a\u011fda\u015f sanat\u0131n h\u00fck\u00fcms\u00fcz oldu\u011funu, bir hi\u00e7 oldu\u011funu belirtmi\u015fti. Bu \u201csald\u0131r\u0131\u201d kar\u015f\u0131s\u0131nda baz\u0131 ele\u015ftirmen ve k\u00fcrat\u00f6rler Baudrillard ismini defterlerinden sildiler; i\u015fi bilenlerse, yank\u0131lar uyand\u0131ran bu parlak \u201cskandal\u0131n\u201d \u015fehvetli \u00fcrpertisini hissettiler yaln\u0131zca. Sanat hakk\u0131nda ne s\u00f6ylendi\u011fi \u00f6nemli de\u011fildi \u2013 yeter ki sanattan s\u00f6z edilsin. D\u00fcnya \u00e7ap\u0131ndaki \u201cYeni Sanat D\u00fczeni,\u201d \u00f6ylesine g\u00fc\u00e7l\u00fc ve g\u00f6z kama\u015ft\u0131r\u0131c\u0131yd\u0131 ki, kendisine y\u00f6nelik her t\u00fcrl\u00fc tehdidi k\u0131\u015fk\u0131rtmaya da, bu tehditleri sindirip massetmeye de muktedirdi. Sanat Komplosu\u2019nda Baudrillard da tam olarak bunu iddia ediyordu: Ele\u015ftiri bir ele\u015ftiri yan\u0131lsamas\u0131na, t\u00fcketim d\u00fczenine i\u00e7kin bir kar\u015f\u0131-s\u00f6yleme d\u00f6n\u00fc\u015fm\u00fc\u015ft\u00fc. G\u00fcn\u00fcm\u00fczde sanat, t\u0131pk\u0131 herhangi bir ticar\u00ee i\u015fletme gibi, kariyer f\u0131rsatlar\u0131, k\u00e2rl\u0131 yat\u0131r\u0131mlar ve y\u00fcceltilmi\u015f t\u00fcketim nesneleri sunuyor. Sanatla ilgisi olmayan her \u015fey sanata d\u00f6n\u00fc\u015fmekte. Roland Barthes, \u201cAmerika\u2019da cinsel ili\u015fki d\u0131\u015f\u0131nda her yerde cinsellikle kar\u015f\u0131la\u015fabilirsiniz,\u201d derdi. \u015eimdi her yerde sanat var, sanatta bile. Sylv\u00e8re Lotringer Jean Baudrillard, 1968 devrimi ertesinde d\u00fc\u015f\u00fcnce d\u00fcnyas\u0131nda ya\u015fanan Paris merkezli radikal d\u00f6n\u00fc\u015f\u00fcm\u00fcn avangard\u0131d\u0131r. Onun geli\u015ftirdi\u011fi \u201csim\u00fclasyon\u201d, \u201chiper ger\u00e7eklik\u201d gibi kavramlar bug\u00fcn k\u00fclt\u00fcrel ele\u015ftirinin anahtarlar\u0131n\u0131 olu\u015fturur. Baudrillard\u2019\u0131n sanathayat dizisinden yay\u0131nlamaya devam edece\u011fimiz \u00e7a\u011fda\u015f sanat ve estetik \u00fczerine incelemeleri, \u00e7a\u011fda\u015f sanat \u00fczerine d\u00fc\u015f\u00fcnenlerin temel referanslar\u0131 say\u0131l\u0131r.<\/p>\n","protected":false},"excerpt":{"rendered":"<p>Jean Baudrillard, 1996\u2019da Sanat Komplosu\u2019nu yay\u0131nlad\u0131\u011f\u0131nda, art\u0131k \u00e7a\u011fda\u015f sanat\u0131n varl\u0131k nedeni kalmad\u0131\u011f\u0131n\u0131 ilan ederek sanat \u00e7evrelerinde b\u00fcy\u00fck bir skandala yol a\u00e7t\u0131. \u201cSanat, baya\u011f\u0131l\u0131\u011fa, at\u0131klara, vasatl\u0131\u011fa, de\u011fer<span class=\"excerpt-hellip\"> [\u2026]<\/span><\/p>\n","protected":false},"featured_media":0,"template":"","meta":{"_monsterinsights_skip_tracking":false,"_monsterinsights_sitenote_active":false,"_monsterinsights_sitenote_note":"","_monsterinsights_sitenote_category":0},"product_brand":[],"product_cat":[12408,14197],"product_tag":[],"class_list":{"0":"post-689263","1":"product","2":"type-product","3":"status-publish","5":"product_cat-sanat","6":"product_cat-sanat-tarihi","7":"pa_cilt-ciltsiz","8":"pa_tur-kitap","9":"pa_yayinevi-iletisim-yayinlari","10":"pa_yazar-jean-baudrillard","12":"first","13":"instock","14":"sale","15":"shipping-taxable","16":"purchasable","17":"product-type-simple"},"_links":{"self":[{"href":"https:\/\/roveyayinevi.com.tr\/index.php\/wp-json\/wp\/v2\/product\/689263","targetHints":{"allow":["GET"]}}],"collection":[{"href":"https:\/\/roveyayinevi.com.tr\/index.php\/wp-json\/wp\/v2\/product"}],"about":[{"href":"https:\/\/roveyayinevi.com.tr\/index.php\/wp-json\/wp\/v2\/types\/product"}],"wp:attachment":[{"href":"https:\/\/roveyayinevi.com.tr\/index.php\/wp-json\/wp\/v2\/media?parent=689263"}],"wp:term":[{"taxonomy":"product_brand","embeddable":true,"href":"https:\/\/roveyayinevi.com.tr\/index.php\/wp-json\/wp\/v2\/product_brand?post=689263"},{"taxonomy":"product_cat","embeddable":true,"href":"https:\/\/roveyayinevi.com.tr\/index.php\/wp-json\/wp\/v2\/product_cat?post=689263"},{"taxonomy":"product_tag","embeddable":true,"href":"https:\/\/roveyayinevi.com.tr\/index.php\/wp-json\/wp\/v2\/product_tag?post=689263"}],"curies":[{"name":"wp","href":"https:\/\/api.w.org\/{rel}","templated":true}]}}