{"id":689262,"date":"2025-08-27T13:10:49","date_gmt":"2025-08-27T10:10:49","guid":{"rendered":"https:\/\/roveyayinevi.com.tr\/index.php\/urun\/samanizm\/"},"modified":"2026-04-16T01:58:48","modified_gmt":"2026-04-15T22:58:48","slug":"samanizm","status":"publish","type":"product","link":"https:\/\/roveyayinevi.com.tr\/index.php\/urun\/samanizm\/","title":{"rendered":"\u015eamanizm"},"content":{"rendered":"<p>Michel Perrin\u2019in bu \u00e7al\u0131\u015fmas\u0131 \u015famanizme ili\u015fkin geni\u015f ve g\u00fcncel bilgileri sergileme sav\u0131ndad\u0131r. \u015eamanizm bir din midir, yoksa herkesin yapabilece\u011fi bir t\u00fcr b\u00fcy\u00fc m\u00fc? Modern etneloglardan baz\u0131lar\u0131 \u015famanizmi kurumlar\u0131n b\u00fct\u00fcn\u00fcn\u00fc ilgilendiren toplumsal bir olgu olarak alg\u0131larlar. Onlara g\u00f6re \u015famanizm, dinsel, simgesel, ekonomik, siyasal ve estetik bir ger\u00e7ekliktir. Bu ba\u011flamda \u015faman da bir y\u00f6netici, hastal\u0131klar\u0131 tedavi eden bir uzman, zeki bir psikolog, yetkin bir sanat\u00e7\u0131 ve bir \u2018teknisyen\u2019dir. Tanr\u0131lar\u0131n ve do\u011fan\u0131n kopmaz bir b\u00fct\u00fcn olu\u015fturdu\u011fu, gece ile g\u00fcnd\u00fcze kap\u0131lar\u0131 her zaman a\u00e7\u0131k olan \u015famanist evren, duyu ve simgelerle y\u00fckl\u00fcd\u00fcr ve bug\u00fcn bile bizi hala \u00e7ekmekte ve b\u00fcy\u00fclemektedir. Bu kitap, g\u00fcn\u00fcm\u00fcz bilimlerinden yoksun insanlar\u0131n, olaylar\u0131n ak\u0131\u015f\u0131n\u0131 a\u00e7\u0131klamak, do\u011fayla y\u00fcz a\u011fart\u0131c\u0131 bir ili\u015fki olu\u015fturmak, ac\u0131lar\u0131 ve kayg\u0131lar\u0131 gidermek i\u00e7in nas\u0131l tutarl\u0131 bir entelekt\u00fcel ve dinsel sistem olu\u015fturduklar\u0131n\u0131 ke\u015ffetmemizi ve anlamam\u0131z\u0131 sa\u011fl\u0131yor. <\/p>\n","protected":false},"excerpt":{"rendered":"<p>Michel Perrin\u2019in bu \u00e7al\u0131\u015fmas\u0131 \u015famanizme ili\u015fkin geni\u015f ve g\u00fcncel bilgileri sergileme sav\u0131ndad\u0131r. \u015eamanizm bir din midir, yoksa herkesin yapabilece\u011fi bir t\u00fcr b\u00fcy\u00fc m\u00fc? Modern etneloglardan baz\u0131lar\u0131<span class=\"excerpt-hellip\"> [\u2026]<\/span><\/p>\n","protected":false},"featured_media":0,"template":"","meta":{"_monsterinsights_skip_tracking":false,"_monsterinsights_sitenote_active":false,"_monsterinsights_sitenote_note":"","_monsterinsights_sitenote_category":0},"product_brand":[],"product_cat":[12718,12858],"product_tag":[],"class_list":{"0":"post-689262","1":"product","2":"type-product","3":"status-publish","5":"product_cat-din","6":"product_cat-mitolojiler","7":"pa_cilt-ciltsiz","8":"pa_tur-kitap","9":"pa_yayinevi-iletisim-yayinlari","10":"pa_yazar-michel-perrin","12":"first","13":"instock","14":"sale","15":"shipping-taxable","16":"purchasable","17":"product-type-simple"},"_links":{"self":[{"href":"https:\/\/roveyayinevi.com.tr\/index.php\/wp-json\/wp\/v2\/product\/689262","targetHints":{"allow":["GET"]}}],"collection":[{"href":"https:\/\/roveyayinevi.com.tr\/index.php\/wp-json\/wp\/v2\/product"}],"about":[{"href":"https:\/\/roveyayinevi.com.tr\/index.php\/wp-json\/wp\/v2\/types\/product"}],"wp:attachment":[{"href":"https:\/\/roveyayinevi.com.tr\/index.php\/wp-json\/wp\/v2\/media?parent=689262"}],"wp:term":[{"taxonomy":"product_brand","embeddable":true,"href":"https:\/\/roveyayinevi.com.tr\/index.php\/wp-json\/wp\/v2\/product_brand?post=689262"},{"taxonomy":"product_cat","embeddable":true,"href":"https:\/\/roveyayinevi.com.tr\/index.php\/wp-json\/wp\/v2\/product_cat?post=689262"},{"taxonomy":"product_tag","embeddable":true,"href":"https:\/\/roveyayinevi.com.tr\/index.php\/wp-json\/wp\/v2\/product_tag?post=689262"}],"curies":[{"name":"wp","href":"https:\/\/api.w.org\/{rel}","templated":true}]}}