{"id":689260,"date":"2025-08-27T13:10:49","date_gmt":"2025-08-27T10:10:49","guid":{"rendered":"https:\/\/roveyayinevi.com.tr\/index.php\/urun\/son-kurt-isyani\/"},"modified":"2026-04-16T01:58:47","modified_gmt":"2026-04-15T22:58:47","slug":"son-kurt-isyani","status":"publish","type":"product","link":"https:\/\/roveyayinevi.com.tr\/index.php\/urun\/son-kurt-isyani\/","title":{"rendered":"Son K\u00fcrt \u0130syan\u0131"},"content":{"rendered":"<p>K\u00fcrt meselesi: Niye var?   Mesut Ye\u011fen\u2019in elinizdeki kitaptaki sorgulamas\u0131, bu basit ve temel soruyla ba\u015fl\u0131yor. Y\u0131llarca etraf\u0131nda d\u00f6n\u00fcl\u00fcp durulan ve bir t\u00fcrl\u00fc i\u00e7inden \u00e7\u0131k\u0131lamayan bir meseleyi ilk defa kar\u015f\u0131la\u015f\u0131yormu\u015f\u00e7as\u0131na yal\u0131n, a\u00e7\u0131k se\u00e7ik ortaya koymak zihin a\u00e7\u0131c\u0131d\u0131r. Mesut Ye\u011fen, bu \u2018sadele\u015ftirmeyi\u2019 yap\u0131yor. Fakat orada kalm\u0131yor, ayn\u0131 zamanda K\u00fcrt Meselesinin somut g\u00f6r\u00fcn\u00fcmlerine, zorlu ayr\u0131nt\u0131lar\u0131na giriyor. K\u00fcrt\u00e7e e\u011fitim, demokratik \u00f6zerklik gibi en hararetli tart\u0131\u015fma ba\u015fl\u0131klar\u0131 <\/p>\n","protected":false},"excerpt":{"rendered":"<p>K\u00fcrt meselesi: Niye var? Mesut Ye\u011fen\u2019in elinizdeki kitaptaki sorgulamas\u0131, bu basit ve temel soruyla ba\u015fl\u0131yor. Y\u0131llarca etraf\u0131nda d\u00f6n\u00fcl\u00fcp durulan ve bir t\u00fcrl\u00fc i\u00e7inden \u00e7\u0131k\u0131lamayan bir meseleyi<span class=\"excerpt-hellip\"> [\u2026]<\/span><\/p>\n","protected":false},"featured_media":0,"template":"","meta":{"_monsterinsights_skip_tracking":false,"_monsterinsights_sitenote_active":false,"_monsterinsights_sitenote_note":"","_monsterinsights_sitenote_category":0},"product_brand":[],"product_cat":[13656,12337],"product_tag":[],"class_list":{"0":"post-689260","1":"product","2":"type-product","3":"status-publish","5":"product_cat-azinliklar-etnik-sorunlar","6":"product_cat-politika-siyaset","7":"pa_cilt-ciltsiz","8":"pa_tur-kitap","9":"pa_yayinevi-iletisim-yayinlari","10":"pa_yazar-mesut-yegen","12":"first","13":"instock","14":"sale","15":"shipping-taxable","16":"purchasable","17":"product-type-simple"},"_links":{"self":[{"href":"https:\/\/roveyayinevi.com.tr\/index.php\/wp-json\/wp\/v2\/product\/689260","targetHints":{"allow":["GET"]}}],"collection":[{"href":"https:\/\/roveyayinevi.com.tr\/index.php\/wp-json\/wp\/v2\/product"}],"about":[{"href":"https:\/\/roveyayinevi.com.tr\/index.php\/wp-json\/wp\/v2\/types\/product"}],"wp:attachment":[{"href":"https:\/\/roveyayinevi.com.tr\/index.php\/wp-json\/wp\/v2\/media?parent=689260"}],"wp:term":[{"taxonomy":"product_brand","embeddable":true,"href":"https:\/\/roveyayinevi.com.tr\/index.php\/wp-json\/wp\/v2\/product_brand?post=689260"},{"taxonomy":"product_cat","embeddable":true,"href":"https:\/\/roveyayinevi.com.tr\/index.php\/wp-json\/wp\/v2\/product_cat?post=689260"},{"taxonomy":"product_tag","embeddable":true,"href":"https:\/\/roveyayinevi.com.tr\/index.php\/wp-json\/wp\/v2\/product_tag?post=689260"}],"curies":[{"name":"wp","href":"https:\/\/api.w.org\/{rel}","templated":true}]}}