{"id":689255,"date":"2025-08-27T13:10:48","date_gmt":"2025-08-27T10:10:48","guid":{"rendered":"https:\/\/roveyayinevi.com.tr\/index.php\/urun\/modern-devlet-ve-polis-osmanlidan-cumhuriyete-toplumsal-denetimin-diyalektigi\/"},"modified":"2026-04-16T01:58:47","modified_gmt":"2026-04-15T22:58:47","slug":"modern-devlet-ve-polis-osmanlidan-cumhuriyete-toplumsal-denetimin-diyalektigi","status":"publish","type":"product","link":"https:\/\/roveyayinevi.com.tr\/index.php\/urun\/modern-devlet-ve-polis-osmanlidan-cumhuriyete-toplumsal-denetimin-diyalektigi\/","title":{"rendered":"Modern Devlet ve Polis: Osmanl\u0131&#8217;dan Cumhuriyet&#8217;e Toplumsal Denetimin Diyalekti\u011fi"},"content":{"rendered":"<p>Polisin ordudan ayr\u0131\u015farak, ayr\u0131 bir \u2018\u2018i\u015f\u2019\u2019 ve ayg\u0131t olarak kurumsalla\u015fmas\u0131, modern devletin temel \u00f6nemde bir ve\u00e7hesidir. Zira polis, devletin, toplumu \u00fcst\u00fcnden\/d\u0131\u015f\u0131ndan de\u011fil ona n\u00fcfuz ederek denetleme yetene\u011finin geli\u015fmesinde kilit i\u015flev ta\u015f\u0131r. Tepkici-bast\u0131r\u0131c\u0131 olmaktan ziyade \u2018\u00f6nleyici\u2019 nitelikteki bu denetim mekanizmas\u0131, devlet iktidar\u0131n\u0131n modern niteli\u011fini olu\u015fturur. Devletin otoritesini ve denetim g\u00fcc\u00fcn\u00fcn ger\u00e7ekle\u015ftirmek yan\u0131nda, helk\u0131n talep ve tepkilerinin de i\u00e7ine \u2018s\u0131zabildi\u011fi\u2019, \u00e7ift y\u00f6nl\u00fc bir mekanizmad\u0131r bu. Bu yan\u0131yla, yurtta\u015f haklar\u0131n\u0131n \u00e7er\u00e7evelenmesinde de bir etkendir. \u00d6te yandan modern devlette polis ayn\u0131 zamanda kapitalist toplumdaki polistir ve alt s\u0131n\u0131flar\u0131n \u2018yap\u0131sal\u2019 olarak su\u00e7lu addedilmesi, polis nizam\u0131n\u0131n kurulmas\u0131n\u0131n karakteristik bir \u00f6zelli\u011fidir. Ferdan Ergut\u2019un kitab\u0131, \u00f6ncelikle modern devlette polisin bu asli i\u015flevini ortaya koyuyor. Ve bu kurumsal temelde, T\u00fcrkiye\u2019de polisin kurulu\u015funu inceliyor. Polisin, \u0130ttihat-Terakki ve Cumhuriyet y\u00f6netimlerinin, ba\u015fka deyi\u015fle 1908 ve 1923 devrimlerinin s\u00fcreklili\u011fi i\u00e7inde, -Milli M\u00fccadele d\u00f6nemindeki bir \u2018geri gidi\u015fe\u2019 ra\u011fmen -Tek-Parti d\u00f6nemine dek uzanan kurumla\u015fmas\u0131n\u0131 analiz ediyor kitap. Bu vesileyle, T\u00fcrkiye\u2019de modern devletin in\u015fa s\u00fcrecinin \u00f6zelliklerine yorum getiriyor. Bu tarihsel deneyimin sonucunda ortaya \u00e7\u0131kan, ordudan \u00f6zerk ama kendi i\u00e7indeki militarist yap\u0131y\u0131, T\u00fcrk Polisi\u2019nin paradoksal karakter \u00f6zelli\u011fi olarak sapt\u0131yor Ergut. Nas\u0131l toplumsal olaylara \u2018polisiye\u2019 g\u00f6zle bakmakta sorun varsa, polis olgusunu da \u2018polisiye\u2019 g\u00f6zle g\u00f6rerek toplumsal ve siyasal analizden d\u0131\u015flamakta sorun var. Bu \u00f6nemli kitap, \u2018polis\u2019i sosyal teori ve siyasetin konusu yapmak y\u00f6n\u00fcnde bir \u00e7a\u011fr\u0131, ayn\u0131 zamanda. \ufffcTan\u0131t\u0131m Metni<\/p>\n","protected":false},"excerpt":{"rendered":"<p>Polisin ordudan ayr\u0131\u015farak, ayr\u0131 bir \u2018\u2018i\u015f\u2019\u2019 ve ayg\u0131t olarak kurumsalla\u015fmas\u0131, modern devletin temel \u00f6nemde bir ve\u00e7hesidir. Zira polis, devletin, toplumu \u00fcst\u00fcnden\/d\u0131\u015f\u0131ndan de\u011fil ona n\u00fcfuz ederek denetleme<span class=\"excerpt-hellip\"> [\u2026]<\/span><\/p>\n","protected":false},"featured_media":0,"template":"","meta":{"_monsterinsights_skip_tracking":false,"_monsterinsights_sitenote_active":false,"_monsterinsights_sitenote_note":"","_monsterinsights_sitenote_category":0},"product_brand":[],"product_cat":[13517,12304],"product_tag":[],"class_list":{"0":"post-689255","1":"product","2":"type-product","3":"status-publish","5":"product_cat-osmanli-tarihi","6":"product_cat-tarih","7":"pa_cilt-ciltsiz","8":"pa_tur-kitap","9":"pa_yayinevi-iletisim-yayinlari","10":"pa_yazar-ferdan-ergut","12":"first","13":"instock","14":"sale","15":"shipping-taxable","16":"purchasable","17":"product-type-simple"},"_links":{"self":[{"href":"https:\/\/roveyayinevi.com.tr\/index.php\/wp-json\/wp\/v2\/product\/689255","targetHints":{"allow":["GET"]}}],"collection":[{"href":"https:\/\/roveyayinevi.com.tr\/index.php\/wp-json\/wp\/v2\/product"}],"about":[{"href":"https:\/\/roveyayinevi.com.tr\/index.php\/wp-json\/wp\/v2\/types\/product"}],"wp:attachment":[{"href":"https:\/\/roveyayinevi.com.tr\/index.php\/wp-json\/wp\/v2\/media?parent=689255"}],"wp:term":[{"taxonomy":"product_brand","embeddable":true,"href":"https:\/\/roveyayinevi.com.tr\/index.php\/wp-json\/wp\/v2\/product_brand?post=689255"},{"taxonomy":"product_cat","embeddable":true,"href":"https:\/\/roveyayinevi.com.tr\/index.php\/wp-json\/wp\/v2\/product_cat?post=689255"},{"taxonomy":"product_tag","embeddable":true,"href":"https:\/\/roveyayinevi.com.tr\/index.php\/wp-json\/wp\/v2\/product_tag?post=689255"}],"curies":[{"name":"wp","href":"https:\/\/api.w.org\/{rel}","templated":true}]}}