{"id":689252,"date":"2025-08-27T13:10:47","date_gmt":"2025-08-27T10:10:47","guid":{"rendered":"https:\/\/roveyayinevi.com.tr\/index.php\/urun\/miguel\/"},"modified":"2026-04-16T01:58:47","modified_gmt":"2026-04-15T22:58:47","slug":"miguel","status":"publish","type":"product","link":"https:\/\/roveyayinevi.com.tr\/index.php\/urun\/miguel\/","title":{"rendered":"Miguel"},"content":{"rendered":"<p>Miguel\u2019in herkesinki gibi, s\u0131radan bir hayat\u0131 vard\u0131: Okul sonras\u0131 arkada\u015flar\u0131yla spor sahas\u0131nda bulu\u015fup ma\u00e7 yap\u0131yor, ak\u015famlar\u0131 televizyon seyrediyor ya da video oyunu oynuyor, hafta sonlar\u0131ysa anne babas\u0131yla al\u0131\u015fveri\u015f merkezinde zaman ge\u00e7iriyordu. Bu pek rahat ve keyifli rutin, bir pazar g\u00fcn\u00fc al\u0131\u015fveri\u015f merkezinin otopark\u0131nda tan\u0131\u015ft\u0131\u011f\u0131 evsiz bir adam y\u00fcz\u00fcnden tepetaklak olur. Miguel beline kadar \u00e7\u00f6p bidonuna girmi\u015f, i\u00e7ini kar\u0131\u015ft\u0131ran bu tuhaf adamdan ba\u015fta biraz \u00e7ekinir. Ne de olsa anne babas\u0131 onu her f\u0131rsatta sokakta kar\u015f\u0131la\u015ft\u0131\u011f\u0131 yabanc\u0131larla, hele de b\u00f6yle s\u0131ra d\u0131\u015f\u0131 ki\u015filerle konu\u015fmamas\u0131 konusunda uyarm\u0131\u015ft\u0131r&#8230; Ne var ki bu beyaz sakall\u0131, uzun ve da\u011f\u0131n\u0131k sa\u00e7l\u0131 adam\u0131n tuhaf bir \u00e7ekicili\u011fi vard\u0131r ve Miguel kendisini ona yak\u0131nla\u015fmaktan al\u0131koyamaz. Umursamaz tav\u0131rl\u0131 ihtiyar, birden kitaplardan, \u015fiir okumay\u0131 ne kadar sevdi\u011finden s\u00f6z etmeye ba\u015flar&#8230; Miguel evsizlere, yaln\u0131zlara, ailesinden uzak olanlara, yani k\u0131saca \u201cherkes kadar \u015fansl\u0131 olmayanlar\u201da odaklan\u0131yor. Yazar Alfredo G\u00f3mez Cerd\u00e1, okuru ba\u015fkalar\u0131n\u0131 anlamaya ve hayat\u0131 onlar\u0131n g\u00f6z\u00fcnden g\u00f6rmeye \u00e7a\u011f\u0131r\u0131yor \ufffc<\/p>\n","protected":false},"excerpt":{"rendered":"<p>Miguel\u2019in herkesinki gibi, s\u0131radan bir hayat\u0131 vard\u0131: Okul sonras\u0131 arkada\u015flar\u0131yla spor sahas\u0131nda bulu\u015fup ma\u00e7 yap\u0131yor, ak\u015famlar\u0131 televizyon seyrediyor ya da video oyunu oynuyor, hafta sonlar\u0131ysa anne<span class=\"excerpt-hellip\"> [\u2026]<\/span><\/p>\n","protected":false},"featured_media":0,"template":"","meta":{"_monsterinsights_skip_tracking":false,"_monsterinsights_sitenote_active":false,"_monsterinsights_sitenote_note":"","_monsterinsights_sitenote_category":0},"product_brand":[],"product_cat":[13835],"product_tag":[],"class_list":{"0":"post-689252","1":"product","2":"type-product","3":"status-publish","5":"product_cat-cok-satanlar","6":"pa_cilt-ciltsiz","7":"pa_tur-kitap","8":"pa_yayinevi-iletisim-yayinlari","9":"pa_yazar-alfredo-gomez-cerda","11":"first","12":"instock","13":"sale","14":"shipping-taxable","15":"purchasable","16":"product-type-simple"},"_links":{"self":[{"href":"https:\/\/roveyayinevi.com.tr\/index.php\/wp-json\/wp\/v2\/product\/689252","targetHints":{"allow":["GET"]}}],"collection":[{"href":"https:\/\/roveyayinevi.com.tr\/index.php\/wp-json\/wp\/v2\/product"}],"about":[{"href":"https:\/\/roveyayinevi.com.tr\/index.php\/wp-json\/wp\/v2\/types\/product"}],"wp:attachment":[{"href":"https:\/\/roveyayinevi.com.tr\/index.php\/wp-json\/wp\/v2\/media?parent=689252"}],"wp:term":[{"taxonomy":"product_brand","embeddable":true,"href":"https:\/\/roveyayinevi.com.tr\/index.php\/wp-json\/wp\/v2\/product_brand?post=689252"},{"taxonomy":"product_cat","embeddable":true,"href":"https:\/\/roveyayinevi.com.tr\/index.php\/wp-json\/wp\/v2\/product_cat?post=689252"},{"taxonomy":"product_tag","embeddable":true,"href":"https:\/\/roveyayinevi.com.tr\/index.php\/wp-json\/wp\/v2\/product_tag?post=689252"}],"curies":[{"name":"wp","href":"https:\/\/api.w.org\/{rel}","templated":true}]}}