{"id":689251,"date":"2025-08-27T13:10:47","date_gmt":"2025-08-27T10:10:47","guid":{"rendered":"https:\/\/roveyayinevi.com.tr\/index.php\/urun\/memaliki-osmaniyeden-avrupa-birligine\/"},"modified":"2026-03-02T01:59:23","modified_gmt":"2026-03-01T22:59:23","slug":"memaliki-osmaniyeden-avrupa-birligine","status":"publish","type":"product","link":"https:\/\/roveyayinevi.com.tr\/index.php\/urun\/memaliki-osmaniyeden-avrupa-birligine\/","title":{"rendered":"Memaliki Osmaniye&#8217;den Avrupa Birli\u011fi&#8217;ne"},"content":{"rendered":"<p>Bu kitapta derlenen yaz\u0131lar, y\u00fczy\u0131ll\u0131k bir tarihi ve g\u00fcn\u00fcm\u00fczdeki geli\u015fmeleri \u00e7e\u015fitli y\u00f6nleriyle ele al\u0131yor. Ama hepsinin temelinde \u00e7ok \u00f6nemli bir tespit var: D\u00fcnya, ulus-devletlerin a\u015f\u0131nd\u0131\u011f\u0131, ulus-\u00fcst\u00fc olu\u015fumlar\u0131n a\u011f\u0131rl\u0131k kazand\u0131\u011f\u0131 yeni bir d\u00f6neme girmekte. Bu d\u00f6nemde, Osmanl\u0131 \u0130mparatorlu\u011fu gibi eski t\u00fcr imparatorluklar\u0131 ve ulus-devletlerin ba\u015far\u0131 ve ba\u015far\u0131s\u0131zl\u0131klar\u0131m yeniden de\u011ferlendirip g\u00fcn\u00fcm\u00fcz\u00fcn yeni imparatorluklar\u0131n\u0131n olu\u015fum s\u00fcreci i\u00e7in dersler \u00e7\u0131karmak m\u00fcmk\u00fcn. Bu ba\u011flamda Osmanl\u0131 \u0130mparatorlu\u011fu\u2019nun son d\u00f6nemindeki siyas\u00ee ve toplumsal projeler, ger\u00e7ekle\u015ftirilemeyen potansiyeller \u00fczerinde duran Keyder, ulus-devleti ka\u00e7\u0131n\u0131lmaz bir a\u015fama olarak g\u00f6rmemenin \u00f6nemine i\u015faret ediyor. \u0130mparatorlu\u011fun v\u00e2risi olarak T\u00fcrkiye Cumhuriyeti\u2019nin kurulu\u015funu, ge\u00e7irdi\u011fi evrimleri, s\u0131n\u0131f dengelerini ve devletin h\u00e2kim ideolojisi milliyet\u00e7ili\u011fin niteli\u011fini irdeleyen makaleler kar\u015f\u0131la\u015ft\u0131rmal\u0131 bir perspektife dayan\u0131yor. Kitapta ayr\u0131ca k\u00fcreselle\u015fme s\u00fcrecinin imk\u00e2nlar\u0131 ve sorunlar\u0131 ara\u015ft\u0131r\u0131l\u0131yor. Keyder\u2019e g\u00f6re, bu s\u00fcreci yekpare bir  Bat\u0131  \u00fczerinden d\u00fc\u015f\u00fcnmek yanl\u0131\u015f. Tersine, \u015fu anda d\u00fcnyan\u0131n gelece\u011fini belirleyecek en \u00f6nemli  medeniyetler \u00e7at\u0131\u015fmas\u0131 , ABD ile Avrupa\u2019n\u0131n temsil etti\u011fi modeller aras\u0131nda ya\u015fan\u0131yor. T\u00fcrkiye\u2019nin \u00f6n\u00fcndeki yol ayr\u0131m\u0131, basit bir jeopolitik se\u00e7imin \u00e7ok \u00f6tesinde, y\u00f6netim bi\u00e7imi, sosyo-ekonomik d\u00fczen ve devlet-toplum ili\u015fkisi a\u00e7\u0131s\u0131ndan ya\u015famsal bir karar verilmesi anlam\u0131na geliyor. <\/p>\n","protected":false},"excerpt":{"rendered":"<p>Bu kitapta derlenen yaz\u0131lar, y\u00fczy\u0131ll\u0131k bir tarihi ve g\u00fcn\u00fcm\u00fczdeki geli\u015fmeleri \u00e7e\u015fitli y\u00f6nleriyle ele al\u0131yor. Ama hepsinin temelinde \u00e7ok \u00f6nemli bir tespit var: D\u00fcnya, ulus-devletlerin a\u015f\u0131nd\u0131\u011f\u0131, ulus-\u00fcst\u00fc<span class=\"excerpt-hellip\"> [\u2026]<\/span><\/p>\n","protected":false},"featured_media":0,"template":"","meta":{"_monsterinsights_skip_tracking":false,"_monsterinsights_sitenote_active":false,"_monsterinsights_sitenote_note":"","_monsterinsights_sitenote_category":0},"product_brand":[],"product_cat":[13517,12304],"product_tag":[],"class_list":{"0":"post-689251","1":"product","2":"type-product","3":"status-publish","5":"product_cat-osmanli-tarihi","6":"product_cat-tarih","7":"pa_cilt-ciltsiz","8":"pa_tur-kitap","9":"pa_yayinevi-iletisim-yayinlari","10":"pa_yazar-caglar-keyder","12":"first","13":"instock","14":"sale","15":"shipping-taxable","16":"purchasable","17":"product-type-simple"},"_links":{"self":[{"href":"https:\/\/roveyayinevi.com.tr\/index.php\/wp-json\/wp\/v2\/product\/689251","targetHints":{"allow":["GET"]}}],"collection":[{"href":"https:\/\/roveyayinevi.com.tr\/index.php\/wp-json\/wp\/v2\/product"}],"about":[{"href":"https:\/\/roveyayinevi.com.tr\/index.php\/wp-json\/wp\/v2\/types\/product"}],"wp:attachment":[{"href":"https:\/\/roveyayinevi.com.tr\/index.php\/wp-json\/wp\/v2\/media?parent=689251"}],"wp:term":[{"taxonomy":"product_brand","embeddable":true,"href":"https:\/\/roveyayinevi.com.tr\/index.php\/wp-json\/wp\/v2\/product_brand?post=689251"},{"taxonomy":"product_cat","embeddable":true,"href":"https:\/\/roveyayinevi.com.tr\/index.php\/wp-json\/wp\/v2\/product_cat?post=689251"},{"taxonomy":"product_tag","embeddable":true,"href":"https:\/\/roveyayinevi.com.tr\/index.php\/wp-json\/wp\/v2\/product_tag?post=689251"}],"curies":[{"name":"wp","href":"https:\/\/api.w.org\/{rel}","templated":true}]}}