{"id":689250,"date":"2025-08-27T13:10:47","date_gmt":"2025-08-27T10:10:47","guid":{"rendered":"https:\/\/roveyayinevi.com.tr\/index.php\/urun\/sahin-butun-adamlari-bir-amerikan-darbesi-ve-ortadoguda-terorun-kokenleri\/"},"modified":"2025-12-30T09:35:31","modified_gmt":"2025-12-30T06:35:31","slug":"sahin-butun-adamlari-bir-amerikan-darbesi-ve-ortadoguda-terorun-kokenleri","status":"publish","type":"product","link":"https:\/\/roveyayinevi.com.tr\/index.php\/urun\/sahin-butun-adamlari-bir-amerikan-darbesi-ve-ortadoguda-terorun-kokenleri\/","title":{"rendered":"\u015eah&#8217;\u0131n B\u00fct\u00fcn Adamlar\u0131: Bir Amerikan Darbesi ve Ortado\u011fu&#8217;da Ter\u00f6r\u00fcn K\u00f6kenleri"},"content":{"rendered":"<p>Okurlar\u0131m\u0131z\u0131n Hil\u00e2l ve Y\u0131ld\u0131z; \u0130ki D\u00fcnya Aras\u0131nda T\u00fcrkiye adl\u0131 kitab\u0131ndan tan\u0131d\u0131klar\u0131 \u00fcnl\u00fc Amerikal\u0131 gazeteci Stephen Kinzer bu kez, CIA\u2019n\u0131n 1953\u2019te \u0130ran\u2019da kotard\u0131\u011f\u0131 darbenin ibret verici ayr\u0131nt\u0131lar\u0131n\u0131 g\u00fcn \u0131\u015f\u0131\u011f\u0131na \u00e7\u0131kar\u0131yor. Yoksul halk\u0131n se\u00e7ti\u011fi, demokrasiye ve anayasaya ba\u011fl\u0131 Musadd\u0131k\u2019\u0131n trajik \u00f6yk\u00fcs\u00fcn\u00fcn yan\u0131s\u0131ra, Britanya ve ABD\u2019nin d\u0131\u015f politikalar\u0131n\u0131n in\u015fa s\u00fcre\u00e7leri de bir casus roman\u0131 \u00fcsl\u00fbbuyla anlat\u0131l\u0131yor. Bunlar\u0131n \u00f6tesinde, Stephen Kinzer, bug\u00fcn Ortado\u011fu\u2019da h\u00fck\u00fcm s\u00fcren ve ABD\u2019nin ter\u00f6rist olarak adland\u0131rd\u0131\u011f\u0131 olu\u015fumlar\u0131n k\u00f6kenini yar\u0131m y\u00fczy\u0131l \u00f6nceki \u0130ran\u2019da ar\u0131yor. Ortado\u011fu\u2019nun, \u0130ran\u2019\u0131n ve Bat\u0131\u2019n\u0131n hem d\u00fcn\u00fcn\u00fc hem de bug\u00fcn\u00fcn\u00fc anlamak i\u00e7in temel bir kitap&#8230; <\/p>\n","protected":false},"excerpt":{"rendered":"<p>Okurlar\u0131m\u0131z\u0131n Hil\u00e2l ve Y\u0131ld\u0131z; \u0130ki D\u00fcnya Aras\u0131nda T\u00fcrkiye adl\u0131 kitab\u0131ndan tan\u0131d\u0131klar\u0131 \u00fcnl\u00fc Amerikal\u0131 gazeteci Stephen Kinzer bu kez, CIA\u2019n\u0131n 1953\u2019te \u0130ran\u2019da kotard\u0131\u011f\u0131 darbenin ibret verici ayr\u0131nt\u0131lar\u0131n\u0131<span class=\"excerpt-hellip\"> [\u2026]<\/span><\/p>\n","protected":false},"featured_media":0,"template":"","meta":{"_monsterinsights_skip_tracking":false,"_monsterinsights_sitenote_active":false,"_monsterinsights_sitenote_note":"","_monsterinsights_sitenote_category":0},"product_brand":[],"product_cat":[12305,12304],"product_tag":[],"class_list":{"0":"post-689250","1":"product","2":"type-product","3":"status-publish","5":"product_cat-dunya-tarihi","6":"product_cat-tarih","7":"pa_cilt-ciltsiz","8":"pa_tur-kitap","9":"pa_yayinevi-iletisim-yayinlari","10":"pa_yazar-stephen-kinzer","12":"first","13":"instock","14":"sale","15":"shipping-taxable","16":"purchasable","17":"product-type-simple"},"_links":{"self":[{"href":"https:\/\/roveyayinevi.com.tr\/index.php\/wp-json\/wp\/v2\/product\/689250","targetHints":{"allow":["GET"]}}],"collection":[{"href":"https:\/\/roveyayinevi.com.tr\/index.php\/wp-json\/wp\/v2\/product"}],"about":[{"href":"https:\/\/roveyayinevi.com.tr\/index.php\/wp-json\/wp\/v2\/types\/product"}],"wp:attachment":[{"href":"https:\/\/roveyayinevi.com.tr\/index.php\/wp-json\/wp\/v2\/media?parent=689250"}],"wp:term":[{"taxonomy":"product_brand","embeddable":true,"href":"https:\/\/roveyayinevi.com.tr\/index.php\/wp-json\/wp\/v2\/product_brand?post=689250"},{"taxonomy":"product_cat","embeddable":true,"href":"https:\/\/roveyayinevi.com.tr\/index.php\/wp-json\/wp\/v2\/product_cat?post=689250"},{"taxonomy":"product_tag","embeddable":true,"href":"https:\/\/roveyayinevi.com.tr\/index.php\/wp-json\/wp\/v2\/product_tag?post=689250"}],"curies":[{"name":"wp","href":"https:\/\/api.w.org\/{rel}","templated":true}]}}