{"id":689247,"date":"2025-08-27T13:10:46","date_gmt":"2025-08-27T10:10:46","guid":{"rendered":"https:\/\/roveyayinevi.com.tr\/index.php\/urun\/insanciklar\/"},"modified":"2026-04-16T01:58:47","modified_gmt":"2026-04-15T22:58:47","slug":"insanciklar","status":"publish","type":"product","link":"https:\/\/roveyayinevi.com.tr\/index.php\/urun\/insanciklar\/","title":{"rendered":"\u0130nsanc\u0131klar"},"content":{"rendered":"<p>Ergin Altay \u00e7evirisi, D.S. Mirsky\u2019nin \u00f6ns\u00f6z\u00fc, Yazar ve d\u00f6nem kronolojisi, Kitaba dair g\u00f6rsellerle. Dostoyevski\u2019nin ilk roman\u0131 olan Insanc\u0131klar yay\u0131mland\u0131g\u0131nda buyuk ovguyle kars\u0131lanm\u0131s, edebi bir dehan\u0131n habercisi olarak gorulmustu. \u0130nsanc\u0131klar, St. Petersburg\u2019da bir devlet dairesinde cal\u0131san orta yasl\u0131 ve alcak gonullu katip Makar Devuskin ile uzaktan akrabas\u0131, yirmili yaslar\u0131n\u0131n bas\u0131nda genc bir kad\u0131n olan Varvara Dobroselova aras\u0131ndaki mektuplasmalardan olusan bir eserdir. Dostoyevski\u2019nin henuz 24 yas\u0131ndayken kaleme ald\u0131g\u0131; yoksulluk, dostluk ve sanat sevgisi gibi temalarla orulu bu roman, donemin elestirmenlerince adeta goklere c\u0131kar\u0131larak yazar\u0131n edebiyat cevrelerine bir y\u0131ld\u0131z gibi girmesini saglam\u0131s ve cok parlak bir \u201ctoplumsal roman\u201d olarak nitelendirilmisti. \u201cSahip oldugu ilham perisiyle cat\u0131 ve bodrum katlar\u0131nda yasayanlara hayat veren genc sairi tebrik ediyorum. Yald\u0131zl\u0131 kosklerde yasayanlara \u2018yoksullar da insan, onlar da kardeslerimiz,\u2019 diye hayk\u0131r\u0131yor.\u201d VISARION BELINSK<\/p>\n","protected":false},"excerpt":{"rendered":"<p>Ergin Altay \u00e7evirisi, D.S. Mirsky\u2019nin \u00f6ns\u00f6z\u00fc, Yazar ve d\u00f6nem kronolojisi, Kitaba dair g\u00f6rsellerle. Dostoyevski\u2019nin ilk roman\u0131 olan Insanc\u0131klar yay\u0131mland\u0131g\u0131nda buyuk ovguyle kars\u0131lanm\u0131s, edebi bir dehan\u0131n habercisi<span class=\"excerpt-hellip\"> [\u2026]<\/span><\/p>\n","protected":false},"featured_media":0,"template":"","meta":{"_monsterinsights_skip_tracking":false,"_monsterinsights_sitenote_active":false,"_monsterinsights_sitenote_note":"","_monsterinsights_sitenote_category":0},"product_brand":[],"product_cat":[12291,13570],"product_tag":[],"class_list":{"0":"post-689247","1":"product","2":"type-product","3":"status-publish","5":"product_cat-edebiyat","6":"product_cat-rus-edebiyati","7":"pa_cilt-ciltsiz","8":"pa_tur-kitap","9":"pa_yayinevi-iletisim-yayinlari","10":"pa_yazar-fyodor-mihaylovic-dostoyevski","12":"first","13":"instock","14":"sale","15":"shipping-taxable","16":"purchasable","17":"product-type-simple"},"_links":{"self":[{"href":"https:\/\/roveyayinevi.com.tr\/index.php\/wp-json\/wp\/v2\/product\/689247","targetHints":{"allow":["GET"]}}],"collection":[{"href":"https:\/\/roveyayinevi.com.tr\/index.php\/wp-json\/wp\/v2\/product"}],"about":[{"href":"https:\/\/roveyayinevi.com.tr\/index.php\/wp-json\/wp\/v2\/types\/product"}],"wp:attachment":[{"href":"https:\/\/roveyayinevi.com.tr\/index.php\/wp-json\/wp\/v2\/media?parent=689247"}],"wp:term":[{"taxonomy":"product_brand","embeddable":true,"href":"https:\/\/roveyayinevi.com.tr\/index.php\/wp-json\/wp\/v2\/product_brand?post=689247"},{"taxonomy":"product_cat","embeddable":true,"href":"https:\/\/roveyayinevi.com.tr\/index.php\/wp-json\/wp\/v2\/product_cat?post=689247"},{"taxonomy":"product_tag","embeddable":true,"href":"https:\/\/roveyayinevi.com.tr\/index.php\/wp-json\/wp\/v2\/product_tag?post=689247"}],"curies":[{"name":"wp","href":"https:\/\/api.w.org\/{rel}","templated":true}]}}