{"id":689245,"date":"2025-08-27T13:10:46","date_gmt":"2025-08-27T10:10:46","guid":{"rendered":"https:\/\/roveyayinevi.com.tr\/index.php\/urun\/markopasa-bir-mizah-ve-muhalefet-efsanesi\/"},"modified":"2026-04-16T01:58:47","modified_gmt":"2026-04-15T22:58:47","slug":"markopasa-bir-mizah-ve-muhalefet-efsanesi","status":"publish","type":"product","link":"https:\/\/roveyayinevi.com.tr\/index.php\/urun\/markopasa-bir-mizah-ve-muhalefet-efsanesi\/","title":{"rendered":"Markopa\u015fa: Bir Mizah ve Muhalefet Efsanesi"},"content":{"rendered":"<p>Markopa\u015fa gazetesi, T\u00fcrkiye&#8217;nin mizah ve muhalefet tarihinde emsali g\u00f6r\u00fclmemi\u015f bir \u00f6rnektir. K\u0131sa yay\u0131n \u00f6mr\u00fcnde, son demlerindeki Tek Parti y\u00f6netimini sallayan Markopa\u015fa, s\u00f6z\u00fcn\u00fc esirgemeyen keskin tavr\u0131yla ger\u00e7ek bir &#8216;tabu-y\u0131k\u0131c\u0131&#8217; misyonu \u00fcstlenmi\u015ftir. &#8216;S\u00f6ylenmeyip s\u00f6yleyen&#8217; bu a\u00e7\u0131k s\u00f6zl\u00fc mizahi muhalefetiyle, inan\u0131lmaz sat\u0131\u015f ba\u015far\u0131lar\u0131na ula\u015fm\u0131\u015ft\u0131r. Kar\u015f\u0131l\u0131\u011f\u0131n\u0131, emsali yine zor g\u00fcr\u00fcn\u00fcr bir bask\u0131yla alm\u0131\u015ft\u0131r. Markopa\u015fac\u0131lar: Bask\u0131lar, tehditleri, birbiri ard\u0131na gelen davalar, cezalar, hem gazeteyi hem \u00e7\u0131karanlar\u0131n hayat\u0131n\u0131 mahvetmi\u015ftir. <\/p>\n","protected":false},"excerpt":{"rendered":"<p>Markopa\u015fa gazetesi, T\u00fcrkiye&#8217;nin mizah ve muhalefet tarihinde emsali g\u00f6r\u00fclmemi\u015f bir \u00f6rnektir. K\u0131sa yay\u0131n \u00f6mr\u00fcnde, son demlerindeki Tek Parti y\u00f6netimini sallayan Markopa\u015fa, s\u00f6z\u00fcn\u00fc esirgemeyen keskin tavr\u0131yla ger\u00e7ek<span class=\"excerpt-hellip\"> [\u2026]<\/span><\/p>\n","protected":false},"featured_media":0,"template":"","meta":{"_monsterinsights_skip_tracking":false,"_monsterinsights_sitenote_active":false,"_monsterinsights_sitenote_note":"","_monsterinsights_sitenote_category":0},"product_brand":[],"product_cat":[12304,13493],"product_tag":[],"class_list":{"0":"post-689245","1":"product","2":"type-product","3":"status-publish","5":"product_cat-tarih","6":"product_cat-turkiye-ve-cumhuriyet-tarihi","7":"pa_cilt-ciltsiz","8":"pa_tur-kitap","9":"pa_yayinevi-iletisim-yayinlari","10":"pa_yazar-levent-cantek","12":"first","13":"instock","14":"sale","15":"shipping-taxable","16":"purchasable","17":"product-type-simple"},"_links":{"self":[{"href":"https:\/\/roveyayinevi.com.tr\/index.php\/wp-json\/wp\/v2\/product\/689245","targetHints":{"allow":["GET"]}}],"collection":[{"href":"https:\/\/roveyayinevi.com.tr\/index.php\/wp-json\/wp\/v2\/product"}],"about":[{"href":"https:\/\/roveyayinevi.com.tr\/index.php\/wp-json\/wp\/v2\/types\/product"}],"wp:attachment":[{"href":"https:\/\/roveyayinevi.com.tr\/index.php\/wp-json\/wp\/v2\/media?parent=689245"}],"wp:term":[{"taxonomy":"product_brand","embeddable":true,"href":"https:\/\/roveyayinevi.com.tr\/index.php\/wp-json\/wp\/v2\/product_brand?post=689245"},{"taxonomy":"product_cat","embeddable":true,"href":"https:\/\/roveyayinevi.com.tr\/index.php\/wp-json\/wp\/v2\/product_cat?post=689245"},{"taxonomy":"product_tag","embeddable":true,"href":"https:\/\/roveyayinevi.com.tr\/index.php\/wp-json\/wp\/v2\/product_tag?post=689245"}],"curies":[{"name":"wp","href":"https:\/\/api.w.org\/{rel}","templated":true}]}}