{"id":689244,"date":"2025-08-27T13:10:46","date_gmt":"2025-08-27T10:10:46","guid":{"rendered":"https:\/\/roveyayinevi.com.tr\/index.php\/urun\/imparatorluk-mirasi-balkanlarda-ve-ortadoguda-osmanli-damgasi\/"},"modified":"2026-04-16T01:58:47","modified_gmt":"2026-04-15T22:58:47","slug":"imparatorluk-mirasi-balkanlarda-ve-ortadoguda-osmanli-damgasi","status":"publish","type":"product","link":"https:\/\/roveyayinevi.com.tr\/index.php\/urun\/imparatorluk-mirasi-balkanlarda-ve-ortadoguda-osmanli-damgasi\/","title":{"rendered":"\u0130mparatorluk Miras\u0131: Balkanlar&#8217;da ve Ortado\u011fu&#8217;da Osmanl\u0131 Damgas\u0131"},"content":{"rendered":"<p>Roman ve Bizans ile birlikte d\u00fcnya tarihindeki en g\u00fc\u00e7l\u00fc ve en uzun \u00f6m\u00fcrl\u00fc emperyal sistem olan Osmanl\u0131 \u0130mparatorlu\u011fu\u2019nun G\u00fcneydo\u011fu Avrupa, Bat\u0131 Asya ve Kuzey Afrika\u2019daki izlerini s\u00fcren \u0130mparatorluk Miras\u0131, bu alandaki yetkin akademisyenleri biraraya getiriyor. Osmanl\u0131 miras\u0131, \u015fimdiye kadar tarih disiplini taraf\u0131ndan ihmal edilmi\u015f; eski Osmal\u0131 topraklar\u0131nda ya\u015fayan insanlar taraf\u0131ndan da ya reddedilmi\u015f ya da istenmeyen yabanc\u0131 bir hakimiyet olarak temsil edilmi\u015ftir. Yazarlar bu minas\u0131n s\u00f6zedilen b\u00f6lgelerdeki insanlar\u0131n davran\u0131\u015f kal\u0131plar\u0131n\u0131 ve alg\u0131lar\u0131n\u0131 nas\u0131l \u015fekillendirdi\u011fini g\u00f6stermekle kalm\u0131yor, ayr\u0131ca bu karma\u015f\u0131k tarihin bug\u00fcn\u00fcn ideolojilerini ve kimliklerini kurmada nas\u0131l yeniden eklemlendi\u011fini ara\u015ft\u0131r\u0131yor. Kitapta Osmanl\u0131 miras\u0131n\u0131n, bug\u00fcn\u00fcn de\u011ferleri ve ideolojilerini me\u015frula\u015ft\u0131rmak i\u00e7in nas\u0131l \u2018kullan\u0131\u015fl\u0131\u2019 bir tarzda yorumland\u0131\u011f\u0131 da g\u00f6steriliyor. Osmanl\u0131 miras\u0131n\u0131n tek varisini T\u00fcrkiye Cumhuriyeti olarak g\u00f6rme e\u011filimini a\u015fma iddias\u0131ndaki bu kitap, politikadan diplomasiye, ekonomiden b\u00fcrokrasiye, e\u011fitimden dile ve dine kadar pek \u00e7ok alanda, Osmanl\u0131 ge\u00e7mi\u015fi ile bug\u00fcn aras\u0131ndaki s\u00fcreklilikleri ve kopu\u015flar\u0131 ortaya koyuyor. <\/p>\n","protected":false},"excerpt":{"rendered":"<p>Roman ve Bizans ile birlikte d\u00fcnya tarihindeki en g\u00fc\u00e7l\u00fc ve en uzun \u00f6m\u00fcrl\u00fc emperyal sistem olan Osmanl\u0131 \u0130mparatorlu\u011fu\u2019nun G\u00fcneydo\u011fu Avrupa, Bat\u0131 Asya ve Kuzey Afrika\u2019daki izlerini<span class=\"excerpt-hellip\"> [\u2026]<\/span><\/p>\n","protected":false},"featured_media":0,"template":"","meta":{"_monsterinsights_skip_tracking":false,"_monsterinsights_sitenote_active":false,"_monsterinsights_sitenote_note":"","_monsterinsights_sitenote_category":0},"product_brand":[],"product_cat":[13517,12304],"product_tag":[],"class_list":{"0":"post-689244","1":"product","2":"type-product","3":"status-publish","5":"product_cat-osmanli-tarihi","6":"product_cat-tarih","7":"pa_tur-kitap","8":"pa_yayinevi-iletisim-yayinlari","9":"pa_yazar-l-carl-brown","11":"first","12":"instock","13":"sale","14":"shipping-taxable","15":"purchasable","16":"product-type-simple"},"_links":{"self":[{"href":"https:\/\/roveyayinevi.com.tr\/index.php\/wp-json\/wp\/v2\/product\/689244","targetHints":{"allow":["GET"]}}],"collection":[{"href":"https:\/\/roveyayinevi.com.tr\/index.php\/wp-json\/wp\/v2\/product"}],"about":[{"href":"https:\/\/roveyayinevi.com.tr\/index.php\/wp-json\/wp\/v2\/types\/product"}],"wp:attachment":[{"href":"https:\/\/roveyayinevi.com.tr\/index.php\/wp-json\/wp\/v2\/media?parent=689244"}],"wp:term":[{"taxonomy":"product_brand","embeddable":true,"href":"https:\/\/roveyayinevi.com.tr\/index.php\/wp-json\/wp\/v2\/product_brand?post=689244"},{"taxonomy":"product_cat","embeddable":true,"href":"https:\/\/roveyayinevi.com.tr\/index.php\/wp-json\/wp\/v2\/product_cat?post=689244"},{"taxonomy":"product_tag","embeddable":true,"href":"https:\/\/roveyayinevi.com.tr\/index.php\/wp-json\/wp\/v2\/product_tag?post=689244"}],"curies":[{"name":"wp","href":"https:\/\/api.w.org\/{rel}","templated":true}]}}