{"id":689238,"date":"2025-08-27T13:10:45","date_gmt":"2025-08-27T10:10:45","guid":{"rendered":"https:\/\/roveyayinevi.com.tr\/index.php\/urun\/yunan-ulusunun-dogusu\/"},"modified":"2026-04-16T01:58:47","modified_gmt":"2026-04-15T22:58:47","slug":"yunan-ulusunun-dogusu","status":"publish","type":"product","link":"https:\/\/roveyayinevi.com.tr\/index.php\/urun\/yunan-ulusunun-dogusu\/","title":{"rendered":"Yunan Ulusunun Do\u011fu\u015fu"},"content":{"rendered":"<p>Yunanl\u0131lar T\u00fcrkiye\u2019nin hem Bat\u0131\u2019daki yak\u0131n kom\u015fusu hem de tarihinin \u00f6nemli bir par\u00e7as\u0131d\u0131r. Osmanl\u0131 Devleti i\u00e7inde Yunanl\u0131lar \u00f6nce etkili bir toplumsal g\u00fc\u00e7 olu\u015fturmu\u015flar, sonra Yunan \u0130htilali\u2019yle devletin par\u00e7alanmas\u0131n\u0131 h\u0131zland\u0131rm\u0131\u015flard\u0131r. \u00c7a\u011fda\u015f T\u00fcrkiye Devleti de Yunan\u2019a kar\u015f\u0131 sava\u015f\u0131larak kurulmu\u015ftur. Ancak T\u00fcrkiye tarih\u00e7ili\u011fi, Yunanistan ve Yunanl\u0131\u2019ya tarafs\u0131z bir bi\u00e7imde bakamam\u0131\u015f, belki bakmak istememi\u015f, bunun sonucu olarak, T\u00fcrkiye kom\u015fusunu tan\u0131yamam\u0131\u015ft\u0131r. Yunanistan\u2019la ili\u015fkili olarak, resmi tarih\u00e7ili\u011fi a\u015famayan, milliyet\u00e7i bir s\u00f6ylem i\u00e7inde bug\u00fcne dek tekrarlanagelenler, T\u00fcrkiye\u2019de tarih ve yak\u0131n tarih bilincinde yeni yeni gedikler meydana getirmi\u015ftir. Herk\u00fcl Millas, hem T\u00fcrkiye hem Yunanistan\u2019da tarihi biz ile onlar \u0131n m\u00fccadelesi gibi g\u00f6steren s\u00f6zde tarih\u00e7ili\u011fin d\u0131\u015f\u0131ndan bir uzman. Yunanl\u0131lar\u0131n tarih i\u00e7indeki yeri, antik d\u00fcnya ile ili\u015fkileri, Osmanl\u0131 d\u00fczeni i\u00e7indeki k\u00fclt\u00fcrel ve ekonomik konumlar\u0131, kendilerini nas\u0131l farkl\u0131 bi\u00e7imlerde tasvir ettikleri, ihtilallerinin nedenleri, Osmanl\u0131\u2019dan yana Yunanl\u0131lar, T\u00fcrk d\u00fc\u015fmanl\u0131\u011f\u0131 n\u0131n do\u011fu\u015fu vb. ba\u015fl\u0131klar\u0131 alt\u0131nda, Yunan ulusunun do\u011fu\u015funu \u00f6zg\u00fcn Yunan kaynaklar\u0131na ba\u015fvurarak ara\u015ft\u0131r\u0131yor ve anlat\u0131yor. Elinizdeki kitab\u0131nda bizzat ulus kavram\u0131n\u0131 da konu eden Millas, T\u00fcrkiye tarih\u00e7ilerinin hat\u0131r\u0131 say\u0131l\u0131r b\u00f6l\u00fcm\u00fcne egemen olan dar-k\u0131s\u0131tl\u0131 tarih g\u00f6r\u00fc\u015f\u00fc ve bu yakla\u015f\u0131m\u0131n kaynaklar\u0131 \u00fczerinde de duruyor.<\/p>\n","protected":false},"excerpt":{"rendered":"<p>Yunanl\u0131lar T\u00fcrkiye\u2019nin hem Bat\u0131\u2019daki yak\u0131n kom\u015fusu hem de tarihinin \u00f6nemli bir par\u00e7as\u0131d\u0131r. Osmanl\u0131 Devleti i\u00e7inde Yunanl\u0131lar \u00f6nce etkili bir toplumsal g\u00fc\u00e7 olu\u015fturmu\u015flar, sonra Yunan \u0130htilali\u2019yle devletin<span class=\"excerpt-hellip\"> [\u2026]<\/span><\/p>\n","protected":false},"featured_media":0,"template":"","meta":{"_monsterinsights_skip_tracking":false,"_monsterinsights_sitenote_active":false,"_monsterinsights_sitenote_note":"","_monsterinsights_sitenote_category":0},"product_brand":[],"product_cat":[12304,14128],"product_tag":[],"class_list":{"0":"post-689238","1":"product","2":"type-product","3":"status-publish","5":"product_cat-tarih","6":"product_cat-yakin-tarih","7":"pa_cilt-ciltsiz","8":"pa_tur-kitap","9":"pa_yayinevi-iletisim-yayinlari","10":"pa_yazar-herkul-millas","12":"first","13":"instock","14":"sale","15":"shipping-taxable","16":"purchasable","17":"product-type-simple"},"_links":{"self":[{"href":"https:\/\/roveyayinevi.com.tr\/index.php\/wp-json\/wp\/v2\/product\/689238","targetHints":{"allow":["GET"]}}],"collection":[{"href":"https:\/\/roveyayinevi.com.tr\/index.php\/wp-json\/wp\/v2\/product"}],"about":[{"href":"https:\/\/roveyayinevi.com.tr\/index.php\/wp-json\/wp\/v2\/types\/product"}],"wp:attachment":[{"href":"https:\/\/roveyayinevi.com.tr\/index.php\/wp-json\/wp\/v2\/media?parent=689238"}],"wp:term":[{"taxonomy":"product_brand","embeddable":true,"href":"https:\/\/roveyayinevi.com.tr\/index.php\/wp-json\/wp\/v2\/product_brand?post=689238"},{"taxonomy":"product_cat","embeddable":true,"href":"https:\/\/roveyayinevi.com.tr\/index.php\/wp-json\/wp\/v2\/product_cat?post=689238"},{"taxonomy":"product_tag","embeddable":true,"href":"https:\/\/roveyayinevi.com.tr\/index.php\/wp-json\/wp\/v2\/product_tag?post=689238"}],"curies":[{"name":"wp","href":"https:\/\/api.w.org\/{rel}","templated":true}]}}