{"id":689235,"date":"2025-08-27T13:10:07","date_gmt":"2025-08-27T10:10:07","guid":{"rendered":"https:\/\/roveyayinevi.com.tr\/index.php\/urun\/nobetlese-yoksulluk-sultanbeyli-ornegi\/"},"modified":"2026-04-16T01:58:47","modified_gmt":"2026-04-15T22:58:47","slug":"nobetlese-yoksulluk-sultanbeyli-ornegi","status":"publish","type":"product","link":"https:\/\/roveyayinevi.com.tr\/index.php\/urun\/nobetlese-yoksulluk-sultanbeyli-ornegi\/","title":{"rendered":"N\u00f6betle\u015fe Yoksulluk &#8211; Sultanbeyli \u00d6rne\u011fi"},"content":{"rendered":"<p>Yoksulluk ger\u00e7e\u011fi, son y\u0131llarda T\u00fcrkiye\u2019de derinle\u015fiyor, boyutlan\u0131yor, \u00e7e\u015fitleniyor. Buna kar\u015f\u0131l\u0131k, g\u00f6r\u00fcnmezle\u015ftiriliyor da.. Yirmi otuz y\u0131l \u00f6ncesinde daha \u00e7ok bir ac\u0131ma nesnesi olan yoksulluk, \u015fimdi daha \u00e7ok bir d\u0131\u015flama, korku, hatta nefret nesnesi! Yoksul mahalleleri, yoksulluk imgesi, tekinsiz bir varo\u015f terimiyle \u00fcrk\u00fcn\u00e7le\u015ftiriliyor.. Bu korkuyu b\u00fcy\u00fctenlerin kendi zengin gettolar\u0131nda ya\u015fad\u0131\u011f\u0131 i\u00e7e kapanma ve cemaatle\u015fme s\u00fcreci, toplum veya kamu ad\u0131na daha az \u00fcrk\u00fct\u00fcc\u00fc de\u011fil oysa. \ufffcTan\u0131t\u0131m Metni<\/p>\n","protected":false},"excerpt":{"rendered":"<p>Yoksulluk ger\u00e7e\u011fi, son y\u0131llarda T\u00fcrkiye\u2019de derinle\u015fiyor, boyutlan\u0131yor, \u00e7e\u015fitleniyor. Buna kar\u015f\u0131l\u0131k, g\u00f6r\u00fcnmezle\u015ftiriliyor da.. Yirmi otuz y\u0131l \u00f6ncesinde daha \u00e7ok bir ac\u0131ma nesnesi olan yoksulluk, \u015fimdi daha \u00e7ok<span class=\"excerpt-hellip\"> [\u2026]<\/span><\/p>\n","protected":false},"featured_media":0,"template":"","meta":{"_monsterinsights_skip_tracking":false,"_monsterinsights_sitenote_active":false,"_monsterinsights_sitenote_note":"","_monsterinsights_sitenote_category":0},"product_brand":[],"product_cat":[12767,12324],"product_tag":[],"class_list":{"0":"post-689235","1":"product","2":"type-product","3":"status-publish","5":"product_cat-kentlesme-modernlesme","6":"product_cat-sosyoloji","7":"pa_cilt-ciltsiz","8":"pa_tur-kitap","9":"pa_yayinevi-iletisim-yayinlari","10":"pa_yazar-m-melih-pinarcioglu","11":"pa_yazar-oguz-isik","13":"first","14":"instock","15":"sale","16":"shipping-taxable","17":"purchasable","18":"product-type-simple"},"_links":{"self":[{"href":"https:\/\/roveyayinevi.com.tr\/index.php\/wp-json\/wp\/v2\/product\/689235","targetHints":{"allow":["GET"]}}],"collection":[{"href":"https:\/\/roveyayinevi.com.tr\/index.php\/wp-json\/wp\/v2\/product"}],"about":[{"href":"https:\/\/roveyayinevi.com.tr\/index.php\/wp-json\/wp\/v2\/types\/product"}],"wp:attachment":[{"href":"https:\/\/roveyayinevi.com.tr\/index.php\/wp-json\/wp\/v2\/media?parent=689235"}],"wp:term":[{"taxonomy":"product_brand","embeddable":true,"href":"https:\/\/roveyayinevi.com.tr\/index.php\/wp-json\/wp\/v2\/product_brand?post=689235"},{"taxonomy":"product_cat","embeddable":true,"href":"https:\/\/roveyayinevi.com.tr\/index.php\/wp-json\/wp\/v2\/product_cat?post=689235"},{"taxonomy":"product_tag","embeddable":true,"href":"https:\/\/roveyayinevi.com.tr\/index.php\/wp-json\/wp\/v2\/product_tag?post=689235"}],"curies":[{"name":"wp","href":"https:\/\/api.w.org\/{rel}","templated":true}]}}