{"id":689234,"date":"2025-08-27T13:10:07","date_gmt":"2025-08-27T10:10:07","guid":{"rendered":"https:\/\/roveyayinevi.com.tr\/index.php\/urun\/dumankara-hayat-bir-yandindi\/"},"modified":"2026-04-16T01:58:47","modified_gmt":"2026-04-15T22:58:47","slug":"dumankara-hayat-bir-yandindi","status":"publish","type":"product","link":"https:\/\/roveyayinevi.com.tr\/index.php\/urun\/dumankara-hayat-bir-yandindi\/","title":{"rendered":"Dumankara: Hayat Bir Yand\u0131nd\u0131"},"content":{"rendered":"<p>\u0130sli sabah\u00e7\u0131 kahveleri, ekmekle so\u011fan, nam i\u00e7in ya\u015fayan hik\u00e2yelerin mahallesi. Kaledibi, Alt\u0131nda\u011f, Eskitepe. Kabaday\u0131 yevmiyesi. Azap ceketi, hayal han\u00e7erleri, y\u0131k\u0131ld\u0131 y\u0131k\u0131lacak ah\u015fap evler, teneke \u00e7at\u0131lar, g\u00fcvercin taklalar\u0131, afyonun ve t\u00fct\u00fcn\u00fcn saati. \u015e\u0131ng\u0131r m\u0131ng\u0131r sofralar, Allah\u2019\u0131n inayetine \u015f\u00fckran. Yerdeki kel hal\u0131lar, ahbaps\u0131z apartmanlar, siyah\u00ee g\u00fcnd\u00fczler, \u015fehirdeki tezek kokusu, eskiyip c\u0131z\u0131rdayan plaklar&#8230; \u0130syan\u0131m sana Ankara. I\u015f\u0131kl\u0131 ve g\u00fcl\u00fcmseyen C\u00f6mert Ali. K\u00fcrd\u00fcn gazeli, Fidayda\u2019s\u0131z duramayan Angaral\u0131. H\u00fcz\u00fcn kalbimize \u00e7\u00f6km\u00fc\u015f uzun bir c\u00fcmle&#8230; Biz bu kavgay\u0131 kaybettik! Dumankara, Hayat Bir Yang\u0131nd\u0131 alb\u00fcm\u00fc, Ankara\u2019y\u0131 21 hik\u00e2yeyle anlat\u0131yor, yeralt\u0131n\u0131n duman\u0131n\u0131 t\u00fctt\u00fcr\u00fcyor, soka\u011f\u0131n kirini konu\u015fuyor. Perdesi k\u0131sa gelmi\u015f evi, kale arkas\u0131n\u0131, \u00e7\u0131ld\u0131rmasa g\u00f6r\u00fclmeyecek yoksullar\u0131, para kokan \u00e2lemleri, \u201cLan sen ne al\u00e7aks\u0131n d\u00fcnyay\u0131\u201d d\u00f6nderiyor&#8230; T\u00fcrkiye\u2019de \u00e7izgi roman, mizah dergileri d\u0131\u015f\u0131nda \u00fcretilmiyor dense yeridir. \u00c7izgi roman alb\u00fcmleri daha \u00f6nce tefrika edilmi\u015f yay\u0131nlardan derlendi\u011fi i\u00e7in ba\u011f\u0131ms\u0131z kitap tasar\u0131lar\u0131na ise handiyse hi\u00e7 rastlanm\u0131yor. Dumankara, Hayat Bir Yang\u0131nd\u0131, bu bak\u0131mdan yepyeni ve benzeri olmayan bir kolektif \u00e7al\u0131\u015fman\u0131n \u00fcr\u00fcn\u00fc; 1916 y\u0131l\u0131ndan g\u00fcn\u00fcm\u00fcze de\u011fin tamam\u0131 Ankara\u2019da ge\u00e7en, senaryosu Levent Cantek\u2019e ait edeb\u00ee nitelikli 21 hik\u00e2yesiyle 19 \u00e7izeri bir araya getiren \u00f6nemli bir grafik roman se\u00e7kisi&#8230; Her biri kendine \u00f6zg\u00fc farkl\u0131 bir estetik anlay\u0131\u015fla hik\u00e2yeleri yorumlayan \u00e7izerler, enerjik ve g\u00fc\u00e7l\u00fc bir alb\u00fcm sunuyorlar. Ayhan Hayrula, Berat Pekmezci, \u00c7a\u011fr\u0131 Co\u015fkun, Emre Y\u00fcce, Ender \u00d6zkahraman, Ethem Onur Bilgi\u00e7, G\u00f6khan G\u00fcne\u015f, Mert Yava\u015fca, Murat Ba\u015fol, Murat G\u00fcrdal Akko\u00e7, Onur Atay, \u00d6m\u00fcrden Baka\u00e7han, Sefa Sofuo\u011flu, S\u00fcmeyye Kesgin, Taner Duran, U\u011fur B. Sert\u00e7elik, U\u011fur Erba\u015f, Utku Yava\u015fca ve Zeynep \u00d6zatalay\u2019\u0131n \u00e7izgileriyle&#8230;<\/p>\n","protected":false},"excerpt":{"rendered":"<p>\u0130sli sabah\u00e7\u0131 kahveleri, ekmekle so\u011fan, nam i\u00e7in ya\u015fayan hik\u00e2yelerin mahallesi. Kaledibi, Alt\u0131nda\u011f, Eskitepe. Kabaday\u0131 yevmiyesi. Azap ceketi, hayal han\u00e7erleri, y\u0131k\u0131ld\u0131 y\u0131k\u0131lacak ah\u015fap evler, teneke \u00e7at\u0131lar, g\u00fcvercin<span class=\"excerpt-hellip\"> [\u2026]<\/span><\/p>\n","protected":false},"featured_media":0,"template":"","meta":{"_monsterinsights_skip_tracking":false,"_monsterinsights_sitenote_active":false,"_monsterinsights_sitenote_note":"","_monsterinsights_sitenote_category":0},"product_brand":[],"product_cat":[12689,12274],"product_tag":[],"class_list":{"0":"post-689234","1":"product","2":"type-product","3":"status-publish","5":"product_cat-cizgi-roman-cocuk-ve-genclik-kitaplari","6":"product_cat-cocuk-ve-genclik-kitaplari","7":"pa_cilt-ciltsiz","8":"pa_tur-kitap","9":"pa_yayinevi-iletisim-yayinlari","10":"pa_yazar-levent-cantek","12":"first","13":"instock","14":"sale","15":"shipping-taxable","16":"purchasable","17":"product-type-simple"},"_links":{"self":[{"href":"https:\/\/roveyayinevi.com.tr\/index.php\/wp-json\/wp\/v2\/product\/689234","targetHints":{"allow":["GET"]}}],"collection":[{"href":"https:\/\/roveyayinevi.com.tr\/index.php\/wp-json\/wp\/v2\/product"}],"about":[{"href":"https:\/\/roveyayinevi.com.tr\/index.php\/wp-json\/wp\/v2\/types\/product"}],"wp:attachment":[{"href":"https:\/\/roveyayinevi.com.tr\/index.php\/wp-json\/wp\/v2\/media?parent=689234"}],"wp:term":[{"taxonomy":"product_brand","embeddable":true,"href":"https:\/\/roveyayinevi.com.tr\/index.php\/wp-json\/wp\/v2\/product_brand?post=689234"},{"taxonomy":"product_cat","embeddable":true,"href":"https:\/\/roveyayinevi.com.tr\/index.php\/wp-json\/wp\/v2\/product_cat?post=689234"},{"taxonomy":"product_tag","embeddable":true,"href":"https:\/\/roveyayinevi.com.tr\/index.php\/wp-json\/wp\/v2\/product_tag?post=689234"}],"curies":[{"name":"wp","href":"https:\/\/api.w.org\/{rel}","templated":true}]}}