{"id":689233,"date":"2025-08-27T13:10:07","date_gmt":"2025-08-27T10:10:07","guid":{"rendered":"https:\/\/roveyayinevi.com.tr\/index.php\/urun\/oblomov\/"},"modified":"2026-04-16T01:58:47","modified_gmt":"2026-04-15T22:58:47","slug":"oblomov","status":"publish","type":"product","link":"https:\/\/roveyayinevi.com.tr\/index.php\/urun\/oblomov\/","title":{"rendered":"Oblomov"},"content":{"rendered":"<p>Tembelli\u011fi bir sanat haline getiren Oblomov, Rus roman\u0131nda \u201cl\u00fczumsuz adam\u201d tiplemesinin \u00f6l\u00fcms\u00fcz \u00f6rneklerinden biridir. Orta ya\u015fl\u0131 toprak sahibi Oblomov i\u015finden ayr\u0131lm\u0131\u015f, t\u00fcm arkada\u015flar\u0131n\u0131 etraf\u0131ndan uzakla\u015ft\u0131rm\u0131\u015f, borca batm\u0131\u015f ve t\u00fcm d\u00fcnyevi i\u015flerini yata\u011f\u0131ndan g\u00f6rmeye ba\u015flam\u0131\u015ft\u0131r. Her bir k\u00f6\u015fesi d\u00f6k\u00fclmekte olan dairesinde kendisi kadar tembel u\u015fa\u011f\u0131yla birlikte kay\u0131ts\u0131zl\u0131k i\u00e7inde ya\u015fayan bu miskin asilzade, de\u011fi\u015fime ayak direyerek i\u015flevsizle\u015fmi\u015f bir s\u0131n\u0131f\u0131n timsalidir. Rus toplumuna \u00f6zg\u00fc bu tipleme Gon\u00e7arov\u2019un kaleminden \u00e7\u0131kt\u0131\u011f\u0131 g\u00fcnden beri toplumun i\u00e7ine kar\u0131\u015fm\u0131\u015f, \u201cOblomovluk\u201d s\u00f6zc\u00fc\u011f\u00fcn\u00fc g\u00fcnl\u00fck dile kazand\u0131rm\u0131\u015ft\u0131r. Oblomov, 19. y\u00fczy\u0131l sonunda bu a\u00e7maza giren toprak sahiplerinin g\u00fcld\u00fcr\u00fcs\u00fc olmakla kalm\u0131yor, ayn\u0131 zamanda mevcut sosyal d\u00fczenin acayipliklerini ve adaletsizli\u011fini de ciddiyetle \u2013ama tatl\u0131 bir dille\u2013 ele\u015ftiriyor. \u201cOblomov\u2019u deh\u015fet i\u00e7erisinde, tekrar ve tekrar okuyorum.\u201d LEV TOLSTOY <\/p>\n","protected":false},"excerpt":{"rendered":"<p>Tembelli\u011fi bir sanat haline getiren Oblomov, Rus roman\u0131nda \u201cl\u00fczumsuz adam\u201d tiplemesinin \u00f6l\u00fcms\u00fcz \u00f6rneklerinden biridir. Orta ya\u015fl\u0131 toprak sahibi Oblomov i\u015finden ayr\u0131lm\u0131\u015f, t\u00fcm arkada\u015flar\u0131n\u0131 etraf\u0131ndan uzakla\u015ft\u0131rm\u0131\u015f, borca<span class=\"excerpt-hellip\"> [\u2026]<\/span><\/p>\n","protected":false},"featured_media":0,"template":"","meta":{"_monsterinsights_skip_tracking":false,"_monsterinsights_sitenote_active":false,"_monsterinsights_sitenote_note":"","_monsterinsights_sitenote_category":0},"product_brand":[],"product_cat":[12291,13570],"product_tag":[],"class_list":{"0":"post-689233","1":"product","2":"type-product","3":"status-publish","5":"product_cat-edebiyat","6":"product_cat-rus-edebiyati","7":"pa_cilt-ciltsiz","8":"pa_tur-kitap","9":"pa_yayinevi-iletisim-yayinlari","10":"pa_yazar-ivan-goncarov","12":"first","13":"instock","14":"sale","15":"shipping-taxable","16":"purchasable","17":"product-type-simple"},"_links":{"self":[{"href":"https:\/\/roveyayinevi.com.tr\/index.php\/wp-json\/wp\/v2\/product\/689233","targetHints":{"allow":["GET"]}}],"collection":[{"href":"https:\/\/roveyayinevi.com.tr\/index.php\/wp-json\/wp\/v2\/product"}],"about":[{"href":"https:\/\/roveyayinevi.com.tr\/index.php\/wp-json\/wp\/v2\/types\/product"}],"wp:attachment":[{"href":"https:\/\/roveyayinevi.com.tr\/index.php\/wp-json\/wp\/v2\/media?parent=689233"}],"wp:term":[{"taxonomy":"product_brand","embeddable":true,"href":"https:\/\/roveyayinevi.com.tr\/index.php\/wp-json\/wp\/v2\/product_brand?post=689233"},{"taxonomy":"product_cat","embeddable":true,"href":"https:\/\/roveyayinevi.com.tr\/index.php\/wp-json\/wp\/v2\/product_cat?post=689233"},{"taxonomy":"product_tag","embeddable":true,"href":"https:\/\/roveyayinevi.com.tr\/index.php\/wp-json\/wp\/v2\/product_tag?post=689233"}],"curies":[{"name":"wp","href":"https:\/\/api.w.org\/{rel}","templated":true}]}}