{"id":689229,"date":"2025-08-27T13:10:06","date_gmt":"2025-08-27T10:10:06","guid":{"rendered":"https:\/\/roveyayinevi.com.tr\/index.php\/urun\/yonetisim-zihniyeti-turkiyede-ust-kurullar-ve-siyasal-iktidarin-donusumu\/"},"modified":"2026-04-16T01:58:47","modified_gmt":"2026-04-15T22:58:47","slug":"yonetisim-zihniyeti-turkiyede-ust-kurullar-ve-siyasal-iktidarin-donusumu","status":"publish","type":"product","link":"https:\/\/roveyayinevi.com.tr\/index.php\/urun\/yonetisim-zihniyeti-turkiyede-ust-kurullar-ve-siyasal-iktidarin-donusumu\/","title":{"rendered":"Y\u00f6neti\u015fim Zihniyeti: T\u00fcrkiye&#8217;de \u00dcst Kurullar ve Siyasal \u0130ktidar\u0131n D\u00f6n\u00fc\u015f\u00fcm\u00fc"},"content":{"rendered":"<p>Son y\u0131llarda gittik\u00e7e daha fazla duymaya ba\u015flad\u0131\u011f\u0131m\u0131z, adeta  sihirli  bir s\u00f6zc\u00fck: Y\u00f6neti\u015fim. Ancak  y\u00f6netim ,  idare2 gibi kavramlar\u0131n yerine kullan\u0131lmaya ba\u015flanan y\u00f6neti\u015fimin, tam olarak neleri i\u00e7erip, neleri d\u0131\u015far\u0131da b\u0131rakt\u0131\u011f\u0131 hi\u00e7bir zaman net \u015fekilde ortaya konmuyor. Sonay Bayramo\u011flu\u2019nun alan\u0131nda bir ilk olan bu \u00e7al\u0131\u015fmas\u0131, neoliberalizmin devleti ve d\u00fcnyay\u0131 yeniden \u015fekillendirmesinin en \u00f6nemli ara\u00e7lar\u0131ndan olan kavram\u0131, her y\u00f6n\u00fcyle irdeliyor. Devleti bir  firma gibi  yeniden yap\u0131land\u0131rarak piyasa mant\u0131\u011f\u0131 ile ele alan y\u00f6neti\u015fim zihniyeti, bu y\u00f6n\u00fcyle sadece kamu yarar\u0131ndan uzakla\u015fmakla kalm\u0131yor; b\u00f6l\u00fc\u015f\u00fcm ili\u015fkilerini siyasetten ar\u0131nd\u0131rmay\u0131 hedefleyerek siyasetin toplumsal i\u00e7eri\u011fini buday\u0131p, k\u00fcresel egemen s\u0131n\u0131f\u0131n iktidar\u0131n\u0131n daha da peki\u015fmesine yard\u0131mc\u0131 oluyor. Y\u00f6neti\u015fimin g\u00f6r\u00fcnen y\u00fcz\u00fc durumundaki  \u00fcst kurullar  ise,  d\u00f6n\u00fc\u015fen  siyasal iktidar\u0131n g\u00fcn\u00fcm\u00fczdeki en \u00f6nemli yans\u0131mas\u0131. Bayramo\u011flu kapsaml\u0131 \u00e7al\u0131\u015fmas\u0131nda T\u00fcrkiye\u2019de de\u201990\u2019lardan sonra yayg\u0131nla\u015fan kurullar\u0131n \u00f6rg\u00fct yap\u0131s\u0131n\u0131, geleneksel b\u00fcrokrasiden farklar\u0131n\u0131, bunlar\u0131n IMF, D\u00fcnya Bankas\u0131, OECD gibi k\u00fcresel kapitalizmin temsilcileriyle ili\u015fkilerini, yurtta\u015fl\u0131k kavram\u0131n\u0131n yerini  kamu hizmetini t\u00fcketen m\u00fc\u015fteri  kategorisine terk edi\u015f s\u00fcrecini inceliyor. Y\u00f6neti\u015fim Zihniyeti: T\u00fcrkiye\u2019de \u00dcst Kurullar ve Siyasal \u0130ktidar\u0131n D\u00f6n\u00fc\u015f\u00fcm\u00fc; devlet, toplum ve iktidar ili\u015fkilerini k\u00f6kten de\u011fi\u015ftiren y\u00f6neti\u015fim modelinin, k\u00fcresel kapitalizmin geldi\u011fi ve gidece\u011fi yeri g\u00f6rmek isteyenler i\u00e7in \u00f6nemli bir kaynak. <\/p>\n","protected":false},"excerpt":{"rendered":"<p>Son y\u0131llarda gittik\u00e7e daha fazla duymaya ba\u015flad\u0131\u011f\u0131m\u0131z, adeta sihirli bir s\u00f6zc\u00fck: Y\u00f6neti\u015fim. Ancak y\u00f6netim , idare2 gibi kavramlar\u0131n yerine kullan\u0131lmaya ba\u015flanan y\u00f6neti\u015fimin, tam olarak neleri i\u00e7erip,<span class=\"excerpt-hellip\"> [\u2026]<\/span><\/p>\n","protected":false},"featured_media":0,"template":"","meta":{"_monsterinsights_skip_tracking":false,"_monsterinsights_sitenote_active":false,"_monsterinsights_sitenote_note":"","_monsterinsights_sitenote_category":0},"product_brand":[],"product_cat":[13596,12337],"product_tag":[],"class_list":{"0":"post-689229","1":"product","2":"type-product","3":"status-publish","5":"product_cat-avrupa-birligi","6":"product_cat-politika-siyaset","7":"pa_cilt-ciltsiz","8":"pa_tur-kitap","9":"pa_yayinevi-iletisim-yayinlari","10":"pa_yazar-sonay-bayramoglu","12":"first","13":"instock","14":"sale","15":"shipping-taxable","16":"purchasable","17":"product-type-simple"},"_links":{"self":[{"href":"https:\/\/roveyayinevi.com.tr\/index.php\/wp-json\/wp\/v2\/product\/689229","targetHints":{"allow":["GET"]}}],"collection":[{"href":"https:\/\/roveyayinevi.com.tr\/index.php\/wp-json\/wp\/v2\/product"}],"about":[{"href":"https:\/\/roveyayinevi.com.tr\/index.php\/wp-json\/wp\/v2\/types\/product"}],"wp:attachment":[{"href":"https:\/\/roveyayinevi.com.tr\/index.php\/wp-json\/wp\/v2\/media?parent=689229"}],"wp:term":[{"taxonomy":"product_brand","embeddable":true,"href":"https:\/\/roveyayinevi.com.tr\/index.php\/wp-json\/wp\/v2\/product_brand?post=689229"},{"taxonomy":"product_cat","embeddable":true,"href":"https:\/\/roveyayinevi.com.tr\/index.php\/wp-json\/wp\/v2\/product_cat?post=689229"},{"taxonomy":"product_tag","embeddable":true,"href":"https:\/\/roveyayinevi.com.tr\/index.php\/wp-json\/wp\/v2\/product_tag?post=689229"}],"curies":[{"name":"wp","href":"https:\/\/api.w.org\/{rel}","templated":true}]}}