{"id":689226,"date":"2025-08-27T13:10:05","date_gmt":"2025-08-27T10:10:05","guid":{"rendered":"https:\/\/roveyayinevi.com.tr\/index.php\/urun\/milliyetcilik-kiskacinda-kibris\/"},"modified":"2026-04-16T01:58:47","modified_gmt":"2026-04-15T22:58:47","slug":"milliyetcilik-kiskacinda-kibris","status":"publish","type":"product","link":"https:\/\/roveyayinevi.com.tr\/index.php\/urun\/milliyetcilik-kiskacinda-kibris\/","title":{"rendered":"Milliyet\u00e7ilik K\u0131skac\u0131nda K\u0131br\u0131s"},"content":{"rendered":"<p>B\u00fcy\u00fckada ya da Yavruvatan&#8230; K\u0131br\u0131s kendi kaderini belirleyememi\u015f veya kendi kaderini iki  anavatan \u0131n kaderine, al\u0131nyaz\u0131s\u0131na g\u00f6re belirlemeye \u00e7al\u0131\u015fm\u0131\u015f iki milliyet\u00e7ili\u011fin k\u0131skac\u0131nda varolmaya \u00e7al\u0131\u015fan bir ada. Bir tarafta Yunan milliyet\u00e7ili\u011finin teritoryal geni\u015flemesinde s\u0131n\u0131r\u0131n en ucu, di\u011fer taraftan T\u00fcrk milliyet\u00e7ili\u011finin yeni  Hatay \u0131&#8230; K\u0131br\u0131s\u2019taki iki toplumun \u00e7ok uzun s\u00fcredir varolu\u015f ko\u015fullar\u0131n\u0131 belirleyen milliyet\u00e7iler, iki toplumun kendi \u00f6zg\u00fcn kaderlerini ya\u015famalar\u0131ndansa, hayatlar\u0131n\u0131  anavatanlar \u0131n kaderine ba\u011f\u0131ml\u0131 s\u00fcrd\u00fcrmeyi tercih ettiler. K\u0131br\u0131sl\u0131 Rum milliyet\u00e7ili\u011fi Ada\u2019n\u0131n Yunanistan\u2019\u0131n bir par\u00e7as\u0131 olarak kabul edilmesini isterken, K\u0131br\u0131sl\u0131 T\u00fcrk milliyet\u00e7ili\u011fi T\u00fcrkiye\u2019nin sanca\u011f\u0131 olmas\u0131n\u0131 arzulad\u0131. Elbette bu tercihler, Yunanistan\u2019ta ve T\u00fcrkiye\u2019de ya\u015fanan farkl\u0131 ulus-devlet in\u015fa s\u00fcre\u00e7lerinin hem kendi projeleri i\u00e7in hem de adadaki iki toplumun  gelecek  planlar\u0131 i\u00e7in hayati say\u0131ld\u0131. Ada\u2019daki milliyet\u00e7iler kimi zaman kendi modellerini savunurken  anavatanlar \u0131n bunu kabullenmesini arzulad\u0131lar, kimi zaman da  anavatanlar  kendi d\u0131\u015f politika manevralar\u0131nda K\u0131br\u0131s\u2019\u0131 bir koz olarak kullanmaya \u00e7al\u0131\u015ft\u0131lar. K\u0131br\u0131s ayr\u0131ca 20. y\u00fczy\u0131lda  baz\u0131 sorunlar vard\u0131r ve bunlar \u00e7\u00f6z\u00fcms\u00fczd\u00fcr  diyen bir uluslararas\u0131 ili\u015fkiler yakla\u015f\u0131m\u0131n\u0131n iyi bir \u00f6rne\u011fi olarak sunuldu. Niyazi K\u0131z\u0131ly\u00fcrek Milliyet\u00e7ilik K\u0131skac\u0131nda K\u0131br\u0131s\u2019ta, halen iki toplumun ya\u015fad\u0131\u011f\u0131 adn\u0131n  \u00e7\u00f6z\u00fcms\u00fczl\u00fck  \u00fczerinde katetti\u011fi mesafeyi geriye sarmak i\u00e7in d\u00f6rtl\u00fc milliyet\u00e7ilik matrisiyle nas\u0131l ve ni\u00e7in hesapla\u015f\u0131lmas\u0131 gerekti\u011fini tart\u0131\u015f\u0131yor. <\/p>\n","protected":false},"excerpt":{"rendered":"<p>B\u00fcy\u00fckada ya da Yavruvatan&#8230; K\u0131br\u0131s kendi kaderini belirleyememi\u015f veya kendi kaderini iki anavatan \u0131n kaderine, al\u0131nyaz\u0131s\u0131na g\u00f6re belirlemeye \u00e7al\u0131\u015fm\u0131\u015f iki milliyet\u00e7ili\u011fin k\u0131skac\u0131nda varolmaya \u00e7al\u0131\u015fan bir ada.<span class=\"excerpt-hellip\"> [\u2026]<\/span><\/p>\n","protected":false},"featured_media":0,"template":"","meta":{"_monsterinsights_skip_tracking":false,"_monsterinsights_sitenote_active":false,"_monsterinsights_sitenote_note":"","_monsterinsights_sitenote_category":0},"product_brand":[],"product_cat":[13656,12337],"product_tag":[],"class_list":{"0":"post-689226","1":"product","2":"type-product","3":"status-publish","5":"product_cat-azinliklar-etnik-sorunlar","6":"product_cat-politika-siyaset","7":"pa_cilt-ciltsiz","8":"pa_tur-kitap","9":"pa_yayinevi-iletisim-yayinlari","10":"pa_yazar-niyazi-kizilyurek","12":"first","13":"instock","14":"sale","15":"shipping-taxable","16":"purchasable","17":"product-type-simple"},"_links":{"self":[{"href":"https:\/\/roveyayinevi.com.tr\/index.php\/wp-json\/wp\/v2\/product\/689226","targetHints":{"allow":["GET"]}}],"collection":[{"href":"https:\/\/roveyayinevi.com.tr\/index.php\/wp-json\/wp\/v2\/product"}],"about":[{"href":"https:\/\/roveyayinevi.com.tr\/index.php\/wp-json\/wp\/v2\/types\/product"}],"wp:attachment":[{"href":"https:\/\/roveyayinevi.com.tr\/index.php\/wp-json\/wp\/v2\/media?parent=689226"}],"wp:term":[{"taxonomy":"product_brand","embeddable":true,"href":"https:\/\/roveyayinevi.com.tr\/index.php\/wp-json\/wp\/v2\/product_brand?post=689226"},{"taxonomy":"product_cat","embeddable":true,"href":"https:\/\/roveyayinevi.com.tr\/index.php\/wp-json\/wp\/v2\/product_cat?post=689226"},{"taxonomy":"product_tag","embeddable":true,"href":"https:\/\/roveyayinevi.com.tr\/index.php\/wp-json\/wp\/v2\/product_tag?post=689226"}],"curies":[{"name":"wp","href":"https:\/\/api.w.org\/{rel}","templated":true}]}}