{"id":689220,"date":"2025-08-27T13:10:04","date_gmt":"2025-08-27T10:10:04","guid":{"rendered":"https:\/\/roveyayinevi.com.tr\/index.php\/urun\/pnin\/"},"modified":"2026-04-16T01:58:47","modified_gmt":"2026-04-15T22:58:47","slug":"pnin","status":"publish","type":"product","link":"https:\/\/roveyayinevi.com.tr\/index.php\/urun\/pnin\/","title":{"rendered":"Pnin"},"content":{"rendered":"<p>Pnin\u2019in ba\u015f ki\u015fisi Profes\u00f6r Pnin, Lolita\u2019n\u0131n Humbert Humbert\u2019i gibi, Solgun Ate\u015f\u2019in Kinbote\u2019u gibi, Vladimir Nabokov\u2019un yerinden yurdundan kopmu\u015f kahramanlar\u0131ndan biridir. Amerikan \u00fcniversitelerinden birinde Rus Dili ve Edebiyat\u0131 dersleri vermektedir. Pnin bu \u2018yeni\u2019 d\u00fcnyada \u015fa\u015fk\u0131nd\u0131r. Eski D\u00fcnya\u2019dan yenisine ta\u015f\u0131d\u0131\u011f\u0131 an\u0131lar\u0131 aras\u0131nda sevdi\u011fi ama a\u015fk\u0131na kar\u015f\u0131l\u0131k vermemi\u015f bir e\u015f ve onun o\u011flu, y\u00fcrekten sevdi\u011fi anadili, eski tarz bir mizah, eski t\u00fcr bir zerafet, baz\u0131 entelekt\u00fcel ve dilsel incelikler, kimileri kahkahalara yol a\u00e7an k\u00f6kl\u00fc al\u0131\u015fkanl\u0131klar vard\u0131r. Pnin, diretmeleri, tutturmalar\u0131, hayatla ilgili \u2018miyoplu\u011fu\u2019 i\u00e7inde g\u00fcn\u00fc ge\u00e7mi\u015f ve komik bir karakter gibi g\u00f6r\u00fcn\u00fcr. Ama Nabokov b\u00fct\u00fcn benzer karakterleri gibi, bu \u015fa\u015fk\u0131n roman ki\u015fisi arac\u0131l\u0131\u011f\u0131yla da okuru kendi \u015fa\u015falamalar\u0131, kendi \u00e7\u0131kmazlar\u0131 hakk\u0131nda d\u00fc\u015f\u00fcnd\u00fcrmek ister. Hepimiz, \u00f6zellikle burnu kitaptan \u00e7\u0131kmayanlar\u0131m\u0131z, \u00e7e\u015fitli bi\u00e7imlerde birer ya\u015fama acemisi de\u011fil miyiz? Pnin kadar olmasa da ya\u015fam\u0131n bize kurdu\u011fu tuzaklara tepetaklak d\u00fc\u015fmeye her an haz\u0131r de\u011fil miyiz? Pnin, ayr\u0131ca Vladimir Nabokov\u2019un yazar ustal\u0131\u011f\u0131n\u0131 belgeleyen, temalar\u0131n\u0131 tekrarlayan romanlar\u0131ndan biridir. Nabokov her zamanki gibi sorar: Yazar, ki\u015fisini ne derece nesnel bir sesle anlatabilir? Anlatan\u2019la anlat\u0131lan birbirlerinden sand\u0131\u011f\u0131m\u0131z kadar uzak, yoksa tehlikeli bi\u00e7imde yak\u0131n m\u0131d\u0131rlar? Yoksa arada bir yerde, tehlikeli bir noktada pusu kurmu\u015f bekleyen bir \u00fc\u00e7\u00fcnc\u00fc bir \u2018ses\u2019 mi vard\u0131r?<\/p>\n","protected":false},"excerpt":{"rendered":"<p>Pnin\u2019in ba\u015f ki\u015fisi Profes\u00f6r Pnin, Lolita\u2019n\u0131n Humbert Humbert\u2019i gibi, Solgun Ate\u015f\u2019in Kinbote\u2019u gibi, Vladimir Nabokov\u2019un yerinden yurdundan kopmu\u015f kahramanlar\u0131ndan biridir. Amerikan \u00fcniversitelerinden birinde Rus Dili ve<span class=\"excerpt-hellip\"> [\u2026]<\/span><\/p>\n","protected":false},"featured_media":0,"template":"","meta":{"_monsterinsights_skip_tracking":false,"_monsterinsights_sitenote_active":false,"_monsterinsights_sitenote_note":"","_monsterinsights_sitenote_category":0},"product_brand":[],"product_cat":[12891,12291],"product_tag":[],"class_list":{"0":"post-689220","1":"product","2":"type-product","3":"status-publish","5":"product_cat-amerikan-edebiyati","6":"product_cat-edebiyat","7":"pa_cilt-ciltsiz","8":"pa_tur-kitap","9":"pa_yayinevi-iletisim-yayinlari","10":"pa_yazar-vladimir-nabokov","12":"first","13":"instock","14":"sale","15":"shipping-taxable","16":"purchasable","17":"product-type-simple"},"_links":{"self":[{"href":"https:\/\/roveyayinevi.com.tr\/index.php\/wp-json\/wp\/v2\/product\/689220","targetHints":{"allow":["GET"]}}],"collection":[{"href":"https:\/\/roveyayinevi.com.tr\/index.php\/wp-json\/wp\/v2\/product"}],"about":[{"href":"https:\/\/roveyayinevi.com.tr\/index.php\/wp-json\/wp\/v2\/types\/product"}],"wp:attachment":[{"href":"https:\/\/roveyayinevi.com.tr\/index.php\/wp-json\/wp\/v2\/media?parent=689220"}],"wp:term":[{"taxonomy":"product_brand","embeddable":true,"href":"https:\/\/roveyayinevi.com.tr\/index.php\/wp-json\/wp\/v2\/product_brand?post=689220"},{"taxonomy":"product_cat","embeddable":true,"href":"https:\/\/roveyayinevi.com.tr\/index.php\/wp-json\/wp\/v2\/product_cat?post=689220"},{"taxonomy":"product_tag","embeddable":true,"href":"https:\/\/roveyayinevi.com.tr\/index.php\/wp-json\/wp\/v2\/product_tag?post=689220"}],"curies":[{"name":"wp","href":"https:\/\/api.w.org\/{rel}","templated":true}]}}