{"id":689218,"date":"2025-08-27T13:10:04","date_gmt":"2025-08-27T10:10:04","guid":{"rendered":"https:\/\/roveyayinevi.com.tr\/index.php\/urun\/medya-ve-iletisim-sosyolojisi\/"},"modified":"2025-11-22T02:02:28","modified_gmt":"2025-11-21T23:02:28","slug":"medya-ve-iletisim-sosyolojisi","status":"publish","type":"product","link":"https:\/\/roveyayinevi.com.tr\/index.php\/urun\/medya-ve-iletisim-sosyolojisi\/","title":{"rendered":"Medya ve \u0130leti\u015fim Sosyolojisi"},"content":{"rendered":"<p>\u00c7a\u011fda\u015f d\u00fcnyada gen\u00e7lerin sosyalle\u015fmesine, siyasete, hatta toplum in\u015fas\u0131na etkisi bak\u0131m\u0131ndan kitle medyas\u0131n\u0131n ve ileti\u015fimin rol\u00fc, g\u00fcc\u00fc tart\u0131\u015f\u0131lmaz. Ancak tam da bu sebeplerle, kitle medyas\u0131 ve ileti\u015fim ciddi bir \u015fekilde tart\u0131\u015f\u0131l\u0131yor. Bu alanda Fransa\u2019n\u0131n \u00f6nde gelen isimlerinden biri olan sosyolog \u00c9ric Maigret bu tart\u0131\u015fmaya, k\u00f6kleri Amerikan ampirik ekol\u00fcyle Frankfurt Okulu\u2019nun kimi zaman kesi\u015fen tezlerine, Habermas ve Habermas sonras\u0131 kamusal alan kuramlar\u0131na, etkile\u015fimcili\u011fe, yap\u0131salc\u0131 kuramlara, k\u00fclt\u00fcrel \u00e7al\u0131\u015fmalara uzanan ileti\u015fim sosyolojisi a\u00e7\u0131s\u0131ndan yakla\u015f\u0131yor. \u0130fade, egemenlik ve demokratikle\u015fen bir d\u00fcnyaya kat\u0131lman\u0131n ayn\u0131 anda ve bir arada m\u00fcmk\u00fcn olabilece\u011fini g\u00f6steren medya ve ileti\u015fimin bu b\u00fcy\u00fck at\u0131l\u0131m s\u00fcrecini Amerikan pragmatist vizyonunu da ele alarak inceliyor. Medya ve \u0130leti\u015fim Sosyolojisi \u00f6\u011frenciler i\u00e7in bir ba\u015fvuru kayna\u011f\u0131 oldu\u011fu kadar, medya ve ileti\u015fim alan\u0131nda \u00e7al\u0131\u015fan, d\u00fc\u015f\u00fcnen, ayr\u0131ca ileti\u015fim alan\u0131nda olan bitenden yeterince haberdar olmad\u0131\u011f\u0131na inanan herkes i\u00e7in faydal\u0131 bir kitap. <\/p>\n","protected":false},"excerpt":{"rendered":"<p>\u00c7a\u011fda\u015f d\u00fcnyada gen\u00e7lerin sosyalle\u015fmesine, siyasete, hatta toplum in\u015fas\u0131na etkisi bak\u0131m\u0131ndan kitle medyas\u0131n\u0131n ve ileti\u015fimin rol\u00fc, g\u00fcc\u00fc tart\u0131\u015f\u0131lmaz. Ancak tam da bu sebeplerle, kitle medyas\u0131 ve ileti\u015fim<span class=\"excerpt-hellip\"> [\u2026]<\/span><\/p>\n","protected":false},"featured_media":0,"template":"","meta":{"_monsterinsights_skip_tracking":false,"_monsterinsights_sitenote_active":false,"_monsterinsights_sitenote_note":"","_monsterinsights_sitenote_category":0},"product_brand":[],"product_cat":[12364],"product_tag":[],"class_list":{"0":"post-689218","1":"product","2":"type-product","3":"status-publish","5":"product_cat-genel-konular","6":"pa_cilt-ciltsiz","7":"pa_tur-kitap","8":"pa_yayinevi-iletisim-yayinlari","9":"pa_yazar-eric-maigrect","11":"first","12":"instock","13":"sale","14":"shipping-taxable","15":"purchasable","16":"product-type-simple"},"_links":{"self":[{"href":"https:\/\/roveyayinevi.com.tr\/index.php\/wp-json\/wp\/v2\/product\/689218","targetHints":{"allow":["GET"]}}],"collection":[{"href":"https:\/\/roveyayinevi.com.tr\/index.php\/wp-json\/wp\/v2\/product"}],"about":[{"href":"https:\/\/roveyayinevi.com.tr\/index.php\/wp-json\/wp\/v2\/types\/product"}],"wp:attachment":[{"href":"https:\/\/roveyayinevi.com.tr\/index.php\/wp-json\/wp\/v2\/media?parent=689218"}],"wp:term":[{"taxonomy":"product_brand","embeddable":true,"href":"https:\/\/roveyayinevi.com.tr\/index.php\/wp-json\/wp\/v2\/product_brand?post=689218"},{"taxonomy":"product_cat","embeddable":true,"href":"https:\/\/roveyayinevi.com.tr\/index.php\/wp-json\/wp\/v2\/product_cat?post=689218"},{"taxonomy":"product_tag","embeddable":true,"href":"https:\/\/roveyayinevi.com.tr\/index.php\/wp-json\/wp\/v2\/product_tag?post=689218"}],"curies":[{"name":"wp","href":"https:\/\/api.w.org\/{rel}","templated":true}]}}