{"id":689217,"date":"2025-08-27T13:10:04","date_gmt":"2025-08-27T10:10:04","guid":{"rendered":"https:\/\/roveyayinevi.com.tr\/index.php\/urun\/cocuklar-icin-kedi-bakimi\/"},"modified":"2025-12-30T09:34:30","modified_gmt":"2025-12-30T06:34:30","slug":"cocuklar-icin-kedi-bakimi","status":"publish","type":"product","link":"https:\/\/roveyayinevi.com.tr\/index.php\/urun\/cocuklar-icin-kedi-bakimi\/","title":{"rendered":"\u00c7ocuklar \u0130\u00e7in Kedi Bak\u0131m\u0131"},"content":{"rendered":"<p>Kedinizin sa\u011fl\u0131\u011f\u0131n\u0131 nas\u0131l korursunuz? Kedinizin dilinden nas\u0131l anlars\u0131n\u0131z? \u0130ki kedi birbirini nas\u0131l selamlar? Kediler mutlu veya \u00f6fkeli olduklar\u0131n\u0131 nas\u0131l anlat\u0131rlar? Bu kitap, bir kediye nas\u0131l bak\u0131laca\u011f\u0131n\u0131 \u00f6\u011frenmek isteyen k\u00fc\u00e7\u00fck hayvanseverler i\u00e7in bir ba\u015fvuru kayna\u011f\u0131. Kitapta, kediniz i\u00e7in yapabilece\u011finiz bir oyuncak ve oyun evi tarifi de bulacaks\u0131n\u0131z. \u00c7ocuklar \u0130\u00e7in Kedi Bak\u0131m\u0131 ayn\u0131 zamanda  internet ba\u011flant\u0131l\u0131 kitap  deneyimi de sunuyor. Konu ba\u015fl\u0131klar\u0131yla ilgili daha fazla bilgi edinmek isteyen okurlar, kitab\u0131n i\u00e7indeki internet ba\u011flant\u0131lar\u0131 \u00fczerinden, kedi bak\u0131m\u0131yla ilgili \u00e7izgi filmler izleyebilir ve e\u011flenceli oyunlar oynayabilirler. <\/p>\n","protected":false},"excerpt":{"rendered":"<p>Kedinizin sa\u011fl\u0131\u011f\u0131n\u0131 nas\u0131l korursunuz? Kedinizin dilinden nas\u0131l anlars\u0131n\u0131z? \u0130ki kedi birbirini nas\u0131l selamlar? Kediler mutlu veya \u00f6fkeli olduklar\u0131n\u0131 nas\u0131l anlat\u0131rlar? Bu kitap, bir kediye nas\u0131l bak\u0131laca\u011f\u0131n\u0131<span class=\"excerpt-hellip\"> [\u2026]<\/span><\/p>\n","protected":false},"featured_media":0,"template":"","meta":{"_monsterinsights_skip_tracking":false,"_monsterinsights_sitenote_active":false,"_monsterinsights_sitenote_note":"","_monsterinsights_sitenote_category":0},"product_brand":[],"product_cat":[12274,12284],"product_tag":[],"class_list":{"0":"post-689217","1":"product","2":"type-product","3":"status-publish","5":"product_cat-cocuk-ve-genclik-kitaplari","6":"product_cat-hikayeler","7":"pa_cilt-ciltsiz","8":"pa_tur-kitap","9":"pa_yayinevi-iletisim-yayinlari","10":"pa_yazar-katherine-starke","12":"first","13":"instock","14":"sale","15":"shipping-taxable","16":"purchasable","17":"product-type-simple"},"_links":{"self":[{"href":"https:\/\/roveyayinevi.com.tr\/index.php\/wp-json\/wp\/v2\/product\/689217","targetHints":{"allow":["GET"]}}],"collection":[{"href":"https:\/\/roveyayinevi.com.tr\/index.php\/wp-json\/wp\/v2\/product"}],"about":[{"href":"https:\/\/roveyayinevi.com.tr\/index.php\/wp-json\/wp\/v2\/types\/product"}],"wp:attachment":[{"href":"https:\/\/roveyayinevi.com.tr\/index.php\/wp-json\/wp\/v2\/media?parent=689217"}],"wp:term":[{"taxonomy":"product_brand","embeddable":true,"href":"https:\/\/roveyayinevi.com.tr\/index.php\/wp-json\/wp\/v2\/product_brand?post=689217"},{"taxonomy":"product_cat","embeddable":true,"href":"https:\/\/roveyayinevi.com.tr\/index.php\/wp-json\/wp\/v2\/product_cat?post=689217"},{"taxonomy":"product_tag","embeddable":true,"href":"https:\/\/roveyayinevi.com.tr\/index.php\/wp-json\/wp\/v2\/product_tag?post=689217"}],"curies":[{"name":"wp","href":"https:\/\/api.w.org\/{rel}","templated":true}]}}