{"id":689216,"date":"2025-08-27T13:10:04","date_gmt":"2025-08-27T10:10:04","guid":{"rendered":"https:\/\/roveyayinevi.com.tr\/index.php\/urun\/manzarali-bir-oda\/"},"modified":"2026-01-26T01:59:22","modified_gmt":"2026-01-25T22:59:22","slug":"manzarali-bir-oda","status":"publish","type":"product","link":"https:\/\/roveyayinevi.com.tr\/index.php\/urun\/manzarali-bir-oda\/","title":{"rendered":"Manzaral\u0131 Bir Oda"},"content":{"rendered":"<p>Sevil Cerit \u00e7evirisi,Lionel Trilling\u2019in \u00f6ns\u00f6z\u00fc,Judith Scherer Herz\u2019in sons\u00f6z\u00fc,Yazar ve d\u00f6nem kronolojisi,Kitaba dair g\u00f6rsellerle.Manzaral\u0131 Bir Oda, E.M. Forster\u2019\u0131n uzak k\u00fclt\u00fcrlere seyahatin insan psikolojisi \u00fcst\u00fcndeki etkilerini i\u015fleyen romanlar\u0131 aras\u0131nda zarafetiyle istisnai bir eser. Orta s\u0131n\u0131f \u0130ngiliz kad\u0131nlar\u0131n daha \u00f6zg\u00fcr hayatlar s\u00fcrmeye ba\u015flad\u0131klar\u0131 20. y\u00fczy\u0131l ba\u015f\u0131nda kuzeni Charlotte Bartlett ile \u0130talya turuna \u00e7\u0131kan Lucy Honeychurch, Floransa\u2019daki Bertolini Pansiyonu\u2019nda yeni insanlarla ve \u201cmanzaral\u0131 bir oda\u201dyla tan\u0131\u015f\u0131r. Lucy ve beraberindekilerin \u0130talya turu farkl\u0131 bir k\u00fclt\u00fcr\u00fcn yan\u0131 s\u0131ra yeni bireyler ve deneyimlerle tan\u0131\u015ft\u0131klar\u0131 bir \u00f6\u011frenme ve sorgulama s\u00fcrecine d\u00f6n\u00fc\u015f\u00fcr. Mek\u00e2n de\u011fi\u015fikli\u011fi Lucy Honeychurch\u2019\u00fc hayat\u0131yla ilgili \u00f6nemli kararlar almaya sevk eder. \u0130yilik ve k\u00f6t\u00fcl\u00fck, kabal\u0131k ve zarafet, a\u015fk ve evlilik, bencillik ve \u00f6zveri gibi kavramlar\u0131 yeni ba\u015ftan sorgulatan Manzaral\u0131 Bir Oda, insanl\u0131\u011f\u0131n temel meselelerine ili\u015fkin zarif bir \u201cmanzara\u201d resmi.\u201cManzaral\u0131 Bir Oda\u2019da d\u00fcnyan\u0131n iyili\u011fe mi, yoksa k\u00f6t\u00fcl\u00fc\u011fe mi ait bir yer oldu\u011funa dair derin ve \u00f6nemli bir tart\u0131\u015fma y\u00fcr\u00fct\u00fcl\u00fcr.\u201dLIONEL TRILLING<\/p>\n","protected":false},"excerpt":{"rendered":"<p>Sevil Cerit \u00e7evirisi,Lionel Trilling\u2019in \u00f6ns\u00f6z\u00fc,Judith Scherer Herz\u2019in sons\u00f6z\u00fc,Yazar ve d\u00f6nem kronolojisi,Kitaba dair g\u00f6rsellerle.Manzaral\u0131 Bir Oda, E.M. Forster\u2019\u0131n uzak k\u00fclt\u00fcrlere seyahatin insan psikolojisi \u00fcst\u00fcndeki etkilerini i\u015fleyen romanlar\u0131<span class=\"excerpt-hellip\"> [\u2026]<\/span><\/p>\n","protected":false},"featured_media":0,"template":"","meta":{"_monsterinsights_skip_tracking":false,"_monsterinsights_sitenote_active":false,"_monsterinsights_sitenote_note":"","_monsterinsights_sitenote_category":0},"product_brand":[],"product_cat":[12291,12866],"product_tag":[],"class_list":{"0":"post-689216","1":"product","2":"type-product","3":"status-publish","5":"product_cat-edebiyat","6":"product_cat-ingiliz-edebiyati","7":"pa_cilt-ciltsiz","8":"pa_tur-kitap","9":"pa_yayinevi-iletisim-yayinlari","10":"pa_yazar-e-m-forster","12":"first","13":"instock","14":"sale","15":"shipping-taxable","16":"purchasable","17":"product-type-simple"},"_links":{"self":[{"href":"https:\/\/roveyayinevi.com.tr\/index.php\/wp-json\/wp\/v2\/product\/689216","targetHints":{"allow":["GET"]}}],"collection":[{"href":"https:\/\/roveyayinevi.com.tr\/index.php\/wp-json\/wp\/v2\/product"}],"about":[{"href":"https:\/\/roveyayinevi.com.tr\/index.php\/wp-json\/wp\/v2\/types\/product"}],"wp:attachment":[{"href":"https:\/\/roveyayinevi.com.tr\/index.php\/wp-json\/wp\/v2\/media?parent=689216"}],"wp:term":[{"taxonomy":"product_brand","embeddable":true,"href":"https:\/\/roveyayinevi.com.tr\/index.php\/wp-json\/wp\/v2\/product_brand?post=689216"},{"taxonomy":"product_cat","embeddable":true,"href":"https:\/\/roveyayinevi.com.tr\/index.php\/wp-json\/wp\/v2\/product_cat?post=689216"},{"taxonomy":"product_tag","embeddable":true,"href":"https:\/\/roveyayinevi.com.tr\/index.php\/wp-json\/wp\/v2\/product_tag?post=689216"}],"curies":[{"name":"wp","href":"https:\/\/api.w.org\/{rel}","templated":true}]}}