{"id":689214,"date":"2025-08-27T13:10:03","date_gmt":"2025-08-27T10:10:03","guid":{"rendered":"https:\/\/roveyayinevi.com.tr\/index.php\/urun\/kuresellesme-caginda-goc-kavramlartartismalarsos\/"},"modified":"2026-04-16T01:58:47","modified_gmt":"2026-04-15T22:58:47","slug":"kuresellesme-caginda-goc-kavramlartartismalarsos","status":"publish","type":"product","link":"https:\/\/roveyayinevi.com.tr\/index.php\/urun\/kuresellesme-caginda-goc-kavramlartartismalarsos\/","title":{"rendered":"K\u00fcreselle\u015fme \u00c7a\u011f\u0131nda G\u00f6\u00e7: Kavramlar,Tart\u0131\u015fmalarsos"},"content":{"rendered":"<p>\u0130nsanlar, ezelden beri d\u00fcnya \u00fczerinde g\u00f6\u00e7 halindeler. \u0130\u00e7inde bulundu\u011fumuz k\u00fcreselle\u015fme \u00e7a\u011f\u0131nda g\u00f6\u00e7\u00fcn hem boyutlar\u0131 ola\u011fan\u00fcst\u00fc artt\u0131 hem karma\u015f\u0131kla\u015ft\u0131. A\u00e7\u0131k, d\u00f6ner ve m\u00fch\u00fcrl\u00fc kap\u0131lar var; herkes her yere g\u00f6\u00e7emiyor&#8230; \u00c7ok farkl\u0131 g\u00f6\u00e7 deneyimleri var. G\u00f6\u00e7menler, umutlar\u0131 ve ma\u011fduriyetleri ile, b\u00fct\u00fcn yerle\u015fik d\u00fczenleri de\u011fi\u015fime zorluyorlar. Elinizdeki kitap, uluslararas\u0131 g\u00f6\u00e7\u00fc b\u00fct\u00fcn boyutlar\u0131yla tart\u0131\u015fmaya a\u00e7\u0131yor: Teorik yakla\u015f\u0131mlar&#8230; Uluslararas\u0131 ve ulusal politikalar&#8230; Emek g\u00f6\u00e7\u00fc&#8230; Emekli g\u00f6\u00e7\u00fc&#8230; G\u00f6\u00e7te kad\u0131nlar&#8230; G\u00f6\u00e7menlerin uyum ve  entegrasyonuyla  ilgili tart\u0131\u015fmalar&#8230; G\u00f6\u00e7menlerin stat\u00fc, vatanda\u015fl\u0131k ve kimlik meseleleri&#8230; Zorunlu g\u00f6\u00e7, yerinden etme, m\u00fcltecilik&#8230;  D\u00f6n\u00fc\u015f  deneyimleri; geriye g\u00f6\u00e7&#8230; G\u00f6\u00e7menlerin dayan\u0131\u015fma a\u011flar\u0131&#8230; Diasporalar&#8230; D\u00fczensiz g\u00f6\u00e7 hareketleri&#8230; B\u00fct\u00fcn bunlar\u0131n d\u00fcnyadan \u00e7e\u015fitli \u00f6rnekler ba\u011flam\u0131nda i\u015flendi\u011fi kitap, T\u00fcrkiye\u2019nin g\u00f6\u00e7 g\u00fcndemini ihmal etmiyor. Bulgaristan g\u00f6\u00e7menleri ve K\u00fcrt zorunlu g\u00f6\u00e7\u00fc, ele al\u0131nan konular aras\u0131nda. Ay\u015fe Akal\u0131n, Emrah Akba\u015f, \u015eebnem K\u00f6\u015fer Ak\u00e7apar, Yasemin Akis, G\u00fcl \u00c7at\u0131r, Kezban \u00c7elik, Sezgi Durgun, Adem Muzaffer Erol, Jacob Ceki Hazan, Ay\u015fem Biriz Kara\u00e7ay, Belk\u0131s K\u00fcmbeto\u011flu, N. Asl\u0131 \u015eirin \u00d6ner, S. G\u00fclfer Ihlamur\u00d6ner, Yelda \u00d6zen, Nurcan \u00d6zg\u00fcr, Derya \u00d6zkul, Ece \u00d6ztan, Fabio Salomoni, Deniz \u015eenol Sert, Ula\u015f Sunata, Helga Rittersberger-T\u0131l\u0131\u00e7, Reyhan Atas\u00fc Top\u00e7uo\u011flu, Nihan Ci\u011ferci, K. Onur Unutulmaz ve Deniz Y\u00fckseker\u2019in katk\u0131lar\u0131yla&#8230; <\/p>\n","protected":false},"excerpt":{"rendered":"<p>\u0130nsanlar, ezelden beri d\u00fcnya \u00fczerinde g\u00f6\u00e7 halindeler. \u0130\u00e7inde bulundu\u011fumuz k\u00fcreselle\u015fme \u00e7a\u011f\u0131nda g\u00f6\u00e7\u00fcn hem boyutlar\u0131 ola\u011fan\u00fcst\u00fc artt\u0131 hem karma\u015f\u0131kla\u015ft\u0131. A\u00e7\u0131k, d\u00f6ner ve m\u00fch\u00fcrl\u00fc kap\u0131lar var; herkes her<span class=\"excerpt-hellip\"> [\u2026]<\/span><\/p>\n","protected":false},"featured_media":0,"template":"","meta":{"_monsterinsights_skip_tracking":false,"_monsterinsights_sitenote_active":false,"_monsterinsights_sitenote_note":"","_monsterinsights_sitenote_category":0},"product_brand":[],"product_cat":[13278,12324],"product_tag":[],"class_list":{"0":"post-689214","1":"product","2":"type-product","3":"status-publish","5":"product_cat-sivil-toplum-kuruluslari","6":"product_cat-sosyoloji","7":"pa_cilt-ciltsiz","8":"pa_tur-kitap","9":"pa_yayinevi-iletisim-yayinlari","10":"pa_yazar-n-asli-sirin-oner-der","11":"pa_yazar-s-gulfer-ihlamur","13":"first","14":"instock","15":"sale","16":"shipping-taxable","17":"purchasable","18":"product-type-simple"},"_links":{"self":[{"href":"https:\/\/roveyayinevi.com.tr\/index.php\/wp-json\/wp\/v2\/product\/689214","targetHints":{"allow":["GET"]}}],"collection":[{"href":"https:\/\/roveyayinevi.com.tr\/index.php\/wp-json\/wp\/v2\/product"}],"about":[{"href":"https:\/\/roveyayinevi.com.tr\/index.php\/wp-json\/wp\/v2\/types\/product"}],"wp:attachment":[{"href":"https:\/\/roveyayinevi.com.tr\/index.php\/wp-json\/wp\/v2\/media?parent=689214"}],"wp:term":[{"taxonomy":"product_brand","embeddable":true,"href":"https:\/\/roveyayinevi.com.tr\/index.php\/wp-json\/wp\/v2\/product_brand?post=689214"},{"taxonomy":"product_cat","embeddable":true,"href":"https:\/\/roveyayinevi.com.tr\/index.php\/wp-json\/wp\/v2\/product_cat?post=689214"},{"taxonomy":"product_tag","embeddable":true,"href":"https:\/\/roveyayinevi.com.tr\/index.php\/wp-json\/wp\/v2\/product_tag?post=689214"}],"curies":[{"name":"wp","href":"https:\/\/api.w.org\/{rel}","templated":true}]}}