{"id":689213,"date":"2025-08-27T13:10:03","date_gmt":"2025-08-27T10:10:03","guid":{"rendered":"https:\/\/roveyayinevi.com.tr\/index.php\/urun\/bu-ulke\/"},"modified":"2026-04-16T01:58:47","modified_gmt":"2026-04-15T22:58:47","slug":"bu-ulke","status":"publish","type":"product","link":"https:\/\/roveyayinevi.com.tr\/index.php\/urun\/bu-ulke\/","title":{"rendered":"Bu \u00dclke"},"content":{"rendered":"<p>Bu \u00dclke, Cemil Meri\u00e7\u2019in \u201cayn\u0131 kaynaktan f\u0131\u015fk\u0131rd\u0131lar\u201d dedi\u011fi eserler dizisinin \u00f6nemli bir halkas\u0131. Bir \u00e7a\u011f\u0131n, bir \u00fclkenin vicdan\u0131 olmak iste\u011fi Meri\u00e7\u2019in b\u00fct\u00fcn \u00e7abas\u0131na her zaman y\u00f6n vermi\u015ftir: \u201cBu sayfalarda hayat\u0131m\u0131n b\u00fct\u00fcn\u00fc, yani b\u00fct\u00fcn sevgilerim, b\u00fct\u00fcn kinlerim, b\u00fct\u00fcn tecr\u00fcbelerim var. Bana \u00f6yle geliyor ki, hayat denen m\u00fclakata bu kitab\u0131 yazmak i\u00e7in geldim; etimin eti, kemi\u011fimin kemi\u011fi.\u201d Bu \u00dclke, Meri\u00e7\u2019in s\u00fcrekli etraf\u0131nda doland\u0131\u011f\u0131 Do\u011fu-Bat\u0131 sorunu yan\u0131nda, sol-sa\u011f kutupla\u015fmas\u0131na ve kal\u0131pla\u015fmas\u0131na ili\u015fkin \u00f6nemli tesbit ve aforizmalar\u0131n\u0131 da i\u00e7eriyor.<\/p>\n","protected":false},"excerpt":{"rendered":"<p>Bu \u00dclke, Cemil Meri\u00e7\u2019in \u201cayn\u0131 kaynaktan f\u0131\u015fk\u0131rd\u0131lar\u201d dedi\u011fi eserler dizisinin \u00f6nemli bir halkas\u0131. Bir \u00e7a\u011f\u0131n, bir \u00fclkenin vicdan\u0131 olmak iste\u011fi Meri\u00e7\u2019in b\u00fct\u00fcn \u00e7abas\u0131na her zaman y\u00f6n<span class=\"excerpt-hellip\"> [\u2026]<\/span><\/p>\n","protected":false},"featured_media":0,"template":"","meta":{"_monsterinsights_skip_tracking":false,"_monsterinsights_sitenote_active":false,"_monsterinsights_sitenote_note":"","_monsterinsights_sitenote_category":0},"product_brand":[],"product_cat":[13633,12324],"product_tag":[],"class_list":{"0":"post-689213","1":"product","2":"type-product","3":"status-publish","5":"product_cat-kultur-ve-bilim","6":"product_cat-sosyoloji","7":"pa_cilt-ciltsiz","8":"pa_tur-kitap","9":"pa_yayinevi-iletisim-yayinlari","10":"pa_yazar-cemil-meric","12":"first","13":"instock","14":"sale","15":"shipping-taxable","16":"purchasable","17":"product-type-simple"},"_links":{"self":[{"href":"https:\/\/roveyayinevi.com.tr\/index.php\/wp-json\/wp\/v2\/product\/689213","targetHints":{"allow":["GET"]}}],"collection":[{"href":"https:\/\/roveyayinevi.com.tr\/index.php\/wp-json\/wp\/v2\/product"}],"about":[{"href":"https:\/\/roveyayinevi.com.tr\/index.php\/wp-json\/wp\/v2\/types\/product"}],"wp:attachment":[{"href":"https:\/\/roveyayinevi.com.tr\/index.php\/wp-json\/wp\/v2\/media?parent=689213"}],"wp:term":[{"taxonomy":"product_brand","embeddable":true,"href":"https:\/\/roveyayinevi.com.tr\/index.php\/wp-json\/wp\/v2\/product_brand?post=689213"},{"taxonomy":"product_cat","embeddable":true,"href":"https:\/\/roveyayinevi.com.tr\/index.php\/wp-json\/wp\/v2\/product_cat?post=689213"},{"taxonomy":"product_tag","embeddable":true,"href":"https:\/\/roveyayinevi.com.tr\/index.php\/wp-json\/wp\/v2\/product_tag?post=689213"}],"curies":[{"name":"wp","href":"https:\/\/api.w.org\/{rel}","templated":true}]}}