{"id":689211,"date":"2025-08-27T13:10:03","date_gmt":"2025-08-27T10:10:03","guid":{"rendered":"https:\/\/roveyayinevi.com.tr\/index.php\/urun\/ekonominin-kuresellesmesi-la-mondialisation-de-leconomie\/"},"modified":"2026-04-16T01:58:47","modified_gmt":"2026-04-15T22:58:47","slug":"ekonominin-kuresellesmesi-la-mondialisation-de-leconomie","status":"publish","type":"product","link":"https:\/\/roveyayinevi.com.tr\/index.php\/urun\/ekonominin-kuresellesmesi-la-mondialisation-de-leconomie\/","title":{"rendered":"Ekonominin K\u00fcreselle\u015fmesi (La mondialisation de l&#8217;economie)"},"content":{"rendered":"<p>K\u00fcresel ekonomi belki son y\u0131llarda ortaya \u00e7\u0131km\u0131\u015f bir kavram, ama ekonominin k\u00fcreselle\u015fmesi hi\u00e7 de yeni de\u011fil. D\u00fcnyan\u0131n toprak alt\u0131 ve toprak \u00fcst\u00fc kaynaklar\u0131 hem farkl\u0131 farkl\u0131 olduklar\u0131, hem de her yerde bulunmad\u0131klar\u0131 i\u00e7in eski tarihlerden itibaren ticaret yoluyla gezegen etraf\u0131nda dola\u015fmaya ba\u015flad\u0131lar. Bu dola\u015f\u0131m d\u00f6ng\u00fcs\u00fc kimi uluslar\u0131n lehine olurken bir\u00e7o\u011funun da aleyhine ger\u00e7ekle\u015fti. Zengin olanlar daha da zenginle\u015firken fakirler ellerindekini de kaybetti. D\u00fcnya ekonomisini y\u00f6nettiklerini s\u00f6yleyebilece\u011fimiz uluslar daha fakir uluslar\u0131n hem do\u011fal kaynaklar\u0131ndan hem de ucuz i\u015fg\u00fcc\u00fcnden faydaland\u0131lar ve buralara sahip olduklar\u0131 ya\u015fam ve t\u00fcketim al\u0131\u015fkanl\u0131klar\u0131n\u0131 yerle\u015ftirerek kendilerine yeni pazarlar yaratt\u0131lar. D\u00fcnya ekonomisinin merkez b\u00f6lgeleri diye bilinen Amerika Birle\u015fik Devletleri, Avrupa Birli\u011fi ve Japonya\u2019ya art\u0131k  Yeni Sanayile\u015fen Asya \u00dclkeleri  de kat\u0131l\u0131yor. Bunlar d\u0131\u015f\u0131ndaki \u00fclkeler, d\u00fcnya ekonomisinin yar\u0131 periferik ve periferik b\u00f6lgelerini olu\u015fturuyorlar hala. Bu kitap ekonominin k\u00fcreselle\u015fmesinin yan\u0131 s\u0131ra, d\u00fcnyan\u0131n her k\u00f6\u015fesinin, \u00f6zellikle \u00fc\u00e7\u00fcnc\u00fc d\u00fcnyan\u0131n, d\u0131\u015fa a\u00e7\u0131lmaya ba\u015flayarak merkez uluslar y\u00f6netimindeki k\u00fcresel ekonomiye entegre olma s\u00fcre\u00e7lerini ve bundan hem ekonomik hem de toplumsal a\u00e7\u0131dan ne \u015fekilde etkilendiklerini tarihsel boyutuyla inceliyor. <\/p>\n","protected":false},"excerpt":{"rendered":"<p>K\u00fcresel ekonomi belki son y\u0131llarda ortaya \u00e7\u0131km\u0131\u015f bir kavram, ama ekonominin k\u00fcreselle\u015fmesi hi\u00e7 de yeni de\u011fil. D\u00fcnyan\u0131n toprak alt\u0131 ve toprak \u00fcst\u00fc kaynaklar\u0131 hem farkl\u0131 farkl\u0131<span class=\"excerpt-hellip\"> [\u2026]<\/span><\/p>\n","protected":false},"featured_media":0,"template":"","meta":{"_monsterinsights_skip_tracking":false,"_monsterinsights_sitenote_active":false,"_monsterinsights_sitenote_note":"","_monsterinsights_sitenote_category":0},"product_brand":[],"product_cat":[13596,12337],"product_tag":[],"class_list":{"0":"post-689211","1":"product","2":"type-product","3":"status-publish","5":"product_cat-avrupa-birligi","6":"product_cat-politika-siyaset","7":"pa_cilt-ciltsiz","8":"pa_tur-kitap","9":"pa_yayinevi-iletisim-yayinlari","10":"pa_yazar-jacques-adda","12":"first","13":"instock","14":"sale","15":"shipping-taxable","16":"purchasable","17":"product-type-simple"},"_links":{"self":[{"href":"https:\/\/roveyayinevi.com.tr\/index.php\/wp-json\/wp\/v2\/product\/689211","targetHints":{"allow":["GET"]}}],"collection":[{"href":"https:\/\/roveyayinevi.com.tr\/index.php\/wp-json\/wp\/v2\/product"}],"about":[{"href":"https:\/\/roveyayinevi.com.tr\/index.php\/wp-json\/wp\/v2\/types\/product"}],"wp:attachment":[{"href":"https:\/\/roveyayinevi.com.tr\/index.php\/wp-json\/wp\/v2\/media?parent=689211"}],"wp:term":[{"taxonomy":"product_brand","embeddable":true,"href":"https:\/\/roveyayinevi.com.tr\/index.php\/wp-json\/wp\/v2\/product_brand?post=689211"},{"taxonomy":"product_cat","embeddable":true,"href":"https:\/\/roveyayinevi.com.tr\/index.php\/wp-json\/wp\/v2\/product_cat?post=689211"},{"taxonomy":"product_tag","embeddable":true,"href":"https:\/\/roveyayinevi.com.tr\/index.php\/wp-json\/wp\/v2\/product_tag?post=689211"}],"curies":[{"name":"wp","href":"https:\/\/api.w.org\/{rel}","templated":true}]}}