{"id":689210,"date":"2025-08-27T13:10:03","date_gmt":"2025-08-27T10:10:03","guid":{"rendered":"https:\/\/roveyayinevi.com.tr\/index.php\/urun\/edebiyat-uzerine-makaleler-roportajlar\/"},"modified":"2026-02-03T02:00:17","modified_gmt":"2026-02-02T23:00:17","slug":"edebiyat-uzerine-makaleler-roportajlar","status":"publish","type":"product","link":"https:\/\/roveyayinevi.com.tr\/index.php\/urun\/edebiyat-uzerine-makaleler-roportajlar\/","title":{"rendered":"Edebiyat \u00dczerine: Makaleler \/ R\u00f6portajlar"},"content":{"rendered":"<p>T\u00fcrk edebiyat\u0131n\u0131n en \u00f6nemli ele\u015ftirmenlerinden biri; belki de birincisidir Berna Moran. Edebiyat alg\u0131m\u0131zda y\u00f6n g\u00f6sterici bir rol oynayan yaz\u0131lar\u0131yla, zengin fikr\u00ee altyap\u0131s\u0131yla, tart\u0131\u015fan ve tart\u0131\u015fmay\u0131 a\u00e7an metinleriyle bir ufuk \u00e7izgisidir. Elinizdeki bu kitap onun eserlerine girmeyen, kimi dergi ve gazetelerde yay\u0131mlanm\u0131\u015f makale ve r\u00f6portajlar\u0131ndan olu\u015fmaktad\u0131r. Moran, bu yaz\u0131larda yine ayn\u0131 yetkinlikle edebiyat sorunlar\u0131n\u0131 ele al\u0131r. Bazen \u0130ngiliz edebiyat\u0131na d\u00fc\u015fer yolu, bazen T\u00fcrk edebiyat\u0131n\u0131n rotas\u0131na odaklan\u0131r, bazen de kendi kitaplar\u0131 vesilesiyle ele\u015ftiri kavram\u0131n\u0131n kendisini ele\u015ftirel bir okumaya t\u00e2bi tutar. \u0130leti\u015fim Yay\u0131nlar\u0131, bu kitapla T\u00fcrkiye\u2019de edeb\u00ee ele\u015ftirinin \u00f6nc\u00fclerinden Berna Moran\u2019\u0131n  b\u00fct\u00fcn eserleri ni tamaml\u0131yor. <\/p>\n","protected":false},"excerpt":{"rendered":"<p>T\u00fcrk edebiyat\u0131n\u0131n en \u00f6nemli ele\u015ftirmenlerinden biri; belki de birincisidir Berna Moran. Edebiyat alg\u0131m\u0131zda y\u00f6n g\u00f6sterici bir rol oynayan yaz\u0131lar\u0131yla, zengin fikr\u00ee altyap\u0131s\u0131yla, tart\u0131\u015fan ve tart\u0131\u015fmay\u0131 a\u00e7an<span class=\"excerpt-hellip\"> [\u2026]<\/span><\/p>\n","protected":false},"featured_media":0,"template":"","meta":{"_monsterinsights_skip_tracking":false,"_monsterinsights_sitenote_active":false,"_monsterinsights_sitenote_note":"","_monsterinsights_sitenote_category":0},"product_brand":[],"product_cat":[14060,12291],"product_tag":[],"class_list":{"0":"post-689210","1":"product","2":"type-product","3":"status-publish","5":"product_cat-antoloji","6":"product_cat-edebiyat","7":"pa_cilt-ciltsiz","8":"pa_tur-kitap","9":"pa_yayinevi-iletisim-yayinlari","10":"pa_yazar-berna-moran","12":"first","13":"instock","14":"sale","15":"shipping-taxable","16":"purchasable","17":"product-type-simple"},"_links":{"self":[{"href":"https:\/\/roveyayinevi.com.tr\/index.php\/wp-json\/wp\/v2\/product\/689210","targetHints":{"allow":["GET"]}}],"collection":[{"href":"https:\/\/roveyayinevi.com.tr\/index.php\/wp-json\/wp\/v2\/product"}],"about":[{"href":"https:\/\/roveyayinevi.com.tr\/index.php\/wp-json\/wp\/v2\/types\/product"}],"wp:attachment":[{"href":"https:\/\/roveyayinevi.com.tr\/index.php\/wp-json\/wp\/v2\/media?parent=689210"}],"wp:term":[{"taxonomy":"product_brand","embeddable":true,"href":"https:\/\/roveyayinevi.com.tr\/index.php\/wp-json\/wp\/v2\/product_brand?post=689210"},{"taxonomy":"product_cat","embeddable":true,"href":"https:\/\/roveyayinevi.com.tr\/index.php\/wp-json\/wp\/v2\/product_cat?post=689210"},{"taxonomy":"product_tag","embeddable":true,"href":"https:\/\/roveyayinevi.com.tr\/index.php\/wp-json\/wp\/v2\/product_tag?post=689210"}],"curies":[{"name":"wp","href":"https:\/\/api.w.org\/{rel}","templated":true}]}}