{"id":689209,"date":"2025-08-27T13:10:03","date_gmt":"2025-08-27T10:10:03","guid":{"rendered":"https:\/\/roveyayinevi.com.tr\/index.php\/urun\/memalik-i-sahaneden-vatana\/"},"modified":"2026-04-16T01:58:47","modified_gmt":"2026-04-15T22:58:47","slug":"memalik-i-sahaneden-vatana","status":"publish","type":"product","link":"https:\/\/roveyayinevi.com.tr\/index.php\/urun\/memalik-i-sahaneden-vatana\/","title":{"rendered":"Memalik-i \u015eahane&#8217;den Vatan&#8217;a"},"content":{"rendered":"<p>Toprak, mek\u00e2n, co\u011frafya nas\u0131l  vatan  olur ve kutsalla\u015f\u0131r? Sezgi Durgun, modern ulus-devlet in\u015fa s\u00fcrecinin \u00f6nemli bir bile\u015feni olan vatan in\u015fas\u0131 deneyimini T\u00fcrkiye \u00f6rne\u011finde inceliyor. Osmanl\u0131 \u0130mparatorlu\u011fu\u2019ndan T\u00fcrkiye Cumhuriyeti\u2019ne giden s\u00fcre\u00e7te, vatan kavram\u0131n\u0131n nas\u0131l olu\u015ftu\u011funu, vatan\u0131n harita \u00fczerinde ve muhayyilelerde nas\u0131l \u015fekillendi\u011fini ele al\u0131yor. Modern ulus\u00e7u vatan kavram\u0131n\u0131n, imparatorlu\u011fun vatan kavray\u0131\u015f\u0131ndan (Memalik-i \u015eahane) ald\u0131\u011f\u0131 miras\u0131n etkilerini sorgulayan Sezgi Durgun, buradaki devaml\u0131l\u0131\u011f\u0131 \u2018devlet-merkezlilik\u2019te g\u00f6r\u00fcyor. Misak-\u0131 Milli karar\u0131 etraf\u0131nda ve Milli M\u00fccadele d\u00f6neminde, vatan\u0131n \u2018neresi\u2019 oldu\u011fu\/olaca\u011f\u0131 ile ilgili m\u00fcphemlikleri hat\u0131r\u0131m\u0131za getiriyor. Cumhuriyet\u2019in kurulu\u015f s\u00fcrecindeki farkl\u0131 milliyet\u00e7ilik anlay\u0131\u015flar\u0131n\u0131n geli\u015ftirdi\u011fi vatan tahayy\u00fcllerini g\u00f6steriyor. Tabii esas olarak, resm\u00ee milliyet\u00e7ili\u011fin etno-k\u00fclt\u00fcrel anlay\u0131\u015f\u0131n\u0131n ve asimilasyon politikas\u0131n\u0131n, vatanla ilgili tasar\u0131m ve hayalleri nas\u0131l bi\u00e7imlendirdi\u011fini ortaya koyarken, bu tasar\u0131m ve hayallerin tezah\u00fcrleri aras\u0131nda, erken Cumhuriyet d\u00f6neminin co\u011frafya ders kitaplar\u0131na odaklan\u0131yor. Sezgi Durgun, bir atlas gibi ayr\u0131nt\u0131l\u0131 \u00e7al\u0131\u015fmas\u0131nda, bu gecikmi\u015f ve devlet-merkezli vatan kavram\u0131 ba\u011flam\u0131nda, co\u011frafyayla ilgili duyarl\u0131l\u0131\u011f\u0131n eksikli\u011fini d\u00fc\u015f\u00fcnmeye sevk ediyor okuru. Bu \u00fclkede mek\u00e2n\u0131n  daha \u00e7ok silinerek yap\u0131land\u0131r\u0131ld\u0131\u011f\u0131na  dikkat \u00e7ekerek&#8230; <\/p>\n","protected":false},"excerpt":{"rendered":"<p>Toprak, mek\u00e2n, co\u011frafya nas\u0131l vatan olur ve kutsalla\u015f\u0131r? Sezgi Durgun, modern ulus-devlet in\u015fa s\u00fcrecinin \u00f6nemli bir bile\u015feni olan vatan in\u015fas\u0131 deneyimini T\u00fcrkiye \u00f6rne\u011finde inceliyor. Osmanl\u0131 \u0130mparatorlu\u011fu\u2019ndan<span class=\"excerpt-hellip\"> [\u2026]<\/span><\/p>\n","protected":false},"featured_media":0,"template":"","meta":{"_monsterinsights_skip_tracking":false,"_monsterinsights_sitenote_active":false,"_monsterinsights_sitenote_note":"","_monsterinsights_sitenote_category":0},"product_brand":[],"product_cat":[13656,12337],"product_tag":[],"class_list":{"0":"post-689209","1":"product","2":"type-product","3":"status-publish","5":"product_cat-azinliklar-etnik-sorunlar","6":"product_cat-politika-siyaset","7":"pa_cilt-ciltsiz","8":"pa_tur-kitap","9":"pa_yayinevi-iletisim-yayinlari","10":"pa_yazar-sezgi-durgun","12":"first","13":"instock","14":"sale","15":"shipping-taxable","16":"purchasable","17":"product-type-simple"},"_links":{"self":[{"href":"https:\/\/roveyayinevi.com.tr\/index.php\/wp-json\/wp\/v2\/product\/689209","targetHints":{"allow":["GET"]}}],"collection":[{"href":"https:\/\/roveyayinevi.com.tr\/index.php\/wp-json\/wp\/v2\/product"}],"about":[{"href":"https:\/\/roveyayinevi.com.tr\/index.php\/wp-json\/wp\/v2\/types\/product"}],"wp:attachment":[{"href":"https:\/\/roveyayinevi.com.tr\/index.php\/wp-json\/wp\/v2\/media?parent=689209"}],"wp:term":[{"taxonomy":"product_brand","embeddable":true,"href":"https:\/\/roveyayinevi.com.tr\/index.php\/wp-json\/wp\/v2\/product_brand?post=689209"},{"taxonomy":"product_cat","embeddable":true,"href":"https:\/\/roveyayinevi.com.tr\/index.php\/wp-json\/wp\/v2\/product_cat?post=689209"},{"taxonomy":"product_tag","embeddable":true,"href":"https:\/\/roveyayinevi.com.tr\/index.php\/wp-json\/wp\/v2\/product_tag?post=689209"}],"curies":[{"name":"wp","href":"https:\/\/api.w.org\/{rel}","templated":true}]}}