{"id":689208,"date":"2025-08-27T13:10:02","date_gmt":"2025-08-27T10:10:02","guid":{"rendered":"https:\/\/roveyayinevi.com.tr\/index.php\/urun\/mekan-kultur-iktidar-kuresellesen-kentlerde-yeni-kimlikler\/"},"modified":"2026-04-16T01:58:46","modified_gmt":"2026-04-15T22:58:46","slug":"mekan-kultur-iktidar-kuresellesen-kentlerde-yeni-kimlikler","status":"publish","type":"product","link":"https:\/\/roveyayinevi.com.tr\/index.php\/urun\/mekan-kultur-iktidar-kuresellesen-kentlerde-yeni-kimlikler\/","title":{"rendered":"Mekan, K\u00fclt\u00fcr, \u0130ktidar: K\u00fcreselle\u015fen Kentlerde Yeni Kimlikler"},"content":{"rendered":"<p>G\u00fcn\u00fcm\u00fczde b\u00fcy\u00fck metropoller, k\u00fcresel\/yerel eksende yeniden \u015fekillenen iktidar ili\u015fkilerinin ana halkas\u0131n\u0131 olu\u015fturuyor. K\u00fcreselle\u015fme diye adland\u0131r\u0131lan \u00e7apra\u015f\u0131k ve \u00e7ok y\u00f6nl\u00fc iktidar ili\u015fkileri a\u011f\u0131 b\u00fcy\u00fck metropollerde d\u00fc\u011f\u00fcmleniyor, kendini yeniden \u00fcretiyor, derinle\u015fip yay\u0131l\u0131yor. Elinizdeki kitapta yer alan \u00e7al\u0131\u015fmalar, k\u00fcreselle\u015fmenin \u00f6teki y\u00fcz\u00fcn\u00fc, a\u015fa\u011f\u0131dan, yerelin merce\u011finden g\u00f6r\u00fcnenleri aktar\u0131yor. \u00c7e\u015fitli \u00fclkelerden yazarlar makalelerinde, yerelin \u00f6nemsiz ve ara\u015ft\u0131rmaya de\u011fmez anlam\u0131na gelmedi\u011finden hareket ederek, Hollanda ve eski Do\u011fu Almanya \u015fehirleri ile Beyrut, Kahire, Manila, Singapur, \u0130stanbul gibi birbirinden \u00e7ok farkl\u0131 metropolleri inceliyor. B\u00f6ylece Mek\u00e2n, K\u00fclt\u00fcr, \u0130ktidar, derinlikli kuramsal ve ampirik analizlerle k\u00fcreselle\u015fmenin \u00e7eli\u015fki ve sanc\u0131lar\u0131n\u0131 ortaya koyuyor, zengin bir mukayese zemini sa\u011fl\u0131yor. <\/p>\n","protected":false},"excerpt":{"rendered":"<p>G\u00fcn\u00fcm\u00fczde b\u00fcy\u00fck metropoller, k\u00fcresel\/yerel eksende yeniden \u015fekillenen iktidar ili\u015fkilerinin ana halkas\u0131n\u0131 olu\u015fturuyor. K\u00fcreselle\u015fme diye adland\u0131r\u0131lan \u00e7apra\u015f\u0131k ve \u00e7ok y\u00f6nl\u00fc iktidar ili\u015fkileri a\u011f\u0131 b\u00fcy\u00fck metropollerde d\u00fc\u011f\u00fcmleniyor, kendini<span class=\"excerpt-hellip\"> [\u2026]<\/span><\/p>\n","protected":false},"featured_media":0,"template":"","meta":{"_monsterinsights_skip_tracking":false,"_monsterinsights_sitenote_active":false,"_monsterinsights_sitenote_note":"","_monsterinsights_sitenote_category":0},"product_brand":[],"product_cat":[12573,12566],"product_tag":[],"class_list":{"0":"post-689208","1":"product","2":"type-product","3":"status-publish","5":"product_cat-akademik-kitaplar","6":"product_cat-egitim","7":"pa_cilt-ciltsiz","8":"pa_tur-kitap","9":"pa_yayinevi-iletisim-yayinlari","10":"pa_yazar-ayse-oncu","11":"pa_yazar-petra-weyland-der","13":"first","14":"instock","15":"sale","16":"shipping-taxable","17":"purchasable","18":"product-type-simple"},"_links":{"self":[{"href":"https:\/\/roveyayinevi.com.tr\/index.php\/wp-json\/wp\/v2\/product\/689208","targetHints":{"allow":["GET"]}}],"collection":[{"href":"https:\/\/roveyayinevi.com.tr\/index.php\/wp-json\/wp\/v2\/product"}],"about":[{"href":"https:\/\/roveyayinevi.com.tr\/index.php\/wp-json\/wp\/v2\/types\/product"}],"wp:attachment":[{"href":"https:\/\/roveyayinevi.com.tr\/index.php\/wp-json\/wp\/v2\/media?parent=689208"}],"wp:term":[{"taxonomy":"product_brand","embeddable":true,"href":"https:\/\/roveyayinevi.com.tr\/index.php\/wp-json\/wp\/v2\/product_brand?post=689208"},{"taxonomy":"product_cat","embeddable":true,"href":"https:\/\/roveyayinevi.com.tr\/index.php\/wp-json\/wp\/v2\/product_cat?post=689208"},{"taxonomy":"product_tag","embeddable":true,"href":"https:\/\/roveyayinevi.com.tr\/index.php\/wp-json\/wp\/v2\/product_tag?post=689208"}],"curies":[{"name":"wp","href":"https:\/\/api.w.org\/{rel}","templated":true}]}}