{"id":689206,"date":"2025-08-27T13:10:02","date_gmt":"2025-08-27T10:10:02","guid":{"rendered":"https:\/\/roveyayinevi.com.tr\/index.php\/urun\/martin-chuzzlewit\/"},"modified":"2026-02-03T02:00:17","modified_gmt":"2026-02-02T23:00:17","slug":"martin-chuzzlewit","status":"publish","type":"product","link":"https:\/\/roveyayinevi.com.tr\/index.php\/urun\/martin-chuzzlewit\/","title":{"rendered":"Martin Chuzzlewit"},"content":{"rendered":"<p>D\u00fcnya edebiyat\u0131n\u0131n dev yazar\u0131 Charles Dickens, Martin Chuzzlewit\u2019te h\u0131rs ve ikiy\u00fczl\u00fcl\u00fck gibi insanl\u0131k hallerine keskin bir mizah duygusuyla \u0131\u015f\u0131k tutuyor. Dedesi ve ada\u015f\u0131 Martin Chuzzlewit\u2019in so\u011fuk ve \u015f\u00fcpheci tav\u0131rlar\u0131ndan bunalan Martin Chuzzlewit, \u0130ngiltere\u2019den ayr\u0131l\u0131p \u015fans\u0131n\u0131 ABD\u2019de denemeye karar verir. ABD\u2019deki ac\u0131 tatl\u0131 deneyimleri sonras\u0131nda yeni bir karaktere d\u00f6n\u00fc\u015fen Martin, \u00e7evresindeki insanlara bamba\u015fka bir a\u00e7\u0131dan bakmaya ba\u015flar. Martin\u2019in yan\u0131 s\u0131ra Pecksniff, Mary Graham, Tom Pinch, Jonas Chuzzlewit gibi unutulmaz karakterler i\u00e7eren Martin Chuzzlewit\u2019te Charles Dickens \u00e7a\u011fda\u015f insan ili\u015fkilerinin gerilimini, ikiy\u00fczl\u00fcl\u00fc\u011f\u00fcn\u00fc, menfaatperestli\u011fini hem i\u00e7inde bulundu\u011fu toplumla hem de kendiyle alay edebilen k\u00fclyutmaz bir romanc\u0131n\u0131n g\u00f6z\u00fcnden anlat\u0131r. \u201c\u0130nsanlar ne\u015felenmek istediklerinde ve tutkunun ac\u0131nas\u0131 \u00e7eki\u015fmelerinden yorularak en silik \u015feylerde bile \u015fiirin gizemli m\u00fczi\u011fini arad\u0131klar\u0131nda, Dickens hep unutuldu\u011fu yerden \u00e7\u0131k\u0131p gelecektir.\u201d STEFAN ZWEIG <\/p>\n","protected":false},"excerpt":{"rendered":"<p>D\u00fcnya edebiyat\u0131n\u0131n dev yazar\u0131 Charles Dickens, Martin Chuzzlewit\u2019te h\u0131rs ve ikiy\u00fczl\u00fcl\u00fck gibi insanl\u0131k hallerine keskin bir mizah duygusuyla \u0131\u015f\u0131k tutuyor. Dedesi ve ada\u015f\u0131 Martin Chuzzlewit\u2019in so\u011fuk<span class=\"excerpt-hellip\"> [\u2026]<\/span><\/p>\n","protected":false},"featured_media":0,"template":"","meta":{"_monsterinsights_skip_tracking":false,"_monsterinsights_sitenote_active":false,"_monsterinsights_sitenote_note":"","_monsterinsights_sitenote_category":0},"product_brand":[],"product_cat":[12291,12866],"product_tag":[],"class_list":{"0":"post-689206","1":"product","2":"type-product","3":"status-publish","5":"product_cat-edebiyat","6":"product_cat-ingiliz-edebiyati","7":"pa_cilt-ciltsiz","8":"pa_tur-kitap","9":"pa_yayinevi-iletisim-yayinlari","10":"pa_yazar-charles-dickens","12":"first","13":"instock","14":"sale","15":"shipping-taxable","16":"purchasable","17":"product-type-simple"},"_links":{"self":[{"href":"https:\/\/roveyayinevi.com.tr\/index.php\/wp-json\/wp\/v2\/product\/689206","targetHints":{"allow":["GET"]}}],"collection":[{"href":"https:\/\/roveyayinevi.com.tr\/index.php\/wp-json\/wp\/v2\/product"}],"about":[{"href":"https:\/\/roveyayinevi.com.tr\/index.php\/wp-json\/wp\/v2\/types\/product"}],"wp:attachment":[{"href":"https:\/\/roveyayinevi.com.tr\/index.php\/wp-json\/wp\/v2\/media?parent=689206"}],"wp:term":[{"taxonomy":"product_brand","embeddable":true,"href":"https:\/\/roveyayinevi.com.tr\/index.php\/wp-json\/wp\/v2\/product_brand?post=689206"},{"taxonomy":"product_cat","embeddable":true,"href":"https:\/\/roveyayinevi.com.tr\/index.php\/wp-json\/wp\/v2\/product_cat?post=689206"},{"taxonomy":"product_tag","embeddable":true,"href":"https:\/\/roveyayinevi.com.tr\/index.php\/wp-json\/wp\/v2\/product_tag?post=689206"}],"curies":[{"name":"wp","href":"https:\/\/api.w.org\/{rel}","templated":true}]}}