{"id":689202,"date":"2025-08-27T13:10:01","date_gmt":"2025-08-27T10:10:01","guid":{"rendered":"https:\/\/roveyayinevi.com.tr\/index.php\/urun\/kuresellesmenin-oteki-yuzu-yoksulluk-kavramlar-nedenler-politikalar-ve-temel-egilimler\/"},"modified":"2026-04-16T01:58:46","modified_gmt":"2026-04-15T22:58:46","slug":"kuresellesmenin-oteki-yuzu-yoksulluk-kavramlar-nedenler-politikalar-ve-temel-egilimler","status":"publish","type":"product","link":"https:\/\/roveyayinevi.com.tr\/index.php\/urun\/kuresellesmenin-oteki-yuzu-yoksulluk-kavramlar-nedenler-politikalar-ve-temel-egilimler\/","title":{"rendered":"K\u00fcreselle\u015fmenin \u00d6teki Y\u00fcz\u00fc Yoksulluk: Kavramlar, Nedenler, Politikalar ve Temel E\u011filimler"},"content":{"rendered":"<p>\u0130nsanl\u0131k, muazzam bir zenginlikle korkun\u00e7 bir yoksullu\u011fun ola\u011fan\u00fcst\u00fc kutupla\u015ft\u0131\u011f\u0131 bir zaman\u0131 ya\u015f\u0131yor. \u00c7arp\u0131c\u0131 a\u00e7l\u0131k ve d\u00fc\u015fk\u00fcnl\u00fck manzaralar\u0131na, sadece yoksullu\u011fun gitgide derinle\u015fti\u011fi ve kitleselle\u015fti\u011fi  azgeli\u015fmi\u015f  \u00fclkelerde de\u011fil, geli\u015fmi\u015f \u00fclkelerde de rastlan\u0131yor. Buna kar\u015f\u0131l\u0131k yoksulluk konusu, neoliberal k\u00fcreselle\u015fme s\u00f6yleminin bask\u0131s\u0131 alt\u0131nda, hayli uzun bir s\u00fcre kay\u0131ts\u0131zl\u0131kla kar\u015f\u0131land\u0131. Ancak son y\u0131llarda uluslararas\u0131 mali kurulu\u015flar\u0131n, hatta sermayenin ilgi alan\u0131na girmi\u015f bulunuyor. Yoksullu\u011fun tan\u0131mlanmas\u0131yla, \u00f6l\u00e7eklerinin ve somut bi\u00e7imlerinin \/ yap\u0131lar\u0131n\u0131n belirlenmesiyle, nedenlerinin saptanmas\u0131yla ve onunla m\u00fccadele yollar\u0131n\u0131n tarif edilmesiyle ilgili tart\u0131\u015fmalar, akademik ve politik a\u00e7\u0131dan \u00f6nemli bir m\u00fccadele d\u00fczlemini olu\u015fturuyor. Fikret \u015eenses\u2019in titiz incelemesi, yoksullu\u011fun tan\u0131mlar\u0131na, kavramlar\u0131na, \u00f6l\u00e7eklerine a\u00e7\u0131kl\u0131k getiriyor. Bunu, ge\u00e7erli tarifleri ve \u00f6l\u00e7ekleri sorgulayarak yap\u0131yor. Dolay\u0131s\u0131yla, yoksullu\u011fa yakla\u015f\u0131m bi\u00e7imlerinin ele\u015ftirisine de y\u00f6neliyor. Yoksulluk, tarihsel dinami\u011fi i\u00e7inde, mekansal bir \u00f6rne\u011fe odaklanmaks\u0131z\u0131n global bir olgu olarak ve  statik  iktisat anlay\u0131\u015f\u0131n\u0131n \u00f6tesine ge\u00e7erek ele al\u0131n\u0131yor kitapta. Varg\u0131s\u0131, karanl\u0131k ama ger\u00e7ek\u00e7i: Yoksulla\u015fma, yak\u0131n d\u00f6nemde \u00f6n\u00fcne ge\u00e7ilmesi olas\u0131 g\u00f6r\u00fcnmeyen kal\u0131c\u0131 bir e\u011filimdir ve a\u011f\u0131r bir d\u00fcnya ve insanl\u0131k sorununa i\u015faret etmektedir. Prof. \u015eenses\u2019in incelemesi, yoksullu\u011fun ekonomi-politik analizinde temel bir kaynak ve \u00f6zg\u00fcn bir katk\u0131d\u0131r. <\/p>\n","protected":false},"excerpt":{"rendered":"<p>\u0130nsanl\u0131k, muazzam bir zenginlikle korkun\u00e7 bir yoksullu\u011fun ola\u011fan\u00fcst\u00fc kutupla\u015ft\u0131\u011f\u0131 bir zaman\u0131 ya\u015f\u0131yor. \u00c7arp\u0131c\u0131 a\u00e7l\u0131k ve d\u00fc\u015fk\u00fcnl\u00fck manzaralar\u0131na, sadece yoksullu\u011fun gitgide derinle\u015fti\u011fi ve kitleselle\u015fti\u011fi azgeli\u015fmi\u015f \u00fclkelerde de\u011fil,<span class=\"excerpt-hellip\"> [\u2026]<\/span><\/p>\n","protected":false},"featured_media":0,"template":"","meta":{"_monsterinsights_skip_tracking":false,"_monsterinsights_sitenote_active":false,"_monsterinsights_sitenote_note":"","_monsterinsights_sitenote_category":0},"product_brand":[],"product_cat":[12312,12304],"product_tag":[],"class_list":{"0":"post-689202","1":"product","2":"type-product","3":"status-publish","5":"product_cat-diger","6":"product_cat-tarih","7":"pa_cilt-ciltsiz","8":"pa_tur-kitap","9":"pa_yayinevi-iletisim-yayinlari","10":"pa_yazar-fikret-senses","12":"first","13":"instock","14":"sale","15":"shipping-taxable","16":"purchasable","17":"product-type-simple"},"_links":{"self":[{"href":"https:\/\/roveyayinevi.com.tr\/index.php\/wp-json\/wp\/v2\/product\/689202","targetHints":{"allow":["GET"]}}],"collection":[{"href":"https:\/\/roveyayinevi.com.tr\/index.php\/wp-json\/wp\/v2\/product"}],"about":[{"href":"https:\/\/roveyayinevi.com.tr\/index.php\/wp-json\/wp\/v2\/types\/product"}],"wp:attachment":[{"href":"https:\/\/roveyayinevi.com.tr\/index.php\/wp-json\/wp\/v2\/media?parent=689202"}],"wp:term":[{"taxonomy":"product_brand","embeddable":true,"href":"https:\/\/roveyayinevi.com.tr\/index.php\/wp-json\/wp\/v2\/product_brand?post=689202"},{"taxonomy":"product_cat","embeddable":true,"href":"https:\/\/roveyayinevi.com.tr\/index.php\/wp-json\/wp\/v2\/product_cat?post=689202"},{"taxonomy":"product_tag","embeddable":true,"href":"https:\/\/roveyayinevi.com.tr\/index.php\/wp-json\/wp\/v2\/product_tag?post=689202"}],"curies":[{"name":"wp","href":"https:\/\/api.w.org\/{rel}","templated":true}]}}