{"id":689201,"date":"2025-08-27T13:10:01","date_gmt":"2025-08-27T10:10:01","guid":{"rendered":"https:\/\/roveyayinevi.com.tr\/index.php\/urun\/kuresellesme-surecinde-turkiye-ekonomisi-bolusum-birikim-ve-buyume\/"},"modified":"2026-04-16T01:58:46","modified_gmt":"2026-04-15T22:58:46","slug":"kuresellesme-surecinde-turkiye-ekonomisi-bolusum-birikim-ve-buyume","status":"publish","type":"product","link":"https:\/\/roveyayinevi.com.tr\/index.php\/urun\/kuresellesme-surecinde-turkiye-ekonomisi-bolusum-birikim-ve-buyume\/","title":{"rendered":"K\u00fcreselle\u015fme S\u00fcrecinde T\u00fcrkiye Ekonomisi: B\u00f6l\u00fc\u015f\u00fcm, Birikim ve B\u00fcy\u00fcme"},"content":{"rendered":"<p>T\u00fcrkiye ekonomisi son otuz y\u0131l boyunca s\u00fcrekli bir kriz s\u00fcreci i\u00e7inde ya\u015famakta ve 1990\u2019lardan itibaren   isitikrars\u0131zl\u0131k-kriz-b\u00fcy\u00fcme-istikrars\u0131zl\u0131k   sarmal\u0131nda bir k\u0131s\u0131r d\u00f6ng\u00fc i\u00e7ine itilmi\u015f g\u00f6r\u00fclmektedir. T\u00fcrk iktisat yaz\u0131n\u0131nda yap\u0131lan tart\u0131\u015fmalar krizin ana nedenini genellikle sadece bir   kamu maliyesi   sorunu olarak g\u00f6rmekte ve krizi do\u011frudan do\u011fruya kamu ekonomisinin   b\u00fcy\u00fckl\u00fc\u011f\u00fcne   ve   beceriksizli\u011fine   ba\u011flamaktad\u0131r. Ancak bu t\u00fcr a\u00e7\u0131klamalar krizin tarihsel geli\u015fimini T\u00fcrk sosyo-ekonomik ya\u015fam\u0131ndan tamamen soyutlayarak, sanki tek ba\u015f\u0131na, kendili\u011finden olu\u015fan bir s\u00fcre\u00e7 olarak de\u011ferlendirmekte; krizin ard\u0131nda yatan toplumsal b\u00f6l\u00fc\u015f\u00fcm ili\u015fkilerini, bu ili\u015fkilerin yaratt\u0131\u011f\u0131 sermaye birikimi ve s\u0131n\u0131fsal \u00e7at\u0131\u015fmalar\u0131 g\u00f6z ard\u0131 etmektedir. B\u00f6ylece kriz olgusu tarihsel ger\u00e7ekli\u011finden tamamen soyutlanmakta ve nihai g\u00f6stergelerin d\u00fcz yaz\u0131 ile anlat\u0131m\u0131ndan \u00f6teye gidememektedir. <\/p>\n","protected":false},"excerpt":{"rendered":"<p>T\u00fcrkiye ekonomisi son otuz y\u0131l boyunca s\u00fcrekli bir kriz s\u00fcreci i\u00e7inde ya\u015famakta ve 1990\u2019lardan itibaren isitikrars\u0131zl\u0131k-kriz-b\u00fcy\u00fcme-istikrars\u0131zl\u0131k sarmal\u0131nda bir k\u0131s\u0131r d\u00f6ng\u00fc i\u00e7ine itilmi\u015f g\u00f6r\u00fclmektedir. T\u00fcrk iktisat yaz\u0131n\u0131nda<span class=\"excerpt-hellip\"> [\u2026]<\/span><\/p>\n","protected":false},"featured_media":0,"template":"","meta":{"_monsterinsights_skip_tracking":false,"_monsterinsights_sitenote_active":false,"_monsterinsights_sitenote_note":"","_monsterinsights_sitenote_category":0},"product_brand":[],"product_cat":[12312,12304],"product_tag":[],"class_list":{"0":"post-689201","1":"product","2":"type-product","3":"status-publish","5":"product_cat-diger","6":"product_cat-tarih","7":"pa_cilt-ciltsiz","8":"pa_tur-kitap","9":"pa_yayinevi-iletisim-yayinlari","10":"pa_yazar-erinc-yeldan","12":"first","13":"instock","14":"sale","15":"shipping-taxable","16":"purchasable","17":"product-type-simple"},"_links":{"self":[{"href":"https:\/\/roveyayinevi.com.tr\/index.php\/wp-json\/wp\/v2\/product\/689201","targetHints":{"allow":["GET"]}}],"collection":[{"href":"https:\/\/roveyayinevi.com.tr\/index.php\/wp-json\/wp\/v2\/product"}],"about":[{"href":"https:\/\/roveyayinevi.com.tr\/index.php\/wp-json\/wp\/v2\/types\/product"}],"wp:attachment":[{"href":"https:\/\/roveyayinevi.com.tr\/index.php\/wp-json\/wp\/v2\/media?parent=689201"}],"wp:term":[{"taxonomy":"product_brand","embeddable":true,"href":"https:\/\/roveyayinevi.com.tr\/index.php\/wp-json\/wp\/v2\/product_brand?post=689201"},{"taxonomy":"product_cat","embeddable":true,"href":"https:\/\/roveyayinevi.com.tr\/index.php\/wp-json\/wp\/v2\/product_cat?post=689201"},{"taxonomy":"product_tag","embeddable":true,"href":"https:\/\/roveyayinevi.com.tr\/index.php\/wp-json\/wp\/v2\/product_tag?post=689201"}],"curies":[{"name":"wp","href":"https:\/\/api.w.org\/{rel}","templated":true}]}}