{"id":689199,"date":"2025-08-27T13:10:01","date_gmt":"2025-08-27T10:10:01","guid":{"rendered":"https:\/\/roveyayinevi.com.tr\/index.php\/urun\/din-ve-ideoloji\/"},"modified":"2026-02-03T02:00:17","modified_gmt":"2026-02-02T23:00:17","slug":"din-ve-ideoloji","status":"publish","type":"product","link":"https:\/\/roveyayinevi.com.tr\/index.php\/urun\/din-ve-ideoloji\/","title":{"rendered":"Din ve \u0130deoloji"},"content":{"rendered":"<p>\u015eerif Mardin bu \u00e7al\u0131\u015fmas\u0131nda T\u00fcrk toplumunda dinin rol\u00fcn\u00fc, farkl\u0131 ara\u015ft\u0131rma ve analiz y\u00f6ntemleriyle inceliyor. \u0130slamiyet\u2019in T\u00fcrkiye\u2019deki tarih\u00ee geli\u015fimi, sosyal yap\u0131ya etkileri, halk\u0131n d\u00fcnya g\u00f6r\u00fc\u015f\u00fcn\u00fc belirleme s\u00fcre\u00e7leri, kurumla\u015fmas\u0131, siyas\u00ee ve iktisad\u00ee davran\u0131\u015f bi\u00e7imleri ara\u015ft\u0131r\u0131l\u0131yor.<\/p>\n","protected":false},"excerpt":{"rendered":"<p>\u015eerif Mardin bu \u00e7al\u0131\u015fmas\u0131nda T\u00fcrk toplumunda dinin rol\u00fcn\u00fc, farkl\u0131 ara\u015ft\u0131rma ve analiz y\u00f6ntemleriyle inceliyor. \u0130slamiyet\u2019in T\u00fcrkiye\u2019deki tarih\u00ee geli\u015fimi, sosyal yap\u0131ya etkileri, halk\u0131n d\u00fcnya g\u00f6r\u00fc\u015f\u00fcn\u00fc belirleme s\u00fcre\u00e7leri,<span class=\"excerpt-hellip\"> [\u2026]<\/span><\/p>\n","protected":false},"featured_media":0,"template":"","meta":{"_monsterinsights_skip_tracking":false,"_monsterinsights_sitenote_active":false,"_monsterinsights_sitenote_note":"","_monsterinsights_sitenote_category":0},"product_brand":[],"product_cat":[13517,12304],"product_tag":[],"class_list":{"0":"post-689199","1":"product","2":"type-product","3":"status-publish","5":"product_cat-osmanli-tarihi","6":"product_cat-tarih","7":"pa_cilt-ciltsiz","8":"pa_tur-kitap","9":"pa_yayinevi-iletisim-yayinlari","10":"pa_yazar-serif-mardin","12":"first","13":"instock","14":"sale","15":"shipping-taxable","16":"purchasable","17":"product-type-simple"},"_links":{"self":[{"href":"https:\/\/roveyayinevi.com.tr\/index.php\/wp-json\/wp\/v2\/product\/689199","targetHints":{"allow":["GET"]}}],"collection":[{"href":"https:\/\/roveyayinevi.com.tr\/index.php\/wp-json\/wp\/v2\/product"}],"about":[{"href":"https:\/\/roveyayinevi.com.tr\/index.php\/wp-json\/wp\/v2\/types\/product"}],"wp:attachment":[{"href":"https:\/\/roveyayinevi.com.tr\/index.php\/wp-json\/wp\/v2\/media?parent=689199"}],"wp:term":[{"taxonomy":"product_brand","embeddable":true,"href":"https:\/\/roveyayinevi.com.tr\/index.php\/wp-json\/wp\/v2\/product_brand?post=689199"},{"taxonomy":"product_cat","embeddable":true,"href":"https:\/\/roveyayinevi.com.tr\/index.php\/wp-json\/wp\/v2\/product_cat?post=689199"},{"taxonomy":"product_tag","embeddable":true,"href":"https:\/\/roveyayinevi.com.tr\/index.php\/wp-json\/wp\/v2\/product_tag?post=689199"}],"curies":[{"name":"wp","href":"https:\/\/api.w.org\/{rel}","templated":true}]}}